{"id":847,"date":"2026-04-28T10:17:23","date_gmt":"2026-04-28T08:17:23","guid":{"rendered":"https:\/\/geko-pumpen.de\/?page_id=847"},"modified":"2026-04-28T10:17:50","modified_gmt":"2026-04-28T08:17:50","slug":"chemiepumpen-in-frankfurt-am-main","status":"publish","type":"page","link":"https:\/\/geko-pumpen.de\/en\/chemiepumpen-in-frankfurt-am-main\/","title":{"rendered":"\u00a0Chemiepumpen in Frankfurt am Main"},"content":{"rendered":"<div data-elementor-type=\"wp-page\" data-elementor-id=\"847\" class=\"elementor elementor-847\">\n\t\t\t\t\t\t<section class=\"elementor-section elementor-top-section elementor-element elementor-element-e5a4832 elementor-section-boxed elementor-section-height-default elementor-section-height-default\" data-id=\"e5a4832\" data-element_type=\"section\">\n\t\t\t\t\t\t<div class=\"elementor-container elementor-column-gap-default\">\n\t\t\t\t\t<div class=\"elementor-column elementor-col-100 elementor-top-column elementor-element elementor-element-02c8d54\" data-id=\"02c8d54\" data-element_type=\"column\">\n\t\t\t<div class=\"elementor-widget-wrap elementor-element-populated\">\n\t\t\t\t\t\t<div class=\"elementor-element elementor-element-881d3b8 elementor-widget elementor-widget-text-editor\" data-id=\"881d3b8\" data-element_type=\"widget\" data-widget_type=\"text-editor.default\">\n\t\t\t\t<div class=\"elementor-widget-container\">\n\t\t\t\t\t\t\t<div class=\"col\"><h1>Chemiepumpen in Frankfurt am Main<\/h1><\/div>\t\t\t\t\t\t<\/div>\n\t\t\t\t<\/div>\n\t\t\t\t\t<\/div>\n\t\t<\/div>\n\t\t\t\t\t<\/div>\n\t\t<\/section>\n\t\t\t\t<section class=\"elementor-section elementor-top-section elementor-element elementor-element-d6b6395 elementor-section-boxed elementor-section-height-default elementor-section-height-default elementor-invisible\" data-id=\"d6b6395\" data-element_type=\"section\" data-settings=\"{&quot;animation&quot;:&quot;fadeInUp&quot;,&quot;animation_delay&quot;:150}\">\n\t\t\t\t\t\t<div class=\"elementor-container elementor-column-gap-default\">\n\t\t\t\t\t<div class=\"elementor-column elementor-col-100 elementor-top-column elementor-element elementor-element-bd12c14\" data-id=\"bd12c14\" data-element_type=\"column\">\n\t\t\t<div class=\"elementor-widget-wrap elementor-element-populated\">\n\t\t\t\t\t\t<div class=\"elementor-element elementor-element-dcd281a elementor-widget elementor-widget-text-editor\" data-id=\"dcd281a\" data-element_type=\"widget\" data-widget_type=\"text-editor.default\">\n\t\t\t\t<div class=\"elementor-widget-container\">\n\t\t\t\t\t\t\t<div class=\"col large-6\"><div id=\"text_highlighted\"><div id=\"text_highlighted\"><p>Chemiepumpen Frankfurt am Main \u2013 Zuverl\u00e4ssige F\u00f6rdertechnik f\u00fcr anspruchsvolle Anwendungen<\/p><p>Chemiepumpen sind unverzichtbare Komponenten in vielen industriellen Prozessen, insbesondere wenn es um das F\u00f6rdern von aggressiven, \u00e4tzenden oder hochviskosen Fl\u00fcssigkeiten geht. In Frankfurt am Main bieten spezialisierte Anbieter und Hersteller hochwertige Chemiepumpen, die den hohen Anforderungen der Chemie-, Pharma- und Lebensmittelindustrie gerecht werden.<\/p><p>Die Auswahl der richtigen Chemiepumpe in Frankfurt am Main ist entscheidend f\u00fcr die Effizienz und Sicherheit Ihrer Anlagen. Chemiepumpen zeichnen sich durch ihre robuste Bauweise und korrosionsbest\u00e4ndige Materialien wie Edelstahl, Hastelloy oder spezielle Kunststoffe aus. So gew\u00e4hrleisten sie eine sichere F\u00f6rderung auch bei aggressiven Medien und extremen Betriebsbedingungen.<\/p><p>In Frankfurt am Main profitieren Kunden von einem breiten Sortiment an Chemiepumpen, darunter Magnetantriebspumpen, Kreiselpumpen, Membranpumpen und Dosierpumpen. Diese Pumpentypen sind speziell auf unterschiedliche Anforderungen abgestimmt und bieten L\u00f6sungen f\u00fcr pr\u00e4zise Dosierung, hohe F\u00f6rdermengen oder druckbest\u00e4ndige Anwendungen.<\/p><p>Neben dem Verkauf bieten viele Unternehmen in Frankfurt am Main auch umfassenden Service rund um Chemiepumpen an. Dazu geh\u00f6ren Beratung bei der Auswahl, Installation, Wartung und Reparatur. So wird die Lebensdauer der Pumpen maximiert und Ausfallzeiten minimiert.<\/p><p>Die Bedeutung von Chemiepumpen in Frankfurt am Main erstreckt sich \u00fcber zahlreiche Branchen, darunter Chemieproduktion, Wasseraufbereitung, Pharmazeutik und Lebensmittelverarbeitung. Hier sind zuverl\u00e4ssige und sichere Pumpenl\u00f6sungen unverzichtbar f\u00fcr einen reibungslosen Produktionsablauf.<\/p><p>Setzen Sie auf hochwertige Chemiepumpen in Frankfurt am Main und profitieren Sie von modernster Technik, langlebigen Materialien und kompetentem Service. So sichern Sie die Effizienz und Sicherheit Ihrer Anlagen langfristig.<\/p><p>Kontaktieren Sie jetzt Experten f\u00fcr Chemiepumpen in Frankfurt am Main und finden Sie die optimale F\u00f6rderl\u00f6sung f\u00fcr Ihre individuellen Anforderungen!<\/p><\/div><\/div><\/div>\t\t\t\t\t\t<\/div>\n\t\t\t\t<\/div>\n\t\t\t\t\t<\/div>\n\t\t<\/div>\n\t\t\t\t\t<\/div>\n\t\t<\/section>\n\t\t\t\t<\/div>","protected":false},"excerpt":{"rendered":"<p>Chemiepumpen in Frankfurt am Main Chemiepumpen Frankfurt am Main \u2013 Zuverl\u00e4ssige F\u00f6rdertechnik f\u00fcr anspruchsvolle Anwendungen Chemiepumpen sind unverzichtbare Komponenten in vielen industriellen Prozessen, insbesondere wenn es um das F\u00f6rdern von aggressiven, \u00e4tzenden oder hochviskosen Fl\u00fcssigkeiten geht. In Frankfurt am Main bieten spezialisierte Anbieter und Hersteller hochwertige Chemiepumpen, die den hohen Anforderungen der Chemie-, Pharma- und [&hellip;]<\/p>","protected":false},"author":2,"featured_media":0,"parent":0,"menu_order":0,"comment_status":"closed","ping_status":"closed","template":"","meta":{"_seopress_robots_primary_cat":"","_seopress_titles_title":"","_seopress_titles_desc":"","_seopress_robots_index":"","footnotes":""},"class_list":["post-847","page","type-page","status-publish","hentry"],"_links":{"self":[{"href":"https:\/\/geko-pumpen.de\/en\/wp-json\/wp\/v2\/pages\/847","targetHints":{"allow":["GET"]}}],"collection":[{"href":"https:\/\/geko-pumpen.de\/en\/wp-json\/wp\/v2\/pages"}],"about":[{"href":"https:\/\/geko-pumpen.de\/en\/wp-json\/wp\/v2\/types\/page"}],"author":[{"embeddable":true,"href":"https:\/\/geko-pumpen.de\/en\/wp-json\/wp\/v2\/users\/2"}],"replies":[{"embeddable":true,"href":"https:\/\/geko-pumpen.de\/en\/wp-json\/wp\/v2\/comments?post=847"}],"version-history":[{"count":4,"href":"https:\/\/geko-pumpen.de\/en\/wp-json\/wp\/v2\/pages\/847\/revisions"}],"predecessor-version":[{"id":851,"href":"https:\/\/geko-pumpen.de\/en\/wp-json\/wp\/v2\/pages\/847\/revisions\/851"}],"wp:attachment":[{"href":"https:\/\/geko-pumpen.de\/en\/wp-json\/wp\/v2\/media?parent=847"}],"curies":[{"name":"wp","href":"https:\/\/api.w.org\/{rel}","templated":true}]}}