{"id":837,"date":"2026-03-20T10:33:19","date_gmt":"2026-03-20T09:33:19","guid":{"rendered":"https:\/\/geko-pumpen.de\/?page_id=837"},"modified":"2026-03-20T10:34:46","modified_gmt":"2026-03-20T09:34:46","slug":"magnetpumpen-in-frankfurt-am-main","status":"publish","type":"page","link":"https:\/\/geko-pumpen.de\/en\/magnetpumpen-in-frankfurt-am-main\/","title":{"rendered":"\u00a0Magnetpumpen in Frankfurt am Main"},"content":{"rendered":"<div data-elementor-type=\"wp-page\" data-elementor-id=\"837\" class=\"elementor elementor-837\">\n\t\t\t\t\t\t<section class=\"elementor-section elementor-top-section elementor-element elementor-element-e5a4832 elementor-section-boxed elementor-section-height-default elementor-section-height-default\" data-id=\"e5a4832\" data-element_type=\"section\">\n\t\t\t\t\t\t<div class=\"elementor-container elementor-column-gap-default\">\n\t\t\t\t\t<div class=\"elementor-column elementor-col-100 elementor-top-column elementor-element elementor-element-02c8d54\" data-id=\"02c8d54\" data-element_type=\"column\">\n\t\t\t<div class=\"elementor-widget-wrap elementor-element-populated\">\n\t\t\t\t\t\t<div class=\"elementor-element elementor-element-881d3b8 elementor-widget elementor-widget-text-editor\" data-id=\"881d3b8\" data-element_type=\"widget\" data-widget_type=\"text-editor.default\">\n\t\t\t\t<div class=\"elementor-widget-container\">\n\t\t\t\t\t\t\t<div class=\"col\"><h1>Magnetpumpen in Frankfurt am Main<\/h1><\/div>\t\t\t\t\t\t<\/div>\n\t\t\t\t<\/div>\n\t\t\t\t\t<\/div>\n\t\t<\/div>\n\t\t\t\t\t<\/div>\n\t\t<\/section>\n\t\t\t\t<section class=\"elementor-section elementor-top-section elementor-element elementor-element-d6b6395 elementor-section-boxed elementor-section-height-default elementor-section-height-default elementor-invisible\" data-id=\"d6b6395\" data-element_type=\"section\" data-settings=\"{&quot;animation&quot;:&quot;fadeInUp&quot;,&quot;animation_delay&quot;:150}\">\n\t\t\t\t\t\t<div class=\"elementor-container elementor-column-gap-default\">\n\t\t\t\t\t<div class=\"elementor-column elementor-col-100 elementor-top-column elementor-element elementor-element-bd12c14\" data-id=\"bd12c14\" data-element_type=\"column\">\n\t\t\t<div class=\"elementor-widget-wrap elementor-element-populated\">\n\t\t\t\t\t\t<div class=\"elementor-element elementor-element-dcd281a elementor-widget elementor-widget-text-editor\" data-id=\"dcd281a\" data-element_type=\"widget\" data-widget_type=\"text-editor.default\">\n\t\t\t\t<div class=\"elementor-widget-container\">\n\t\t\t\t\t\t\t<div class=\"col large-6\"><div id=\"text_highlighted\"><div id=\"text_highlighted\"><p>Magnetpumpen in Frankfurt am Main: Effiziente und wartungsarme F\u00f6rdertechnik<\/p><p>Magnetpumpen sind in Frankfurt am Main eine gefragte L\u00f6sung f\u00fcr die zuverl\u00e4ssige F\u00f6rderung von Fl\u00fcssigkeiten in Industrie und Gewerbe. Durch ihren ber\u00fchrungslosen Antrieb bieten Magnetpumpen zahlreiche Vorteile gegen\u00fcber herk\u00f6mmlichen Pumpen, insbesondere in Bezug auf Dichtungsfreiheit, Wartungsarmut und Sicherheit. Unternehmen in Frankfurt setzen zunehmend auf diese innovative Technik, um Prozesse effizienter und kosteng\u00fcnstiger zu gestalten.<\/p><p>Die Funktionsweise von Magnetpumpen basiert auf einem magnetischen Kupplungssystem, das den Antrieb des Pumpenrades ohne Wellendurchf\u00fchrung erm\u00f6glicht. Dadurch entfallen Dichtungen, die sonst Verschlei\u00dfteile sind und h\u00e4ufige Wartungen erfordern. Besonders in sensiblen Bereichen wie der Chemie-, Pharma- oder Lebensmittelindustrie in Frankfurt am Main sind Magnetpumpen ideal, da sie ein Auslaufen von Medien verhindern und somit Umweltschutz und Arbeitssicherheit erh\u00f6hen.<\/p><p>In Frankfurt bieten spezialisierte Anbieter eine breite Palette von Magnetpumpen an, die auf unterschiedliche Anforderungen abgestimmt sind. Ob f\u00fcr aggressive, hochviskose oder temperaturkritische Fl\u00fcssigkeiten \u2013 die Auswahl umfasst verschiedene Bauarten und Materialien, die optimal auf den jeweiligen Einsatzbereich zugeschnitten sind. Eine fachkundige Beratung vor Ort sorgt daf\u00fcr, dass Kunden die passende Magnetpumpe f\u00fcr ihre individuellen Bed\u00fcrfnisse erhalten.<\/p><p>Dar\u00fcber hinaus profitieren Unternehmen in Frankfurt am Main von einem umfassenden Serviceangebot, das Installation, Wartung und Reparatur umfasst. So wird die Lebensdauer der Magnetpumpen maximiert und Ausfallzeiten minimiert.<\/p><p>Zusammengefasst sind Magnetpumpen in Frankfurt am Main eine moderne und wirtschaftliche L\u00f6sung f\u00fcr die Fl\u00fcssigkeitsf\u00f6rderung in anspruchsvollen Anwendungen. Mit ihrer hohen Zuverl\u00e4ssigkeit, Wartungsfreiheit und Sicherheit tragen sie ma\u00dfgeblich zur Optimierung industrieller Prozesse bei. Nutzen Sie die Expertise lokaler Anbieter, um die ideale Magnetpumpe f\u00fcr Ihr Unternehmen zu finden und langfristig von den Vorteilen dieser Technologie zu profitieren.<\/p><\/div><\/div><\/div>\t\t\t\t\t\t<\/div>\n\t\t\t\t<\/div>\n\t\t\t\t\t<\/div>\n\t\t<\/div>\n\t\t\t\t\t<\/div>\n\t\t<\/section>\n\t\t\t\t<\/div>","protected":false},"excerpt":{"rendered":"<p>Magnetpumpen in Frankfurt am Main Magnetpumpen in Frankfurt am Main: Effiziente und wartungsarme F\u00f6rdertechnik Magnetpumpen sind in Frankfurt am Main eine gefragte L\u00f6sung f\u00fcr die zuverl\u00e4ssige F\u00f6rderung von Fl\u00fcssigkeiten in Industrie und Gewerbe. Durch ihren ber\u00fchrungslosen Antrieb bieten Magnetpumpen zahlreiche Vorteile gegen\u00fcber herk\u00f6mmlichen Pumpen, insbesondere in Bezug auf Dichtungsfreiheit, Wartungsarmut und Sicherheit. Unternehmen in Frankfurt [&hellip;]<\/p>","protected":false},"author":2,"featured_media":0,"parent":0,"menu_order":0,"comment_status":"closed","ping_status":"closed","template":"","meta":{"_seopress_robots_primary_cat":"","_seopress_titles_title":"","_seopress_titles_desc":"","_seopress_robots_index":"","footnotes":""},"class_list":["post-837","page","type-page","status-publish","hentry"],"_links":{"self":[{"href":"https:\/\/geko-pumpen.de\/en\/wp-json\/wp\/v2\/pages\/837","targetHints":{"allow":["GET"]}}],"collection":[{"href":"https:\/\/geko-pumpen.de\/en\/wp-json\/wp\/v2\/pages"}],"about":[{"href":"https:\/\/geko-pumpen.de\/en\/wp-json\/wp\/v2\/types\/page"}],"author":[{"embeddable":true,"href":"https:\/\/geko-pumpen.de\/en\/wp-json\/wp\/v2\/users\/2"}],"replies":[{"embeddable":true,"href":"https:\/\/geko-pumpen.de\/en\/wp-json\/wp\/v2\/comments?post=837"}],"version-history":[{"count":7,"href":"https:\/\/geko-pumpen.de\/en\/wp-json\/wp\/v2\/pages\/837\/revisions"}],"predecessor-version":[{"id":844,"href":"https:\/\/geko-pumpen.de\/en\/wp-json\/wp\/v2\/pages\/837\/revisions\/844"}],"wp:attachment":[{"href":"https:\/\/geko-pumpen.de\/en\/wp-json\/wp\/v2\/media?parent=837"}],"curies":[{"name":"wp","href":"https:\/\/api.w.org\/{rel}","templated":true}]}}