{"id":827,"date":"2026-02-20T09:30:25","date_gmt":"2026-02-20T08:30:25","guid":{"rendered":"https:\/\/geko-pumpen.de\/?page_id=827"},"modified":"2026-02-20T09:31:23","modified_gmt":"2026-02-20T08:31:23","slug":"pumpenreparatur-in-frankfurt-am-main","status":"publish","type":"page","link":"https:\/\/geko-pumpen.de\/en\/pumpenreparatur-in-frankfurt-am-main\/","title":{"rendered":"\u00a0Pumpenreparatur in Frankfurt am Main"},"content":{"rendered":"<div data-elementor-type=\"wp-page\" data-elementor-id=\"827\" class=\"elementor elementor-827\">\n\t\t\t\t\t\t<section class=\"elementor-section elementor-top-section elementor-element elementor-element-e5a4832 elementor-section-boxed elementor-section-height-default elementor-section-height-default\" data-id=\"e5a4832\" data-element_type=\"section\">\n\t\t\t\t\t\t<div class=\"elementor-container elementor-column-gap-default\">\n\t\t\t\t\t<div class=\"elementor-column elementor-col-100 elementor-top-column elementor-element elementor-element-02c8d54\" data-id=\"02c8d54\" data-element_type=\"column\">\n\t\t\t<div class=\"elementor-widget-wrap elementor-element-populated\">\n\t\t\t\t\t\t<div class=\"elementor-element elementor-element-881d3b8 elementor-widget elementor-widget-text-editor\" data-id=\"881d3b8\" data-element_type=\"widget\" data-widget_type=\"text-editor.default\">\n\t\t\t\t<div class=\"elementor-widget-container\">\n\t\t\t\t\t\t\t<div class=\"col\"><h1>Pumpenreparatur in Frankfurt am Main<\/h1><\/div>\t\t\t\t\t\t<\/div>\n\t\t\t\t<\/div>\n\t\t\t\t\t<\/div>\n\t\t<\/div>\n\t\t\t\t\t<\/div>\n\t\t<\/section>\n\t\t\t\t<section class=\"elementor-section elementor-top-section elementor-element elementor-element-d6b6395 elementor-section-boxed elementor-section-height-default elementor-section-height-default elementor-invisible\" data-id=\"d6b6395\" data-element_type=\"section\" data-settings=\"{&quot;animation&quot;:&quot;fadeInUp&quot;,&quot;animation_delay&quot;:150}\">\n\t\t\t\t\t\t<div class=\"elementor-container elementor-column-gap-default\">\n\t\t\t\t\t<div class=\"elementor-column elementor-col-100 elementor-top-column elementor-element elementor-element-bd12c14\" data-id=\"bd12c14\" data-element_type=\"column\">\n\t\t\t<div class=\"elementor-widget-wrap elementor-element-populated\">\n\t\t\t\t\t\t<div class=\"elementor-element elementor-element-dcd281a elementor-widget elementor-widget-text-editor\" data-id=\"dcd281a\" data-element_type=\"widget\" data-widget_type=\"text-editor.default\">\n\t\t\t\t<div class=\"elementor-widget-container\">\n\t\t\t\t\t\t\t<div class=\"col large-6\"><div id=\"text_highlighted\"><div id=\"text_highlighted\"><p>Die Pumpenreparatur in Frankfurt am Main ist ein wichtiger Service f\u00fcr Unternehmen und Privatkunden, die auf funktionierende Pumpensysteme angewiesen sind. Ob in der Industrie, im Gewerbe oder im privaten Bereich \u2013 Pumpen spielen eine zentrale Rolle bei der F\u00f6rderung von Fl\u00fcssigkeiten und Gasen. Wenn eine Pumpe ausf\u00e4llt oder nicht mehr richtig arbeitet, kann das erhebliche Auswirkungen auf den Betrieb oder den Alltag haben. Daher ist eine schnelle und fachgerechte Pumpenreparatur in Frankfurt am Main unerl\u00e4sslich, um Ausfallzeiten zu minimieren und die Effizienz der Anlagen wiederherzustellen.<\/p><p>Professionelle Fachbetriebe in Frankfurt am Main bieten umfassende Leistungen rund um die Pumpenreparatur an. Dazu geh\u00f6rt die Diagnose von St\u00f6rungen, die Reparatur von mechanischen und elektrischen Defekten sowie der Austausch von Verschlei\u00dfteilen. Auch Wartungen und Inspektionen geh\u00f6ren zum Service, um die Lebensdauer der Pumpen zu verl\u00e4ngern und pr\u00e4ventiv Sch\u00e4den zu vermeiden. Dank moderner Diagnosetechnik k\u00f6nnen Fehler schnell erkannt und gezielt behoben werden, was Zeit und Kosten spart.<\/p><p>Ein weiterer Vorteil der Pumpenreparatur in Frankfurt am Main ist die Verf\u00fcgbarkeit von Ersatzteilen und die M\u00f6glichkeit, Reparaturen direkt vor Ort durchzuf\u00fchren. Das sorgt f\u00fcr kurze Reaktionszeiten und minimiert den Aufwand f\u00fcr den Kunden. Zudem beraten erfahrene Techniker individuell zu passenden L\u00f6sungen und Optimierungen, um die Leistung der Pumpen zu verbessern.<\/p><p>Insgesamt bietet die Pumpenreparatur in Frankfurt am Main eine zuverl\u00e4ssige und kosteneffiziente M\u00f6glichkeit, defekte Pumpen schnell wieder einsatzbereit zu machen. Wer auf professionelle Unterst\u00fctzung setzt, profitiert von hoher Qualit\u00e4t, langj\u00e4hriger Erfahrung und einem umfassenden Serviceangebot. So bleibt die F\u00f6rdertechnik stets in bestem Zustand und tr\u00e4gt zur reibungslosen Funktion von Anlagen und Prozessen bei.<\/p><p>F\u00fcr eine schnelle und kompetente Pumpenreparatur in Frankfurt am Main empfiehlt es sich, lokale Fachbetriebe zu kontaktieren und einen Termin f\u00fcr eine individuelle Beratung zu vereinbaren. So sichern Sie sich optimale Ergebnisse und eine nachhaltige L\u00f6sung f\u00fcr Ihre Pumpen.<\/p><\/div><\/div><\/div>\t\t\t\t\t\t<\/div>\n\t\t\t\t<\/div>\n\t\t\t\t\t<\/div>\n\t\t<\/div>\n\t\t\t\t\t<\/div>\n\t\t<\/section>\n\t\t\t\t<\/div>","protected":false},"excerpt":{"rendered":"<p>Pumpenreparatur in Frankfurt am Main Die Pumpenreparatur in Frankfurt am Main ist ein wichtiger Service f\u00fcr Unternehmen und Privatkunden, die auf funktionierende Pumpensysteme angewiesen sind. Ob in der Industrie, im Gewerbe oder im privaten Bereich \u2013 Pumpen spielen eine zentrale Rolle bei der F\u00f6rderung von Fl\u00fcssigkeiten und Gasen. Wenn eine Pumpe ausf\u00e4llt oder nicht mehr [&hellip;]<\/p>","protected":false},"author":2,"featured_media":0,"parent":0,"menu_order":0,"comment_status":"closed","ping_status":"closed","template":"","meta":{"_seopress_robots_primary_cat":"","_seopress_titles_title":"","_seopress_titles_desc":"","_seopress_robots_index":"","footnotes":""},"class_list":["post-827","page","type-page","status-publish","hentry"],"_links":{"self":[{"href":"https:\/\/geko-pumpen.de\/en\/wp-json\/wp\/v2\/pages\/827","targetHints":{"allow":["GET"]}}],"collection":[{"href":"https:\/\/geko-pumpen.de\/en\/wp-json\/wp\/v2\/pages"}],"about":[{"href":"https:\/\/geko-pumpen.de\/en\/wp-json\/wp\/v2\/types\/page"}],"author":[{"embeddable":true,"href":"https:\/\/geko-pumpen.de\/en\/wp-json\/wp\/v2\/users\/2"}],"replies":[{"embeddable":true,"href":"https:\/\/geko-pumpen.de\/en\/wp-json\/wp\/v2\/comments?post=827"}],"version-history":[{"count":7,"href":"https:\/\/geko-pumpen.de\/en\/wp-json\/wp\/v2\/pages\/827\/revisions"}],"predecessor-version":[{"id":834,"href":"https:\/\/geko-pumpen.de\/en\/wp-json\/wp\/v2\/pages\/827\/revisions\/834"}],"wp:attachment":[{"href":"https:\/\/geko-pumpen.de\/en\/wp-json\/wp\/v2\/media?parent=827"}],"curies":[{"name":"wp","href":"https:\/\/api.w.org\/{rel}","templated":true}]}}