{"id":820,"date":"2026-01-23T09:17:20","date_gmt":"2026-01-23T08:17:20","guid":{"rendered":"https:\/\/geko-pumpen.de\/?page_id=820"},"modified":"2026-01-23T09:18:02","modified_gmt":"2026-01-23T08:18:02","slug":"magnetpumpen-in-mainz","status":"publish","type":"page","link":"https:\/\/geko-pumpen.de\/en\/magnetpumpen-in-mainz\/","title":{"rendered":"\u00a0Magnetpumpen in Mainz"},"content":{"rendered":"<div data-elementor-type=\"wp-page\" data-elementor-id=\"820\" class=\"elementor elementor-820\">\n\t\t\t\t\t\t<section class=\"elementor-section elementor-top-section elementor-element elementor-element-e5a4832 elementor-section-boxed elementor-section-height-default elementor-section-height-default\" data-id=\"e5a4832\" data-element_type=\"section\">\n\t\t\t\t\t\t<div class=\"elementor-container elementor-column-gap-default\">\n\t\t\t\t\t<div class=\"elementor-column elementor-col-100 elementor-top-column elementor-element elementor-element-02c8d54\" data-id=\"02c8d54\" data-element_type=\"column\">\n\t\t\t<div class=\"elementor-widget-wrap elementor-element-populated\">\n\t\t\t\t\t\t<div class=\"elementor-element elementor-element-881d3b8 elementor-widget elementor-widget-text-editor\" data-id=\"881d3b8\" data-element_type=\"widget\" data-widget_type=\"text-editor.default\">\n\t\t\t\t<div class=\"elementor-widget-container\">\n\t\t\t\t\t\t\t<div class=\"col\"><h1>Magnetpumpen in Mainz<\/h1><\/div>\t\t\t\t\t\t<\/div>\n\t\t\t\t<\/div>\n\t\t\t\t\t<\/div>\n\t\t<\/div>\n\t\t\t\t\t<\/div>\n\t\t<\/section>\n\t\t\t\t<section class=\"elementor-section elementor-top-section elementor-element elementor-element-d6b6395 elementor-section-boxed elementor-section-height-default elementor-section-height-default elementor-invisible\" data-id=\"d6b6395\" data-element_type=\"section\" data-settings=\"{&quot;animation&quot;:&quot;fadeInUp&quot;,&quot;animation_delay&quot;:150}\">\n\t\t\t\t\t\t<div class=\"elementor-container elementor-column-gap-default\">\n\t\t\t\t\t<div class=\"elementor-column elementor-col-100 elementor-top-column elementor-element elementor-element-bd12c14\" data-id=\"bd12c14\" data-element_type=\"column\">\n\t\t\t<div class=\"elementor-widget-wrap elementor-element-populated\">\n\t\t\t\t\t\t<div class=\"elementor-element elementor-element-dcd281a elementor-widget elementor-widget-text-editor\" data-id=\"dcd281a\" data-element_type=\"widget\" data-widget_type=\"text-editor.default\">\n\t\t\t\t<div class=\"elementor-widget-container\">\n\t\t\t\t\t\t\t<div class=\"col large-6\"><div id=\"text_highlighted\"><div id=\"text_highlighted\"><p>Magnetpumpen in Mainz \u2013 Effiziente und zuverl\u00e4ssige Pumpentechnik f\u00fcr Industrie und Gewerbe<\/p><p>Magnetpumpen sind in Mainz eine bew\u00e4hrte L\u00f6sung f\u00fcr den sicheren und wartungsarmen Transport von Fl\u00fcssigkeiten in verschiedenen Industriezweigen. Ob Chemie, Pharma, Lebensmittelproduktion oder Wasseraufbereitung \u2013 Magnetpumpen bieten durch ihre ber\u00fchrungslose Antriebstechnik zahlreiche Vorteile gegen\u00fcber herk\u00f6mmlichen Pumpen. In Mainz finden Sie spezialisierte Anbieter und Fachbetriebe, die hochwertige Magnetpumpen liefern, installieren und warten.<\/p><p>Der Hauptvorteil von Magnetpumpen liegt in ihrem dichten, verschlei\u00dffreien Aufbau ohne Wellenabdichtungen. Dadurch wird das Risiko von Leckagen minimiert, was besonders bei aggressiven oder giftigen Medien in Mainz von gro\u00dfer Bedeutung ist. Magnetpumpen arbeiten zuverl\u00e4ssig, ger\u00e4uscharm und sind besonders wartungsfreundlich, was Ausfallzeiten reduziert und Kosten spart.<\/p><p>In Mainz bieten Experten individuelle Beratung, um die passende Magnetpumpe f\u00fcr Ihre Anforderungen zu finden. Dabei werden Faktoren wie F\u00f6rdermenge, Druck, Medium und Temperatur ber\u00fccksichtigt. Moderne Magnetpumpen sind zudem energieeffizient und tragen zur nachhaltigen Optimierung von Produktionsprozessen bei.<\/p><p>Die Installation und regelm\u00e4\u00dfige Wartung von Magnetpumpen in Mainz erfolgt durch erfahrene Fachkr\u00e4fte, die f\u00fcr einen reibungslosen Betrieb sorgen. Auch Ersatzteile und Reparaturen werden schnell und zuverl\u00e4ssig angeboten, um die Lebensdauer Ihrer Pumpen zu maximieren.<\/p><p>Fazit: Magnetpumpen in Mainz sind die ideale Wahl f\u00fcr Unternehmen, die auf sichere, effiziente und wartungsarme Pumpentechnik setzen. Mit professioneller Beratung, passgenauer Auswahl und kompetentem Service sichern Sie sich langlebige und leistungsstarke L\u00f6sungen f\u00fcr Ihre Fl\u00fcssigkeitstransporte. Vertrauen Sie auf die Expertise in Mainz, um Ihre Prozesse optimal zu gestalten und Ausfallzeiten zu minimieren.<\/p><\/div><\/div><\/div>\t\t\t\t\t\t<\/div>\n\t\t\t\t<\/div>\n\t\t\t\t\t<\/div>\n\t\t<\/div>\n\t\t\t\t\t<\/div>\n\t\t<\/section>\n\t\t\t\t<\/div>","protected":false},"excerpt":{"rendered":"<p>Magnetpumpen in Mainz Magnetpumpen in Mainz \u2013 Effiziente und zuverl\u00e4ssige Pumpentechnik f\u00fcr Industrie und Gewerbe Magnetpumpen sind in Mainz eine bew\u00e4hrte L\u00f6sung f\u00fcr den sicheren und wartungsarmen Transport von Fl\u00fcssigkeiten in verschiedenen Industriezweigen. Ob Chemie, Pharma, Lebensmittelproduktion oder Wasseraufbereitung \u2013 Magnetpumpen bieten durch ihre ber\u00fchrungslose Antriebstechnik zahlreiche Vorteile gegen\u00fcber herk\u00f6mmlichen Pumpen. In Mainz finden Sie [&hellip;]<\/p>","protected":false},"author":2,"featured_media":0,"parent":0,"menu_order":0,"comment_status":"closed","ping_status":"closed","template":"","meta":{"_seopress_robots_primary_cat":"","_seopress_titles_title":"","_seopress_titles_desc":"","_seopress_robots_index":"","footnotes":""},"class_list":["post-820","page","type-page","status-publish","hentry"],"_links":{"self":[{"href":"https:\/\/geko-pumpen.de\/en\/wp-json\/wp\/v2\/pages\/820","targetHints":{"allow":["GET"]}}],"collection":[{"href":"https:\/\/geko-pumpen.de\/en\/wp-json\/wp\/v2\/pages"}],"about":[{"href":"https:\/\/geko-pumpen.de\/en\/wp-json\/wp\/v2\/types\/page"}],"author":[{"embeddable":true,"href":"https:\/\/geko-pumpen.de\/en\/wp-json\/wp\/v2\/users\/2"}],"replies":[{"embeddable":true,"href":"https:\/\/geko-pumpen.de\/en\/wp-json\/wp\/v2\/comments?post=820"}],"version-history":[{"count":4,"href":"https:\/\/geko-pumpen.de\/en\/wp-json\/wp\/v2\/pages\/820\/revisions"}],"predecessor-version":[{"id":824,"href":"https:\/\/geko-pumpen.de\/en\/wp-json\/wp\/v2\/pages\/820\/revisions\/824"}],"wp:attachment":[{"href":"https:\/\/geko-pumpen.de\/en\/wp-json\/wp\/v2\/media?parent=820"}],"curies":[{"name":"wp","href":"https:\/\/api.w.org\/{rel}","templated":true}]}}