{"id":813,"date":"2025-12-12T09:20:53","date_gmt":"2025-12-12T08:20:53","guid":{"rendered":"https:\/\/geko-pumpen.de\/?page_id=813"},"modified":"2025-12-12T09:21:23","modified_gmt":"2025-12-12T08:21:23","slug":"chemiepumpen-in-mainz","status":"publish","type":"page","link":"https:\/\/geko-pumpen.de\/en\/chemiepumpen-in-mainz\/","title":{"rendered":"\u00a0Chemiepumpen in Mainz"},"content":{"rendered":"<div data-elementor-type=\"wp-page\" data-elementor-id=\"813\" class=\"elementor elementor-813\">\n\t\t\t\t\t\t<section class=\"elementor-section elementor-top-section elementor-element elementor-element-e5a4832 elementor-section-boxed elementor-section-height-default elementor-section-height-default\" data-id=\"e5a4832\" data-element_type=\"section\">\n\t\t\t\t\t\t<div class=\"elementor-container elementor-column-gap-default\">\n\t\t\t\t\t<div class=\"elementor-column elementor-col-100 elementor-top-column elementor-element elementor-element-02c8d54\" data-id=\"02c8d54\" data-element_type=\"column\">\n\t\t\t<div class=\"elementor-widget-wrap elementor-element-populated\">\n\t\t\t\t\t\t<div class=\"elementor-element elementor-element-881d3b8 elementor-widget elementor-widget-text-editor\" data-id=\"881d3b8\" data-element_type=\"widget\" data-widget_type=\"text-editor.default\">\n\t\t\t\t<div class=\"elementor-widget-container\">\n\t\t\t\t\t\t\t<div class=\"col\"><h1>Chemiepumpen Mainz<\/h1><\/div>\t\t\t\t\t\t<\/div>\n\t\t\t\t<\/div>\n\t\t\t\t\t<\/div>\n\t\t<\/div>\n\t\t\t\t\t<\/div>\n\t\t<\/section>\n\t\t\t\t<section class=\"elementor-section elementor-top-section elementor-element elementor-element-d6b6395 elementor-section-boxed elementor-section-height-default elementor-section-height-default elementor-invisible\" data-id=\"d6b6395\" data-element_type=\"section\" data-settings=\"{&quot;animation&quot;:&quot;fadeInUp&quot;,&quot;animation_delay&quot;:150}\">\n\t\t\t\t\t\t<div class=\"elementor-container elementor-column-gap-default\">\n\t\t\t\t\t<div class=\"elementor-column elementor-col-100 elementor-top-column elementor-element elementor-element-bd12c14\" data-id=\"bd12c14\" data-element_type=\"column\">\n\t\t\t<div class=\"elementor-widget-wrap elementor-element-populated\">\n\t\t\t\t\t\t<div class=\"elementor-element elementor-element-dcd281a elementor-widget elementor-widget-text-editor\" data-id=\"dcd281a\" data-element_type=\"widget\" data-widget_type=\"text-editor.default\">\n\t\t\t\t<div class=\"elementor-widget-container\">\n\t\t\t\t\t\t\t<div class=\"col large-6\"><div id=\"text_highlighted\"><div id=\"text_highlighted\"><p>Chemiepumpen Mainz \u2013 Zuverl\u00e4ssigkeit und Qualit\u00e4t von GEKO Pumpen<\/p><p>In Mainz setzen viele Unternehmen und Betriebe auf hochwertige Chemiepumpen von GEKO Pumpen, um anspruchsvolle F\u00f6rderaufgaben in der Chemieindustrie und anderen Bereichen sicher und effizient zu bew\u00e4ltigen. GEKO Pumpen steht f\u00fcr innovative Technik, Langlebigkeit und h\u00f6chste Sicherheitsstandards bei Chemiepumpen \u2013 wichtige Kriterien f\u00fcr sensible und korrosive Medien.<\/p><p>Die Chemiepumpen von GEKO in Mainz zeichnen sich durch ihre robuste Bauweise und vielf\u00e4ltige Einsatzm\u00f6glichkeiten aus. Ob f\u00fcr aggressive Chemikalien, S\u00e4uren oder Laugen \u2013 die Pumpen sind speziell darauf ausgelegt, diese Medien sicher und zuverl\u00e4ssig zu f\u00f6rdern. Dank modernster Materialien und Dichtungstechnologien bieten die Chemiepumpen aus Mainz eine hohe Best\u00e4ndigkeit gegen Korrosion und Verschlei\u00df.<\/p><p>Ein weiterer Vorteil der GEKO Chemiepumpen in Mainz ist ihre einfache Wartung und Bedienung, die eine langfristige und wirtschaftliche Nutzung erm\u00f6glicht. Die Experten von GEKO Pumpen beraten Unternehmen in Mainz individuell und finden die passende L\u00f6sung f\u00fcr jede Herausforderung in der Chemief\u00f6rderung.<\/p><p>In Mainz profitieren Kunden zudem von einem schnellen und kompetenten Service rund um Chemiepumpen. Von der Auswahl \u00fcber die Installation bis zur Instandhaltung unterst\u00fctzt GEKO Pumpen zuverl\u00e4ssig, um den reibungslosen Betrieb sicherzustellen.<\/p><p>Die Chemiepumpen von GEKO sind auch f\u00fcr ihre Energieeffizienz bekannt, was in Mainz zunehmend an Bedeutung gewinnt. Effiziente Pumptechnik tr\u00e4gt nicht nur zur Senkung der Betriebskosten bei, sondern unterst\u00fctzt auch nachhaltige Produktionsprozesse.<\/p><p>Fazit: GEKO Pumpen bietet in Mainz hochwertige Chemiepumpen, die durch Qualit\u00e4t, Sicherheit und Service \u00fcberzeugen. Unternehmen, die auf zuverl\u00e4ssige F\u00f6rdertechnik setzen, finden mit GEKO den idealen Partner f\u00fcr Chemiepumpen in Mainz \u2013 individuell, langlebig und leistungsstark. Nutzen Sie die Kompetenz von GEKO Pumpen f\u00fcr Ihre Prozesse und sichern Sie sich h\u00f6chste Effizienz und Sicherheit in der Chemiepumpen-Anwendung.<\/p><\/div><\/div><\/div>\t\t\t\t\t\t<\/div>\n\t\t\t\t<\/div>\n\t\t\t\t\t<\/div>\n\t\t<\/div>\n\t\t\t\t\t<\/div>\n\t\t<\/section>\n\t\t\t\t<\/div>","protected":false},"excerpt":{"rendered":"<p>Chemiepumpen Mainz Chemiepumpen Mainz \u2013 Zuverl\u00e4ssigkeit und Qualit\u00e4t von GEKO Pumpen In Mainz setzen viele Unternehmen und Betriebe auf hochwertige Chemiepumpen von GEKO Pumpen, um anspruchsvolle F\u00f6rderaufgaben in der Chemieindustrie und anderen Bereichen sicher und effizient zu bew\u00e4ltigen. GEKO Pumpen steht f\u00fcr innovative Technik, Langlebigkeit und h\u00f6chste Sicherheitsstandards bei Chemiepumpen \u2013 wichtige Kriterien f\u00fcr sensible [&hellip;]<\/p>","protected":false},"author":2,"featured_media":0,"parent":0,"menu_order":0,"comment_status":"closed","ping_status":"closed","template":"","meta":{"_seopress_robots_primary_cat":"","_seopress_titles_title":"","_seopress_titles_desc":"","_seopress_robots_index":"","footnotes":""},"class_list":["post-813","page","type-page","status-publish","hentry"],"_links":{"self":[{"href":"https:\/\/geko-pumpen.de\/en\/wp-json\/wp\/v2\/pages\/813","targetHints":{"allow":["GET"]}}],"collection":[{"href":"https:\/\/geko-pumpen.de\/en\/wp-json\/wp\/v2\/pages"}],"about":[{"href":"https:\/\/geko-pumpen.de\/en\/wp-json\/wp\/v2\/types\/page"}],"author":[{"embeddable":true,"href":"https:\/\/geko-pumpen.de\/en\/wp-json\/wp\/v2\/users\/2"}],"replies":[{"embeddable":true,"href":"https:\/\/geko-pumpen.de\/en\/wp-json\/wp\/v2\/comments?post=813"}],"version-history":[{"count":4,"href":"https:\/\/geko-pumpen.de\/en\/wp-json\/wp\/v2\/pages\/813\/revisions"}],"predecessor-version":[{"id":817,"href":"https:\/\/geko-pumpen.de\/en\/wp-json\/wp\/v2\/pages\/813\/revisions\/817"}],"wp:attachment":[{"href":"https:\/\/geko-pumpen.de\/en\/wp-json\/wp\/v2\/media?parent=813"}],"curies":[{"name":"wp","href":"https:\/\/api.w.org\/{rel}","templated":true}]}}