{"id":806,"date":"2025-11-28T10:04:55","date_gmt":"2025-11-28T09:04:55","guid":{"rendered":"https:\/\/geko-pumpen.de\/?page_id=806"},"modified":"2025-11-28T10:05:35","modified_gmt":"2025-11-28T09:05:35","slug":"korrosionsbestandige-pumpen-in-mainz","status":"publish","type":"page","link":"https:\/\/geko-pumpen.de\/en\/korrosionsbestandige-pumpen-in-mainz\/","title":{"rendered":"\u00a0korrosionsbest\u00e4ndige Pumpen in Mainz"},"content":{"rendered":"<div data-elementor-type=\"wp-page\" data-elementor-id=\"806\" class=\"elementor elementor-806\">\n\t\t\t\t\t\t<section class=\"elementor-section elementor-top-section elementor-element elementor-element-e5a4832 elementor-section-boxed elementor-section-height-default elementor-section-height-default\" data-id=\"e5a4832\" data-element_type=\"section\">\n\t\t\t\t\t\t<div class=\"elementor-container elementor-column-gap-default\">\n\t\t\t\t\t<div class=\"elementor-column elementor-col-100 elementor-top-column elementor-element elementor-element-02c8d54\" data-id=\"02c8d54\" data-element_type=\"column\">\n\t\t\t<div class=\"elementor-widget-wrap elementor-element-populated\">\n\t\t\t\t\t\t<div class=\"elementor-element elementor-element-881d3b8 elementor-widget elementor-widget-text-editor\" data-id=\"881d3b8\" data-element_type=\"widget\" data-widget_type=\"text-editor.default\">\n\t\t\t\t<div class=\"elementor-widget-container\">\n\t\t\t\t\t\t\t<div class=\"col\"><h1>Pumpenreparatur in Wiesbaden<\/h1><\/div>\t\t\t\t\t\t<\/div>\n\t\t\t\t<\/div>\n\t\t\t\t\t<\/div>\n\t\t<\/div>\n\t\t\t\t\t<\/div>\n\t\t<\/section>\n\t\t\t\t<section class=\"elementor-section elementor-top-section elementor-element elementor-element-d6b6395 elementor-section-boxed elementor-section-height-default elementor-section-height-default elementor-invisible\" data-id=\"d6b6395\" data-element_type=\"section\" data-settings=\"{&quot;animation&quot;:&quot;fadeInUp&quot;,&quot;animation_delay&quot;:150}\">\n\t\t\t\t\t\t<div class=\"elementor-container elementor-column-gap-default\">\n\t\t\t\t\t<div class=\"elementor-column elementor-col-100 elementor-top-column elementor-element elementor-element-bd12c14\" data-id=\"bd12c14\" data-element_type=\"column\">\n\t\t\t<div class=\"elementor-widget-wrap elementor-element-populated\">\n\t\t\t\t\t\t<div class=\"elementor-element elementor-element-dcd281a elementor-widget elementor-widget-text-editor\" data-id=\"dcd281a\" data-element_type=\"widget\" data-widget_type=\"text-editor.default\">\n\t\t\t\t<div class=\"elementor-widget-container\">\n\t\t\t\t\t\t\t<div class=\"col large-6\"><div id=\"text_highlighted\"><div id=\"text_highlighted\"><p>Geko Pumpen \u2013 Korrosionsbest\u00e4ndige Pumpen in Mainz f\u00fcr h\u00f6chste Anforderungen<\/p><p>Wenn Sie in Mainz auf der Suche nach korrosionsbest\u00e4ndigen Pumpen sind, ist Geko Pumpen Ihr kompetenter Ansprechpartner. Korrosionsbest\u00e4ndige Pumpen von Geko \u00fcberzeugen durch ihre langlebige Bauweise und den Einsatz hochwertiger Materialien, die auch unter extremen Bedingungen zuverl\u00e4ssig arbeiten. Besonders in Branchen wie Chemie, Wasseraufbereitung oder Umwelttechnik sind diese Pumpen unverzichtbar, da sie aggressiven Medien und Feuchtigkeit widerstehen.<\/p><p>Die korrosionsbest\u00e4ndigen Pumpen von Geko stehen f\u00fcr h\u00f6chste Qualit\u00e4t und Innovation. Ob druckfeste Edelstahlpumpen, Kunststoffpumpen oder spezielle Beschichtungen \u2013 Geko bietet ma\u00dfgeschneiderte L\u00f6sungen, die individuell auf Ihre Anforderungen abgestimmt sind. In Mainz profitieren Kunden von umfassender Beratung, um die passende Pumpe f\u00fcr den jeweiligen Einsatzbereich zu finden, sei es f\u00fcr aggressive Fl\u00fcssigkeiten, Salzwasser oder andere korrosive Medien.<\/p><p>Geko Pumpen setzt auf modernste Fertigungstechnologien und strenge Qualit\u00e4tskontrollen, damit jede Pumpe zuverl\u00e4ssig und wartungsarm funktioniert. Zudem gew\u00e4hrleistet das Fachpersonal aus Mainz eine professionelle Installation und einen schnellen Kundendienst, damit Ausfallzeiten minimiert werden.<\/p><p>Durch die hohe Korrosionsbest\u00e4ndigkeit verl\u00e4ngern sich die Lebenszyklen der Pumpen erheblich, was langfristig Kosten spart und die Investition sch\u00fctzt. Dabei sind Geko Pumpen nicht nur robust, sondern auch energieeffizient \u2013 ein weiterer Pluspunkt f\u00fcr nachhaltiges Wirtschaften.<\/p><p>Fazit: Geko Pumpen in Mainz ist Ihr Experte f\u00fcr korrosionsbest\u00e4ndige Pumpen, die zuverl\u00e4ssig, langlebig und perfekt auf Ihre Anforderungen zugeschnitten sind. Profitieren Sie von innovativer Technik, individueller Beratung und umfassendem Service. Egal ob Industrie, Umwelttechnik oder Sonderanwendungen \u2013 mit Geko Pumpen aus Mainz setzen Sie auf Qualit\u00e4t und Sicherheit. Kontaktieren Sie Geko Pumpen jetzt und sichern Sie sich die optimale L\u00f6sung f\u00fcr Ihre korrosionsbest\u00e4ndigen Pumpen in Mainz!<\/p><\/div><\/div><\/div>\t\t\t\t\t\t<\/div>\n\t\t\t\t<\/div>\n\t\t\t\t\t<\/div>\n\t\t<\/div>\n\t\t\t\t\t<\/div>\n\t\t<\/section>\n\t\t\t\t<\/div>","protected":false},"excerpt":{"rendered":"<p>Pumpenreparatur in Wiesbaden Geko Pumpen \u2013 Korrosionsbest\u00e4ndige Pumpen in Mainz f\u00fcr h\u00f6chste Anforderungen Wenn Sie in Mainz auf der Suche nach korrosionsbest\u00e4ndigen Pumpen sind, ist Geko Pumpen Ihr kompetenter Ansprechpartner. Korrosionsbest\u00e4ndige Pumpen von Geko \u00fcberzeugen durch ihre langlebige Bauweise und den Einsatz hochwertiger Materialien, die auch unter extremen Bedingungen zuverl\u00e4ssig arbeiten. Besonders in Branchen wie [&hellip;]<\/p>","protected":false},"author":2,"featured_media":0,"parent":0,"menu_order":0,"comment_status":"closed","ping_status":"closed","template":"","meta":{"_seopress_robots_primary_cat":"","_seopress_titles_title":"","_seopress_titles_desc":"","_seopress_robots_index":"","footnotes":""},"class_list":["post-806","page","type-page","status-publish","hentry"],"_links":{"self":[{"href":"https:\/\/geko-pumpen.de\/en\/wp-json\/wp\/v2\/pages\/806","targetHints":{"allow":["GET"]}}],"collection":[{"href":"https:\/\/geko-pumpen.de\/en\/wp-json\/wp\/v2\/pages"}],"about":[{"href":"https:\/\/geko-pumpen.de\/en\/wp-json\/wp\/v2\/types\/page"}],"author":[{"embeddable":true,"href":"https:\/\/geko-pumpen.de\/en\/wp-json\/wp\/v2\/users\/2"}],"replies":[{"embeddable":true,"href":"https:\/\/geko-pumpen.de\/en\/wp-json\/wp\/v2\/comments?post=806"}],"version-history":[{"count":4,"href":"https:\/\/geko-pumpen.de\/en\/wp-json\/wp\/v2\/pages\/806\/revisions"}],"predecessor-version":[{"id":810,"href":"https:\/\/geko-pumpen.de\/en\/wp-json\/wp\/v2\/pages\/806\/revisions\/810"}],"wp:attachment":[{"href":"https:\/\/geko-pumpen.de\/en\/wp-json\/wp\/v2\/media?parent=806"}],"curies":[{"name":"wp","href":"https:\/\/api.w.org\/{rel}","templated":true}]}}