{"id":777,"date":"2025-07-25T08:48:04","date_gmt":"2025-07-25T06:48:04","guid":{"rendered":"https:\/\/geko-pumpen.de\/?page_id=777"},"modified":"2025-07-25T08:48:49","modified_gmt":"2025-07-25T06:48:49","slug":"ptfe-pumpen-in-wiesbaden","status":"publish","type":"page","link":"https:\/\/geko-pumpen.de\/en\/ptfe-pumpen-in-wiesbaden\/","title":{"rendered":"\u00a0PTFE Pumpen in Wiesbaden"},"content":{"rendered":"<div data-elementor-type=\"wp-page\" data-elementor-id=\"777\" class=\"elementor elementor-777\">\n\t\t\t\t\t\t<section class=\"elementor-section elementor-top-section elementor-element elementor-element-e5a4832 elementor-section-boxed elementor-section-height-default elementor-section-height-default\" data-id=\"e5a4832\" data-element_type=\"section\">\n\t\t\t\t\t\t<div class=\"elementor-container elementor-column-gap-default\">\n\t\t\t\t\t<div class=\"elementor-column elementor-col-100 elementor-top-column elementor-element elementor-element-02c8d54\" data-id=\"02c8d54\" data-element_type=\"column\">\n\t\t\t<div class=\"elementor-widget-wrap elementor-element-populated\">\n\t\t\t\t\t\t<div class=\"elementor-element elementor-element-881d3b8 elementor-widget elementor-widget-text-editor\" data-id=\"881d3b8\" data-element_type=\"widget\" data-widget_type=\"text-editor.default\">\n\t\t\t\t<div class=\"elementor-widget-container\">\n\t\t\t\t\t\t\t<div class=\"col\"><h1>PTFE Pumpen in Wiesbaden<\/h1><\/div>\t\t\t\t\t\t<\/div>\n\t\t\t\t<\/div>\n\t\t\t\t\t<\/div>\n\t\t<\/div>\n\t\t\t\t\t<\/div>\n\t\t<\/section>\n\t\t\t\t<section class=\"elementor-section elementor-top-section elementor-element elementor-element-d6b6395 elementor-section-boxed elementor-section-height-default elementor-section-height-default elementor-invisible\" data-id=\"d6b6395\" data-element_type=\"section\" data-settings=\"{&quot;animation&quot;:&quot;fadeInUp&quot;,&quot;animation_delay&quot;:150}\">\n\t\t\t\t\t\t<div class=\"elementor-container elementor-column-gap-default\">\n\t\t\t\t\t<div class=\"elementor-column elementor-col-100 elementor-top-column elementor-element elementor-element-bd12c14\" data-id=\"bd12c14\" data-element_type=\"column\">\n\t\t\t<div class=\"elementor-widget-wrap elementor-element-populated\">\n\t\t\t\t\t\t<div class=\"elementor-element elementor-element-dcd281a elementor-widget elementor-widget-text-editor\" data-id=\"dcd281a\" data-element_type=\"widget\" data-widget_type=\"text-editor.default\">\n\t\t\t\t<div class=\"elementor-widget-container\">\n\t\t\t\t\t\t\t<div class=\"col large-6\"><div id=\"text_highlighted\"><div id=\"text_highlighted\"><p>PTFE Pumpen in Wiesbaden \u2013 Zuverl\u00e4ssige L\u00f6sungen f\u00fcr anspruchsvolle Anwendungen<\/p><p>PTFE Pumpen sind in Wiesbaden und Umgebung die erste Wahl, wenn es um den sicheren und effizienten Transport von aggressiven, chemisch reaktiven oder hochreinen Medien geht. Dank ihrer hervorragenden chemischen Best\u00e4ndigkeit und Temperaturresistenz sind PTFE Pumpen ideal f\u00fcr zahlreiche Branchen wie Chemie, Pharmazie, Lebensmittelindustrie und Umwelttechnik.<\/p><p>Warum PTFE Pumpen in Wiesbaden w\u00e4hlen?<\/p><p>In Wiesbaden setzen Unternehmen auf PTFE Pumpen, weil sie besonders langlebig und wartungsarm sind. Das Material Polytetrafluorethylen (PTFE) zeichnet sich durch seine hohe Best\u00e4ndigkeit gegen\u00fcber S\u00e4uren, Laugen und L\u00f6sungsmitteln aus. Dadurch eignen sich diese Pumpen optimal f\u00fcr den Einsatz in anspruchsvollen Prozessen, bei denen herk\u00f6mmliche Pumpen versagen w\u00fcrden. Zudem gew\u00e4hrleisten PTFE Pumpen eine hohe Dichtheit und minimieren das Risiko von Leckagen \u2013 ein entscheidender Faktor f\u00fcr Sicherheit und Umweltschutz.<\/p><p>Anwendungsgebiete und Vorteile<\/p><p>PTFE Pumpen kommen in Wiesbaden in vielf\u00e4ltigen Bereichen zum Einsatz: von der Dosierung aggressiver Chemikalien \u00fcber die F\u00f6rderung hochreiner Fl\u00fcssigkeiten bis hin zur Abwasserbehandlung. Die glatten, antihaftenden Oberfl\u00e4chen verhindern Ablagerungen und erleichtern die Reinigung, was besonders in der Lebensmittel- und Pharmaindustrie wichtig ist. Dar\u00fcber hinaus \u00fcberzeugen PTFE Pumpen durch ihre Best\u00e4ndigkeit gegen hohe Temperaturen und ihre chemische Neutralit\u00e4t, was die Lebensdauer der Anlagen deutlich erh\u00f6ht.<\/p><p>Fazit<\/p><p>Wer in Wiesbaden auf der Suche nach robusten, zuverl\u00e4ssigen und chemisch widerstandsf\u00e4higen Pumpen ist, findet mit PTFE Pumpen die optimale L\u00f6sung. Profitieren Sie von modernster Technik, die Ihre Prozesse sicherer und effizienter macht. Informieren Sie sich jetzt \u00fcber PTFE Pumpen in Wiesbaden und sichern Sie sich hochwertige Produkte f\u00fcr Ihre individuellen Anforderungen.<\/p><\/div><\/div><\/div>\t\t\t\t\t\t<\/div>\n\t\t\t\t<\/div>\n\t\t\t\t\t<\/div>\n\t\t<\/div>\n\t\t\t\t\t<\/div>\n\t\t<\/section>\n\t\t\t\t<\/div>","protected":false},"excerpt":{"rendered":"<p>PTFE Pumpen in Wiesbaden PTFE Pumpen in Wiesbaden \u2013 Zuverl\u00e4ssige L\u00f6sungen f\u00fcr anspruchsvolle Anwendungen PTFE Pumpen sind in Wiesbaden und Umgebung die erste Wahl, wenn es um den sicheren und effizienten Transport von aggressiven, chemisch reaktiven oder hochreinen Medien geht. Dank ihrer hervorragenden chemischen Best\u00e4ndigkeit und Temperaturresistenz sind PTFE Pumpen ideal f\u00fcr zahlreiche Branchen wie [&hellip;]<\/p>","protected":false},"author":2,"featured_media":0,"parent":0,"menu_order":0,"comment_status":"closed","ping_status":"closed","template":"","meta":{"_seopress_robots_primary_cat":"","_seopress_titles_title":"","_seopress_titles_desc":"","_seopress_robots_index":"","footnotes":""},"class_list":["post-777","page","type-page","status-publish","hentry"],"_links":{"self":[{"href":"https:\/\/geko-pumpen.de\/en\/wp-json\/wp\/v2\/pages\/777","targetHints":{"allow":["GET"]}}],"collection":[{"href":"https:\/\/geko-pumpen.de\/en\/wp-json\/wp\/v2\/pages"}],"about":[{"href":"https:\/\/geko-pumpen.de\/en\/wp-json\/wp\/v2\/types\/page"}],"author":[{"embeddable":true,"href":"https:\/\/geko-pumpen.de\/en\/wp-json\/wp\/v2\/users\/2"}],"replies":[{"embeddable":true,"href":"https:\/\/geko-pumpen.de\/en\/wp-json\/wp\/v2\/comments?post=777"}],"version-history":[{"count":4,"href":"https:\/\/geko-pumpen.de\/en\/wp-json\/wp\/v2\/pages\/777\/revisions"}],"predecessor-version":[{"id":781,"href":"https:\/\/geko-pumpen.de\/en\/wp-json\/wp\/v2\/pages\/777\/revisions\/781"}],"wp:attachment":[{"href":"https:\/\/geko-pumpen.de\/en\/wp-json\/wp\/v2\/media?parent=777"}],"curies":[{"name":"wp","href":"https:\/\/api.w.org\/{rel}","templated":true}]}}