{"id":770,"date":"2025-06-23T12:20:28","date_gmt":"2025-06-23T10:20:28","guid":{"rendered":"https:\/\/geko-pumpen.de\/?page_id=770"},"modified":"2025-06-23T12:22:46","modified_gmt":"2025-06-23T10:22:46","slug":"korrosionsbestandige-pumpen-in-wiesbaden","status":"publish","type":"page","link":"https:\/\/geko-pumpen.de\/en\/korrosionsbestandige-pumpen-in-wiesbaden\/","title":{"rendered":"\u00a0Korrosionsbest\u00e4ndige Pumpen in Wiesbaden"},"content":{"rendered":"<div data-elementor-type=\"wp-page\" data-elementor-id=\"770\" class=\"elementor elementor-770\">\n\t\t\t\t\t\t<section class=\"elementor-section elementor-top-section elementor-element elementor-element-e5a4832 elementor-section-boxed elementor-section-height-default elementor-section-height-default\" data-id=\"e5a4832\" data-element_type=\"section\">\n\t\t\t\t\t\t<div class=\"elementor-container elementor-column-gap-default\">\n\t\t\t\t\t<div class=\"elementor-column elementor-col-100 elementor-top-column elementor-element elementor-element-02c8d54\" data-id=\"02c8d54\" data-element_type=\"column\">\n\t\t\t<div class=\"elementor-widget-wrap elementor-element-populated\">\n\t\t\t\t\t\t<div class=\"elementor-element elementor-element-881d3b8 elementor-widget elementor-widget-text-editor\" data-id=\"881d3b8\" data-element_type=\"widget\" data-widget_type=\"text-editor.default\">\n\t\t\t\t<div class=\"elementor-widget-container\">\n\t\t\t\t\t\t\t<div class=\"col\"><h1>Korrosionsbest\u00e4ndige Pumpen in Wiesbaden<\/h1><\/div>\t\t\t\t\t\t<\/div>\n\t\t\t\t<\/div>\n\t\t\t\t\t<\/div>\n\t\t<\/div>\n\t\t\t\t\t<\/div>\n\t\t<\/section>\n\t\t\t\t<section class=\"elementor-section elementor-top-section elementor-element elementor-element-d6b6395 elementor-section-boxed elementor-section-height-default elementor-section-height-default elementor-invisible\" data-id=\"d6b6395\" data-element_type=\"section\" data-settings=\"{&quot;animation&quot;:&quot;fadeInUp&quot;,&quot;animation_delay&quot;:150}\">\n\t\t\t\t\t\t<div class=\"elementor-container elementor-column-gap-default\">\n\t\t\t\t\t<div class=\"elementor-column elementor-col-100 elementor-top-column elementor-element elementor-element-bd12c14\" data-id=\"bd12c14\" data-element_type=\"column\">\n\t\t\t<div class=\"elementor-widget-wrap elementor-element-populated\">\n\t\t\t\t\t\t<div class=\"elementor-element elementor-element-dcd281a elementor-widget elementor-widget-text-editor\" data-id=\"dcd281a\" data-element_type=\"widget\" data-widget_type=\"text-editor.default\">\n\t\t\t\t<div class=\"elementor-widget-container\">\n\t\t\t\t\t\t\t<div class=\"col large-6\"><div id=\"text_highlighted\"><div id=\"text_highlighted\"><p>Korrosionsbest\u00e4ndige Pumpen in Wiesbaden: Zuverl\u00e4ssigkeit f\u00fcr industrielle Anwendungen<\/p><p>Korrosionsbest\u00e4ndige Pumpen sind f\u00fcr viele Branchen in Wiesbaden von entscheidender Bedeutung, insbesondere f\u00fcr diejenigen, die mit aggressiven Chemikalien und anspruchsvollen Umgebungen arbeiten. Sei es in der chemischen Industrie, der Wasseraufbereitung oder in anderen technischen Anwendungen \u2013 hochwertige Pumpen, die korrosiven Bedingungen standhalten, sind unerl\u00e4sslich f\u00fcr eine effiziente und sichere Produktion.<\/p><p>Die Auswahl der richtigen korrosionsbest\u00e4ndigen Pumpe kann erhebliche Auswirkungen auf die Effizienz und Langlebigkeit Ihrer Anlagen haben. Diese Pumpen sind aus speziellen Materialien gefertigt, wie etwa Edelstahl, Titan oder speziellen Kunststoffen, die nicht nur eine hohe Best\u00e4ndigkeit gegen\u00fcber chemischen Angriffen bieten, sondern auch mechanischen Belastungen standhalten. In Wiesbaden gibt es zahlreiche Anbieter, die auf Pumpentechnologie spezialisiert sind und Ihnen helfen k\u00f6nnen, die geeignete Pumpe f\u00fcr Ihre spezifischen Anforderungen zu finden.<\/p><p>Ein weiterer Vorteil korrosionsbest\u00e4ndiger Pumpen ist die reduzierte Wartung. Langlebige Materialien minimieren den Verschlei\u00df und die Notwendigkeit h\u00e4ufiger Reparaturen, was die Betriebskosten senkt und die Effizienz Ihrer Anlagen steigert. So k\u00f6nnen Unternehmen in Wiesbaden nicht nur ihre Produktivit\u00e4t steigern, sondern auch ihren \u00f6kologischen Fu\u00dfabdruck reduzieren, da zuverl\u00e4ssige Pumpensysteme weniger Energie verbrauchen.<\/p><p>Zus\u00e4tzlich ist die lokale Verf\u00fcgbarkeit von Fachbetrieben in Wiesbaden ein gro\u00dfer Vorteil. Diese Unternehmen bieten nicht nur hochwertige Pumpen, sondern auch professionelle Beratung, Installation und Wartungsdienstleistungen an. Dank ihrer Kenntnis der regionalen Industriebed\u00fcrfnisse sind sie in der Lage, ma\u00dfgeschneiderte L\u00f6sungen anzubieten.<\/p><p>Investieren Sie in korrosionsbest\u00e4ndige Pumpen in Wiesbaden und sichern Sie sich die Zuverl\u00e4ssigkeit und Effizienz Ihrer Anwendungen. Kontaktieren Sie lokale Anbieter, um die besten L\u00f6sungen f\u00fcr Ihre Anforderungen zu erfahren und Ihren Betrieb nachhaltig zu optimieren!<\/p><\/div><\/div><\/div>\t\t\t\t\t\t<\/div>\n\t\t\t\t<\/div>\n\t\t\t\t\t<\/div>\n\t\t<\/div>\n\t\t\t\t\t<\/div>\n\t\t<\/section>\n\t\t\t\t<\/div>","protected":false},"excerpt":{"rendered":"<p>Energieeffiziente Pumpen &#8211; GEKO Pumpen Die GEKO Pumpen GmbH tr\u00e4gt bei der Entwicklung und Herstellung ihrer energieeffizienten Pumpen aktiv und nachhaltig zum Umweltschutz bei. Um dem stetig steigenden Energiebedarf entgegenzuwirken, haben unsere Entwicklungsingenieure in den letzten Jahren systematisch die Pumpen hinsichtlich der geforderten Energieeinsparungen verbessert: Durch die folgenden Ma\u00dfnahmen wurde der Wirkungsgrad im Vergleich zu [&hellip;]<\/p>","protected":false},"author":2,"featured_media":0,"parent":0,"menu_order":0,"comment_status":"closed","ping_status":"closed","template":"","meta":{"_seopress_robots_primary_cat":"","_seopress_titles_title":"","_seopress_titles_desc":"","_seopress_robots_index":"","footnotes":""},"class_list":["post-770","page","type-page","status-publish","hentry"],"_links":{"self":[{"href":"https:\/\/geko-pumpen.de\/en\/wp-json\/wp\/v2\/pages\/770","targetHints":{"allow":["GET"]}}],"collection":[{"href":"https:\/\/geko-pumpen.de\/en\/wp-json\/wp\/v2\/pages"}],"about":[{"href":"https:\/\/geko-pumpen.de\/en\/wp-json\/wp\/v2\/types\/page"}],"author":[{"embeddable":true,"href":"https:\/\/geko-pumpen.de\/en\/wp-json\/wp\/v2\/users\/2"}],"replies":[{"embeddable":true,"href":"https:\/\/geko-pumpen.de\/en\/wp-json\/wp\/v2\/comments?post=770"}],"version-history":[{"count":4,"href":"https:\/\/geko-pumpen.de\/en\/wp-json\/wp\/v2\/pages\/770\/revisions"}],"predecessor-version":[{"id":774,"href":"https:\/\/geko-pumpen.de\/en\/wp-json\/wp\/v2\/pages\/770\/revisions\/774"}],"wp:attachment":[{"href":"https:\/\/geko-pumpen.de\/en\/wp-json\/wp\/v2\/media?parent=770"}],"curies":[{"name":"wp","href":"https:\/\/api.w.org\/{rel}","templated":true}]}}