{"id":763,"date":"2025-05-28T09:22:15","date_gmt":"2025-05-28T07:22:15","guid":{"rendered":"https:\/\/geko-pumpen.de\/?page_id=763"},"modified":"2025-05-28T09:23:31","modified_gmt":"2025-05-28T07:23:31","slug":"pumpenreparatur-in-wiesbaden","status":"publish","type":"page","link":"https:\/\/geko-pumpen.de\/en\/pumpenreparatur-in-wiesbaden\/","title":{"rendered":"\u00a0Pumpenreparatur in Wiesbaden"},"content":{"rendered":"<div data-elementor-type=\"wp-page\" data-elementor-id=\"763\" class=\"elementor elementor-763\">\n\t\t\t\t\t\t<section class=\"elementor-section elementor-top-section elementor-element elementor-element-e5a4832 elementor-section-boxed elementor-section-height-default elementor-section-height-default\" data-id=\"e5a4832\" data-element_type=\"section\">\n\t\t\t\t\t\t<div class=\"elementor-container elementor-column-gap-default\">\n\t\t\t\t\t<div class=\"elementor-column elementor-col-100 elementor-top-column elementor-element elementor-element-02c8d54\" data-id=\"02c8d54\" data-element_type=\"column\">\n\t\t\t<div class=\"elementor-widget-wrap elementor-element-populated\">\n\t\t\t\t\t\t<div class=\"elementor-element elementor-element-881d3b8 elementor-widget elementor-widget-text-editor\" data-id=\"881d3b8\" data-element_type=\"widget\" data-widget_type=\"text-editor.default\">\n\t\t\t\t<div class=\"elementor-widget-container\">\n\t\t\t\t\t\t\t<div class=\"col\"><h1>Pumpenreparatur in Wiesbaden<\/h1><\/div>\t\t\t\t\t\t<\/div>\n\t\t\t\t<\/div>\n\t\t\t\t\t<\/div>\n\t\t<\/div>\n\t\t\t\t\t<\/div>\n\t\t<\/section>\n\t\t\t\t<section class=\"elementor-section elementor-top-section elementor-element elementor-element-d6b6395 elementor-section-boxed elementor-section-height-default elementor-section-height-default elementor-invisible\" data-id=\"d6b6395\" data-element_type=\"section\" data-settings=\"{&quot;animation&quot;:&quot;fadeInUp&quot;,&quot;animation_delay&quot;:150}\">\n\t\t\t\t\t\t<div class=\"elementor-container elementor-column-gap-default\">\n\t\t\t\t\t<div class=\"elementor-column elementor-col-100 elementor-top-column elementor-element elementor-element-bd12c14\" data-id=\"bd12c14\" data-element_type=\"column\">\n\t\t\t<div class=\"elementor-widget-wrap elementor-element-populated\">\n\t\t\t\t\t\t<div class=\"elementor-element elementor-element-dcd281a elementor-widget elementor-widget-text-editor\" data-id=\"dcd281a\" data-element_type=\"widget\" data-widget_type=\"text-editor.default\">\n\t\t\t\t<div class=\"elementor-widget-container\">\n\t\t\t\t\t\t\t<div class=\"col large-6\"><div id=\"text_highlighted\"><div id=\"text_highlighted\"><p>Pumpenreparatur in Wiesbaden: Schnelle Hilfe f\u00fcr Ihr Pumpensystem<\/p><p>Die Pumpenreparatur ist ein essenzieller Service f\u00fcr alle, die auf zuverl\u00e4ssige Pumpensysteme angewiesen sind. In Wiesbaden bieten zahlreiche Fachbetriebe kompetente Reparaturdienstleistungen an, um Defekte an Pumpen schnell und effizient zu beheben. Egal, ob es sich um Abwasser-, Heizungs- oder Druckpumpen handelt \u2013 eine zeitnahe Instandsetzung ist entscheidend, um Ausf\u00e4lle zu vermeiden und den Betrieb aufrechtzuerhalten.<\/p><p>Ein h\u00e4ufiges Problem bei Pumpen sind Verstopfungen oder mechanische Defekte, die die Funktionsf\u00e4higkeit beeintr\u00e4chtigen. Ein erfahrener Pumpenreparatur-Service in Wiesbaden analysiert und identifiziert rasch die Ursachen von St\u00f6rungen. Der Einsatz moderner Diagnosetechniken und Fachkenntnisse erm\u00f6glicht eine pr\u00e4zise und z\u00fcgige Probleml\u00f6sung.<\/p><p>Dar\u00fcber hinaus profitieren Sie von einem umfassenden Serviceangebot, das von der Reparatur \u00fcber Wartung bis hin zu Neubauten reicht. Regelm\u00e4\u00dfige Wartungen sind wichtig, um die Lebensdauer Ihrer Pumpen zu verl\u00e4ngern und unerwartete Ausf\u00e4lle zu verhindern. Die Experten in Wiesbaden bieten individuelle Wartungsvertr\u00e4ge an, die auf Ihre spezifischen Bed\u00fcrfnisse zugeschnitten sind.<\/p><p>Ein weiterer Vorteil der Pumpenreparatur in Wiesbaden ist die Kundenn\u00e4he. Lokale Dienstleister garantieren schnelle Reaktionszeiten und eine pers\u00f6nliche Beratung. Das schafft Vertrauen und erm\u00f6glicht eine Zusammenarbeit, die auf den individuellen Anforderungen Ihrer Pumpensysteme basiert.<\/p><p>Wenn Sie also in Wiesbaden leben und Probleme mit Ihrer Pumpe haben, z\u00f6gern Sie nicht, professionelle Hilfe in Anspruch zu nehmen. Die kompetente Pumpenreparatur sorgt daf\u00fcr, dass Ihr System schnell wieder einsatzbereit ist. So k\u00f6nnen Sie sich auf einen reibungslosen Betrieb verlassen und m\u00f6gliche Folgesch\u00e4den vermeiden. Vertrauen Sie den Experten vor Ort f\u00fcr eine effiziente und zuverl\u00e4ssige L\u00f6sung!<\/p><\/div><\/div><\/div>\t\t\t\t\t\t<\/div>\n\t\t\t\t<\/div>\n\t\t\t\t\t<\/div>\n\t\t<\/div>\n\t\t\t\t\t<\/div>\n\t\t<\/section>\n\t\t\t\t<\/div>","protected":false},"excerpt":{"rendered":"<p>Energieeffiziente Pumpen &#8211; GEKO Pumpen Die GEKO Pumpen GmbH tr\u00e4gt bei der Entwicklung und Herstellung ihrer energieeffizienten Pumpen aktiv und nachhaltig zum Umweltschutz bei. Um dem stetig steigenden Energiebedarf entgegenzuwirken, haben unsere Entwicklungsingenieure in den letzten Jahren systematisch die Pumpen hinsichtlich der geforderten Energieeinsparungen verbessert: Durch die folgenden Ma\u00dfnahmen wurde der Wirkungsgrad im Vergleich zu [&hellip;]<\/p>","protected":false},"author":2,"featured_media":0,"parent":0,"menu_order":0,"comment_status":"closed","ping_status":"closed","template":"","meta":{"_seopress_robots_primary_cat":"","_seopress_titles_title":"","_seopress_titles_desc":"","_seopress_robots_index":"","footnotes":""},"class_list":["post-763","page","type-page","status-publish","hentry"],"_links":{"self":[{"href":"https:\/\/geko-pumpen.de\/en\/wp-json\/wp\/v2\/pages\/763","targetHints":{"allow":["GET"]}}],"collection":[{"href":"https:\/\/geko-pumpen.de\/en\/wp-json\/wp\/v2\/pages"}],"about":[{"href":"https:\/\/geko-pumpen.de\/en\/wp-json\/wp\/v2\/types\/page"}],"author":[{"embeddable":true,"href":"https:\/\/geko-pumpen.de\/en\/wp-json\/wp\/v2\/users\/2"}],"replies":[{"embeddable":true,"href":"https:\/\/geko-pumpen.de\/en\/wp-json\/wp\/v2\/comments?post=763"}],"version-history":[{"count":4,"href":"https:\/\/geko-pumpen.de\/en\/wp-json\/wp\/v2\/pages\/763\/revisions"}],"predecessor-version":[{"id":767,"href":"https:\/\/geko-pumpen.de\/en\/wp-json\/wp\/v2\/pages\/763\/revisions\/767"}],"wp:attachment":[{"href":"https:\/\/geko-pumpen.de\/en\/wp-json\/wp\/v2\/media?parent=763"}],"curies":[{"name":"wp","href":"https:\/\/api.w.org\/{rel}","templated":true}]}}