{"id":742,"date":"2025-02-28T09:22:00","date_gmt":"2025-02-28T08:22:00","guid":{"rendered":"https:\/\/geko-pumpen.de\/?page_id=742"},"modified":"2025-02-28T09:23:09","modified_gmt":"2025-02-28T08:23:09","slug":"blockpumpen-in-europa","status":"publish","type":"page","link":"https:\/\/geko-pumpen.de\/en\/blockpumpen-in-europa\/","title":{"rendered":"\u00a0Blockpumpen in Europa"},"content":{"rendered":"<div data-elementor-type=\"wp-page\" data-elementor-id=\"742\" class=\"elementor elementor-742\">\n\t\t\t\t\t\t<section class=\"elementor-section elementor-top-section elementor-element elementor-element-e5a4832 elementor-section-boxed elementor-section-height-default elementor-section-height-default\" data-id=\"e5a4832\" data-element_type=\"section\">\n\t\t\t\t\t\t<div class=\"elementor-container elementor-column-gap-default\">\n\t\t\t\t\t<div class=\"elementor-column elementor-col-100 elementor-top-column elementor-element elementor-element-02c8d54\" data-id=\"02c8d54\" data-element_type=\"column\">\n\t\t\t<div class=\"elementor-widget-wrap elementor-element-populated\">\n\t\t\t\t\t\t<div class=\"elementor-element elementor-element-881d3b8 elementor-widget elementor-widget-text-editor\" data-id=\"881d3b8\" data-element_type=\"widget\" data-widget_type=\"text-editor.default\">\n\t\t\t\t<div class=\"elementor-widget-container\">\n\t\t\t\t\t\t\t<div class=\"col\"><h1>Blockpumpen in Europa<\/h1><\/div>\t\t\t\t\t\t<\/div>\n\t\t\t\t<\/div>\n\t\t\t\t\t<\/div>\n\t\t<\/div>\n\t\t\t\t\t<\/div>\n\t\t<\/section>\n\t\t\t\t<section class=\"elementor-section elementor-top-section elementor-element elementor-element-d6b6395 elementor-section-boxed elementor-section-height-default elementor-section-height-default elementor-invisible\" data-id=\"d6b6395\" data-element_type=\"section\" data-settings=\"{&quot;animation&quot;:&quot;fadeInUp&quot;,&quot;animation_delay&quot;:150}\">\n\t\t\t\t\t\t<div class=\"elementor-container elementor-column-gap-default\">\n\t\t\t\t\t<div class=\"elementor-column elementor-col-100 elementor-top-column elementor-element elementor-element-bd12c14\" data-id=\"bd12c14\" data-element_type=\"column\">\n\t\t\t<div class=\"elementor-widget-wrap elementor-element-populated\">\n\t\t\t\t\t\t<div class=\"elementor-element elementor-element-dcd281a elementor-widget elementor-widget-text-editor\" data-id=\"dcd281a\" data-element_type=\"widget\" data-widget_type=\"text-editor.default\">\n\t\t\t\t<div class=\"elementor-widget-container\">\n\t\t\t\t\t\t\t<div class=\"col large-6\"><div id=\"text_highlighted\"><div id=\"text_highlighted\"><p>Blockpumpen sind spezielle Pumpensysteme, die aufgrund ihrer kompakten Bauweise und hohen Effizienz in Europa immer beliebter werden. Diese Pumpen sind ideal f\u00fcr den Einsatz in verschiedenen Bereichen, darunter die Bauindustrie, die Landwirtschaft und die Abwasserwirtschaft. In der Regel zeichnen sich Blockpumpen durch ihre robuste Konstruktion und Langlebigkeit aus, was sie zu einer kosteneffizienten L\u00f6sung f\u00fcr viele Anwendungen macht.<\/p><p>In Europa sind Blockpumpen besonders gefragt, da sie sich gut an die unterschiedlichen klimatischen Bedingungen und Einsatzanforderungen anpassen lassen. Sie k\u00f6nnen sowohl in st\u00e4dtischen als auch l\u00e4ndlichen Gebieten eingesetzt werden. Bei der Auswahl einer Blockpumpe ist es wichtig, die spezifischen Anforderungen des Einsatzbereichs zu ber\u00fccksichtigen, wie z.B. F\u00f6rderh\u00f6he, Pumpenleistung und Medieneigenschaften.<\/p><p>Ein wesentlicher Vorteil von Blockpumpen ist ihre einfache Installation und Wartung. Dies spart Zeit und Kosten, insbesondere in industriellen Anwendungen, wo Ausfallzeiten minimiert werden m\u00fcssen. Zudem sind viele moderne Blockpumpen mit innovativen Technologien ausgestattet, die eine energieeffiziente Betriebsweise erm\u00f6glichen und somit zur Reduzierung der Betriebskosten beitragen.<\/p><p>In Europa gibt es zahlreiche Hersteller und Anbieter von Blockpumpen, die eine breite Palette von Modellen und Zubeh\u00f6r anbieten. Durch die Wahl eines renommierten Herstellers k\u00f6nnen Anwender sicherstellen, dass sie hochwertige Produkte erhalten, die europ\u00e4ischen Standards entsprechen.<\/p><p>Letztlich ist die Nachfrage nach Blockpumpen in Europa steigend, da Unternehmen zunehmend auf effiziente und nachhaltige L\u00f6sungen setzen. Daher wird erwartet, dass der Markt f\u00fcr Blockpumpen in den kommenden Jahren weiter wachsen wird. Wer in diese Technologie investiert, kann von den zahlreichen Vorteilen profitieren, die Blockpumpen bieten.<\/p><\/div><\/div><\/div>\t\t\t\t\t\t<\/div>\n\t\t\t\t<\/div>\n\t\t\t\t\t<\/div>\n\t\t<\/div>\n\t\t\t\t\t<\/div>\n\t\t<\/section>\n\t\t\t\t<\/div>","protected":false},"excerpt":{"rendered":"<p>Energieeffiziente Pumpen &#8211; GEKO Pumpen Die GEKO Pumpen GmbH tr\u00e4gt bei der Entwicklung und Herstellung ihrer energieeffizienten Pumpen aktiv und nachhaltig zum Umweltschutz bei. Um dem stetig steigenden Energiebedarf entgegenzuwirken, haben unsere Entwicklungsingenieure in den letzten Jahren systematisch die Pumpen hinsichtlich der geforderten Energieeinsparungen verbessert: Durch die folgenden Ma\u00dfnahmen wurde der Wirkungsgrad im Vergleich zu [&hellip;]<\/p>","protected":false},"author":2,"featured_media":0,"parent":0,"menu_order":0,"comment_status":"closed","ping_status":"closed","template":"","meta":{"_seopress_robots_primary_cat":"","_seopress_titles_title":"","_seopress_titles_desc":"","_seopress_robots_index":"","footnotes":""},"class_list":["post-742","page","type-page","status-publish","hentry"],"_links":{"self":[{"href":"https:\/\/geko-pumpen.de\/en\/wp-json\/wp\/v2\/pages\/742","targetHints":{"allow":["GET"]}}],"collection":[{"href":"https:\/\/geko-pumpen.de\/en\/wp-json\/wp\/v2\/pages"}],"about":[{"href":"https:\/\/geko-pumpen.de\/en\/wp-json\/wp\/v2\/types\/page"}],"author":[{"embeddable":true,"href":"https:\/\/geko-pumpen.de\/en\/wp-json\/wp\/v2\/users\/2"}],"replies":[{"embeddable":true,"href":"https:\/\/geko-pumpen.de\/en\/wp-json\/wp\/v2\/comments?post=742"}],"version-history":[{"count":4,"href":"https:\/\/geko-pumpen.de\/en\/wp-json\/wp\/v2\/pages\/742\/revisions"}],"predecessor-version":[{"id":746,"href":"https:\/\/geko-pumpen.de\/en\/wp-json\/wp\/v2\/pages\/742\/revisions\/746"}],"wp:attachment":[{"href":"https:\/\/geko-pumpen.de\/en\/wp-json\/wp\/v2\/media?parent=742"}],"curies":[{"name":"wp","href":"https:\/\/api.w.org\/{rel}","templated":true}]}}