{"id":728,"date":"2024-12-18T13:33:55","date_gmt":"2024-12-18T12:33:55","guid":{"rendered":"https:\/\/geko-pumpen.de\/?page_id=728"},"modified":"2024-12-18T13:35:53","modified_gmt":"2024-12-18T12:35:53","slug":"ptfe-pumpen-in-europa","status":"publish","type":"page","link":"https:\/\/geko-pumpen.de\/en\/ptfe-pumpen-in-europa\/","title":{"rendered":"\u00a0PTFE-Pumpen in Europa"},"content":{"rendered":"<div data-elementor-type=\"wp-page\" data-elementor-id=\"728\" class=\"elementor elementor-728\">\n\t\t\t\t\t\t<section class=\"elementor-section elementor-top-section elementor-element elementor-element-e5a4832 elementor-section-boxed elementor-section-height-default elementor-section-height-default\" data-id=\"e5a4832\" data-element_type=\"section\">\n\t\t\t\t\t\t<div class=\"elementor-container elementor-column-gap-default\">\n\t\t\t\t\t<div class=\"elementor-column elementor-col-100 elementor-top-column elementor-element elementor-element-02c8d54\" data-id=\"02c8d54\" data-element_type=\"column\">\n\t\t\t<div class=\"elementor-widget-wrap elementor-element-populated\">\n\t\t\t\t\t\t<div class=\"elementor-element elementor-element-881d3b8 elementor-widget elementor-widget-text-editor\" data-id=\"881d3b8\" data-element_type=\"widget\" data-widget_type=\"text-editor.default\">\n\t\t\t\t<div class=\"elementor-widget-container\">\n\t\t\t\t\t\t\t<div class=\"col\"><h1>PTFE-Pumpen Europa<\/h1><\/div>\t\t\t\t\t\t<\/div>\n\t\t\t\t<\/div>\n\t\t\t\t\t<\/div>\n\t\t<\/div>\n\t\t\t\t\t<\/div>\n\t\t<\/section>\n\t\t\t\t<section class=\"elementor-section elementor-top-section elementor-element elementor-element-d6b6395 elementor-section-boxed elementor-section-height-default elementor-section-height-default elementor-invisible\" data-id=\"d6b6395\" data-element_type=\"section\" data-settings=\"{&quot;animation&quot;:&quot;fadeInUp&quot;,&quot;animation_delay&quot;:150}\">\n\t\t\t\t\t\t<div class=\"elementor-container elementor-column-gap-default\">\n\t\t\t\t\t<div class=\"elementor-column elementor-col-100 elementor-top-column elementor-element elementor-element-bd12c14\" data-id=\"bd12c14\" data-element_type=\"column\">\n\t\t\t<div class=\"elementor-widget-wrap elementor-element-populated\">\n\t\t\t\t\t\t<div class=\"elementor-element elementor-element-dcd281a elementor-widget elementor-widget-text-editor\" data-id=\"dcd281a\" data-element_type=\"widget\" data-widget_type=\"text-editor.default\">\n\t\t\t\t<div class=\"elementor-widget-container\">\n\t\t\t\t\t\t\t<div class=\"col large-6\"><div id=\"text_highlighted\"><div id=\"text_highlighted\"><p>PTFE-Pumpen von Geko Pumpen \u2013 Qualit\u00e4t und Zuverl\u00e4ssigkeit in Europa<\/p><p>Geko Pumpen ist Ihr kompetenter Partner f\u00fcr hochwertige PTFE-Pumpen in Europa. PTFE, oder Polytetrafluorethylen, ist ein vielseitiges Material, das f\u00fcr seine chemische Best\u00e4ndigkeit und hohe Temperaturresistenz bekannt ist. Diese Eigenschaften machen PTFE-Pumpen ideal f\u00fcr den Einsatz in anspruchsvollen Anwendungen, wie in der chemischen Industrie, der Lebensmittelverarbeitung und der Pharmazie.<\/p><p>Unsere PTFE-Pumpen bieten einige entscheidende Vorteile. Sie sind korrosionsbest\u00e4ndig, wodurch sie problemlos aggressive Chemikalien transportieren k\u00f6nnen. Zudem minimieren unsere Pumpen das Risiko von Leckagen und damit verbundene Umweltsch\u00e4den, was sie zu einer nachhaltigen Wahl f\u00fcr umweltbewusste Unternehmen macht. Dank ihrer hohen Effizienz tragen Geko Pumpen au\u00dferdem zur Senkung Ihrer Betriebskosten bei.<\/p><p>In Europa setzen wir auf h\u00f6chste Qualit\u00e4tsstandards. Unsere PTFE-Pumpen werden nach strengen Richtlinien gefertigt und regelm\u00e4\u00dfig getestet, um sicherzustellen, dass sie die Anforderungen unserer Kunden stets erf\u00fcllen. Mit einer breiten Palette von Modellen bieten wir L\u00f6sungen f\u00fcr unterschiedlichste F\u00f6rderaufgaben, egal ob es sich um niedrige oder hohe F\u00f6rdermengen handelt.<\/p><p>Unser engagiertes Team von Experten steht Ihnen jederzeit zur Verf\u00fcgung, um ma\u00dfgeschneiderte L\u00f6sungen zu entwickeln, die auf Ihre spezifischen Bed\u00fcrfnisse zugeschnitten sind. Neben der Bereitstellung erstklassiger Produkte legen wir auch gro\u00dfen Wert auf einen exzellenten Kundenservice.<\/p><p>Entscheiden Sie sich f\u00fcr Geko Pumpen und profitieren Sie von der Zuverl\u00e4ssigkeit und Leistungsf\u00e4higkeit unserer PTFE-Pumpen. Kontaktieren Sie uns noch heute f\u00fcr eine individuelle Beratung und erfahren Sie, wie unsere Pumpen Ihre Produktionsprozesse optimieren k\u00f6nnen. Vertrauen Sie auf unsere Expertise und stellen Sie die Weichen f\u00fcr eine nachhaltige Zukunft in Ihrer Branche.<\/p><\/div><\/div><\/div>\t\t\t\t\t\t<\/div>\n\t\t\t\t<\/div>\n\t\t\t\t\t<\/div>\n\t\t<\/div>\n\t\t\t\t\t<\/div>\n\t\t<\/section>\n\t\t\t\t<\/div>","protected":false},"excerpt":{"rendered":"<p>Energieeffiziente Pumpen &#8211; GEKO Pumpen Die GEKO Pumpen GmbH tr\u00e4gt bei der Entwicklung und Herstellung ihrer energieeffizienten Pumpen aktiv und nachhaltig zum Umweltschutz bei. Um dem stetig steigenden Energiebedarf entgegenzuwirken, haben unsere Entwicklungsingenieure in den letzten Jahren systematisch die Pumpen hinsichtlich der geforderten Energieeinsparungen verbessert: Durch die folgenden Ma\u00dfnahmen wurde der Wirkungsgrad im Vergleich zu [&hellip;]<\/p>","protected":false},"author":2,"featured_media":0,"parent":0,"menu_order":0,"comment_status":"closed","ping_status":"closed","template":"","meta":{"_seopress_robots_primary_cat":"","_seopress_titles_title":"","_seopress_titles_desc":"","_seopress_robots_index":"","footnotes":""},"class_list":["post-728","page","type-page","status-publish","hentry"],"_links":{"self":[{"href":"https:\/\/geko-pumpen.de\/en\/wp-json\/wp\/v2\/pages\/728","targetHints":{"allow":["GET"]}}],"collection":[{"href":"https:\/\/geko-pumpen.de\/en\/wp-json\/wp\/v2\/pages"}],"about":[{"href":"https:\/\/geko-pumpen.de\/en\/wp-json\/wp\/v2\/types\/page"}],"author":[{"embeddable":true,"href":"https:\/\/geko-pumpen.de\/en\/wp-json\/wp\/v2\/users\/2"}],"replies":[{"embeddable":true,"href":"https:\/\/geko-pumpen.de\/en\/wp-json\/wp\/v2\/comments?post=728"}],"version-history":[{"count":4,"href":"https:\/\/geko-pumpen.de\/en\/wp-json\/wp\/v2\/pages\/728\/revisions"}],"predecessor-version":[{"id":732,"href":"https:\/\/geko-pumpen.de\/en\/wp-json\/wp\/v2\/pages\/728\/revisions\/732"}],"wp:attachment":[{"href":"https:\/\/geko-pumpen.de\/en\/wp-json\/wp\/v2\/media?parent=728"}],"curies":[{"name":"wp","href":"https:\/\/api.w.org\/{rel}","templated":true}]}}