{"id":711,"date":"2024-10-25T10:10:07","date_gmt":"2024-10-25T08:10:07","guid":{"rendered":"https:\/\/geko-pumpen.de\/?page_id=711"},"modified":"2024-10-25T10:11:12","modified_gmt":"2024-10-25T08:11:12","slug":"magnetpumpen-deutschland","status":"publish","type":"page","link":"https:\/\/geko-pumpen.de\/en\/magnetpumpen-deutschland\/","title":{"rendered":"\u00a0\u00a0Blockpumpen in Deutschland"},"content":{"rendered":"<div data-elementor-type=\"wp-page\" data-elementor-id=\"711\" class=\"elementor elementor-711\">\n\t\t\t\t\t\t<section class=\"elementor-section elementor-top-section elementor-element elementor-element-e5a4832 elementor-section-boxed elementor-section-height-default elementor-section-height-default\" data-id=\"e5a4832\" data-element_type=\"section\">\n\t\t\t\t\t\t<div class=\"elementor-container elementor-column-gap-default\">\n\t\t\t\t\t<div class=\"elementor-column elementor-col-100 elementor-top-column elementor-element elementor-element-02c8d54\" data-id=\"02c8d54\" data-element_type=\"column\">\n\t\t\t<div class=\"elementor-widget-wrap elementor-element-populated\">\n\t\t\t\t\t\t<div class=\"elementor-element elementor-element-881d3b8 elementor-widget elementor-widget-text-editor\" data-id=\"881d3b8\" data-element_type=\"widget\" data-widget_type=\"text-editor.default\">\n\t\t\t\t<div class=\"elementor-widget-container\">\n\t\t\t\t\t\t\t<div class=\"col\"><h1>Blockpumpen in Deutschland<\/h1><\/div>\t\t\t\t\t\t<\/div>\n\t\t\t\t<\/div>\n\t\t\t\t\t<\/div>\n\t\t<\/div>\n\t\t\t\t\t<\/div>\n\t\t<\/section>\n\t\t\t\t<section class=\"elementor-section elementor-top-section elementor-element elementor-element-d6b6395 elementor-section-boxed elementor-section-height-default elementor-section-height-default elementor-invisible\" data-id=\"d6b6395\" data-element_type=\"section\" data-settings=\"{&quot;animation&quot;:&quot;fadeInUp&quot;,&quot;animation_delay&quot;:150}\">\n\t\t\t\t\t\t<div class=\"elementor-container elementor-column-gap-default\">\n\t\t\t\t\t<div class=\"elementor-column elementor-col-100 elementor-top-column elementor-element elementor-element-bd12c14\" data-id=\"bd12c14\" data-element_type=\"column\">\n\t\t\t<div class=\"elementor-widget-wrap elementor-element-populated\">\n\t\t\t\t\t\t<div class=\"elementor-element elementor-element-dcd281a elementor-widget elementor-widget-text-editor\" data-id=\"dcd281a\" data-element_type=\"widget\" data-widget_type=\"text-editor.default\">\n\t\t\t\t<div class=\"elementor-widget-container\">\n\t\t\t\t\t\t\t<div class=\"col large-6\"><div id=\"text_highlighted\"><div id=\"text_highlighted\"><p>Blockpumpen in Deutschland: Effiziente L\u00f6sungen f\u00fcr verschiedene Anwendungen<\/p><p>Blockpumpen haben in Deutschland zunehmend an Bedeutung gewonnen, insbesondere in den Bereichen Bauwirtschaft, Landwirtschaft und Industrie. Diese kompakten Pumpen sind bekannt f\u00fcr ihre Vielseitigkeit, Robustheit und einfache Handhabung. Sie werden in verschiedenen Anwendungen eingesetzt, von der Entw\u00e4sserung und Wasserf\u00f6rderung bis hin zur chemischen Verarbeitung und Lebensmittelindustrie.<\/p><p>Ein herausragendes Merkmal der Blockpumpen ist ihre kompakte Bauweise. Sie sind in der Lage, hohe F\u00f6rdermengen bei gleichzeitig geringem Platzbedarf zu liefern. Das macht sie ideal f\u00fcr enge Baustellen oder als mobile L\u00f6sung auf dem Feld. Dar\u00fcber hinaus bieten viele Hersteller in Deutschland eine Vielzahl von Modellen und Ausf\u00fchrungen an, die sich an die spezifischen Bed\u00fcrfnisse der Kunden anpassen lassen.<\/p><p>Ein weiterer Vorteil von Blockpumpen ist ihre Energieeffizienz. Modernste Technologien erm\u00f6glichen eine optimale Nutzung des Antriebs, wodurch die Betriebskosten gesenkt werden k\u00f6nnen. In Zeiten, in denen Energiepreise steigen und Nachhaltigkeit gro\u00dfgeschrieben wird, sind Blockpumpen eine umweltfreundliche und wirtschaftliche Wahl.<\/p><p>Die Qualit\u00e4t und Langlebigkeit der in Deutschland hergestellten Blockpumpen ist un\u00fcbertroffen. Viele Hersteller setzen auf hochwertige Materialien und innovative Fertigungsmethoden, um langlebige Produkte zu gew\u00e4hrleisten. Dies reduziert nicht nur die Wartungskosten, sondern erh\u00f6ht auch die Betriebssicherheit, was in vielen Anwendungen von entscheidender Bedeutung ist.<\/p><p>Insgesamt sind Blockpumpen eine hervorragende L\u00f6sung f\u00fcr viele Branchen in Deutschland. Ihre Kombination aus Effizienz, Flexibilit\u00e4t und Zuverl\u00e4ssigkeit macht sie zu einer gefragten Wahl f\u00fcr Unternehmen, die auf der Suche nach effektiven Pumpensystemen sind. Ob in der Industrie, im Bauwesen oder in der Landwirtschaft \u2013 Blockpumpen sind eine Investition, die sich langfristig auszahlt.<\/p><\/div><\/div><\/div>\t\t\t\t\t\t<\/div>\n\t\t\t\t<\/div>\n\t\t\t\t\t<\/div>\n\t\t<\/div>\n\t\t\t\t\t<\/div>\n\t\t<\/section>\n\t\t\t\t<\/div>","protected":false},"excerpt":{"rendered":"<p>Energieeffiziente Pumpen &#8211; GEKO Pumpen Die GEKO Pumpen GmbH tr\u00e4gt bei der Entwicklung und Herstellung ihrer energieeffizienten Pumpen aktiv und nachhaltig zum Umweltschutz bei. Um dem stetig steigenden Energiebedarf entgegenzuwirken, haben unsere Entwicklungsingenieure in den letzten Jahren systematisch die Pumpen hinsichtlich der geforderten Energieeinsparungen verbessert: Durch die folgenden Ma\u00dfnahmen wurde der Wirkungsgrad im Vergleich zu [&hellip;]<\/p>","protected":false},"author":2,"featured_media":0,"parent":0,"menu_order":0,"comment_status":"closed","ping_status":"closed","template":"","meta":{"_seopress_robots_primary_cat":"","_seopress_titles_title":"","_seopress_titles_desc":"","_seopress_robots_index":"","footnotes":""},"class_list":["post-711","page","type-page","status-publish","hentry"],"_links":{"self":[{"href":"https:\/\/geko-pumpen.de\/en\/wp-json\/wp\/v2\/pages\/711","targetHints":{"allow":["GET"]}}],"collection":[{"href":"https:\/\/geko-pumpen.de\/en\/wp-json\/wp\/v2\/pages"}],"about":[{"href":"https:\/\/geko-pumpen.de\/en\/wp-json\/wp\/v2\/types\/page"}],"author":[{"embeddable":true,"href":"https:\/\/geko-pumpen.de\/en\/wp-json\/wp\/v2\/users\/2"}],"replies":[{"embeddable":true,"href":"https:\/\/geko-pumpen.de\/en\/wp-json\/wp\/v2\/comments?post=711"}],"version-history":[{"count":4,"href":"https:\/\/geko-pumpen.de\/en\/wp-json\/wp\/v2\/pages\/711\/revisions"}],"predecessor-version":[{"id":715,"href":"https:\/\/geko-pumpen.de\/en\/wp-json\/wp\/v2\/pages\/711\/revisions\/715"}],"wp:attachment":[{"href":"https:\/\/geko-pumpen.de\/en\/wp-json\/wp\/v2\/media?parent=711"}],"curies":[{"name":"wp","href":"https:\/\/api.w.org\/{rel}","templated":true}]}}