{"id":704,"date":"2024-09-27T09:37:36","date_gmt":"2024-09-27T07:37:36","guid":{"rendered":"https:\/\/geko-pumpen.de\/?page_id=704"},"modified":"2024-09-27T09:38:48","modified_gmt":"2024-09-27T07:38:48","slug":"pumpenreparatur-deutschland","status":"publish","type":"page","link":"https:\/\/geko-pumpen.de\/en\/pumpenreparatur-deutschland\/","title":{"rendered":"\u00a0\u00a0Magnetpumpen Deutschland"},"content":{"rendered":"<div data-elementor-type=\"wp-page\" data-elementor-id=\"704\" class=\"elementor elementor-704\">\n\t\t\t\t\t\t<section class=\"elementor-section elementor-top-section elementor-element elementor-element-e5a4832 elementor-section-boxed elementor-section-height-default elementor-section-height-default\" data-id=\"e5a4832\" data-element_type=\"section\">\n\t\t\t\t\t\t<div class=\"elementor-container elementor-column-gap-default\">\n\t\t\t\t\t<div class=\"elementor-column elementor-col-100 elementor-top-column elementor-element elementor-element-02c8d54\" data-id=\"02c8d54\" data-element_type=\"column\">\n\t\t\t<div class=\"elementor-widget-wrap elementor-element-populated\">\n\t\t\t\t\t\t<div class=\"elementor-element elementor-element-881d3b8 elementor-widget elementor-widget-text-editor\" data-id=\"881d3b8\" data-element_type=\"widget\" data-widget_type=\"text-editor.default\">\n\t\t\t\t<div class=\"elementor-widget-container\">\n\t\t\t\t\t\t\t<div class=\"col\"><h1><b>Magnetpumpen Deutschland<\/b><\/h1><\/div>\t\t\t\t\t\t<\/div>\n\t\t\t\t<\/div>\n\t\t\t\t\t<\/div>\n\t\t<\/div>\n\t\t\t\t\t<\/div>\n\t\t<\/section>\n\t\t\t\t<section class=\"elementor-section elementor-top-section elementor-element elementor-element-d6b6395 elementor-section-boxed elementor-section-height-default elementor-section-height-default elementor-invisible\" data-id=\"d6b6395\" data-element_type=\"section\" data-settings=\"{&quot;animation&quot;:&quot;fadeInUp&quot;,&quot;animation_delay&quot;:150}\">\n\t\t\t\t\t\t<div class=\"elementor-container elementor-column-gap-default\">\n\t\t\t\t\t<div class=\"elementor-column elementor-col-100 elementor-top-column elementor-element elementor-element-bd12c14\" data-id=\"bd12c14\" data-element_type=\"column\">\n\t\t\t<div class=\"elementor-widget-wrap elementor-element-populated\">\n\t\t\t\t\t\t<div class=\"elementor-element elementor-element-dcd281a elementor-widget elementor-widget-text-editor\" data-id=\"dcd281a\" data-element_type=\"widget\" data-widget_type=\"text-editor.default\">\n\t\t\t\t<div class=\"elementor-widget-container\">\n\t\t\t\t\t\t\t<div class=\"col large-6\"><div id=\"text_highlighted\"><div id=\"text_highlighted\"><p><b>Magnetpumpen Deutschland<\/b><\/p><p>\u00a0<\/p><div><div class=\"preview\">Magnetpumpen\u00a0vom Fachmann aus\u00a0Deutschland<br \/><br \/>Auch in\u00a0Deutschland\u00a0kommen\u00a0Magnetpumpen\u00a0h\u00e4ufig zum Einsatz, und zwar meistens dort, wo besonders kritische, schwierige oder wertvolle Fl\u00fcssigkeiten gepumpt werden m\u00fcssen. Dazu geh\u00f6ren unter anderem S\u00e4uren und Basen, brennbare und\/oder \u00e4tzende Stoffe, Schl\u00e4mme, organische Fl\u00fcssigkeiten und auch anorganische L\u00f6sungen. Mit herk\u00f6mmlichen Pumpen w\u00fcrden sich Leckagen niemals vollst\u00e4ndig verhindern lassen.\u00a0Magnetpumpen\u00a0trennen den Produktraum jedoch absolut sicher von der Umwelt. Das Risiko, dass es zu einem Produktaustritt mit unter Umst\u00e4nden schwerwiegenden Folgen kommt, l\u00e4sst sich somit ausschlie\u00dfen. Bei uns in\u00a0Deutschland\u00a0findet man\u00a0Magnetpumpen\u00a0daher haupts\u00e4chlich in der pharmazeutischen Industrie, der Petrochemie und der chemischen Industrie. Sie z\u00e4hlen zu den hermetisch dichten Pumpen und gelten als &#8222;saubere&#8220; Pumpentechnologie, da sie eine maximale Sicherheit bieten. Unser 1983 gegr\u00fcndetes Familienunternehmen hat sich auf die Entwicklung, Konstruktion und Herstellung von hochmodernen\u00a0Magnetpumpen\u00a0spezialisiert und ist weit \u00fcber\u00a0Deutschland\u00a0hinaus f\u00fcr seinen hohen Qualit\u00e4tsanspruch bekannt. Wir bieten unseren Kunden durchdachte und optimale L\u00f6sungen f\u00fcr die verschiedensten Einsatzbereiche. Zu unseren St\u00e4rken geh\u00f6ren eine flexible Fertigung sowie eine zuverl\u00e4ssige, zeitnahe Lieferung.<br \/><br \/>Sie interessieren sich f\u00fcr hochwertige\u00a0Magnetpumpen\u00a0aus\u00a0Deutschland?<br \/>Nehmen Sie gerne jederzeit Kontakt mit uns auf! Wir beraten Sie kompetent zu Ihren Anforderungen und entwickeln auch f\u00fcr Sie die passende L\u00f6sung. Unsere\u00a0Magnetpumpen\u00a0Einzelanfertigungen richten sich voll und ganz nach den Vorstellungen und Bed\u00fcrfnissen unserer Kunden. Selbstverst\u00e4ndlich f\u00fchren wir auch in unserem Sortiment eine umfangreiche Produktpalette an\u00a0Magnetpumpen, die nicht nur in\u00a0Deutschland, sondern auch international in den verschiedensten Branchen, aber auch bei Privatpersonen zum Einsatz kommen. Sie k\u00f6nnen die Pumpen bequem online bestellen und von einem vorteilhaften Lieferservice profitieren. Selbstverst\u00e4ndlich bieten wir Ihnen auch einen kundenfreundlichen Service. Unsere Au\u00dfendienstmitarbeiter sind in ganz\u00a0Deutschland\u00a0f\u00fcr Sie da, und auch im Ausland vertreten uns nat\u00fcrlich verl\u00e4ssliche Partner. \u00dcbrigens: Zu unseren Leistungen geh\u00f6ren auch ein schneller Reparatur- und ein praktischer Ersatzteilservice! Fragen Sie uns jetzt nach unseren innovativen\u00a0Magnetpumpen!<\/div><\/div><\/div><\/div><\/div>\t\t\t\t\t\t<\/div>\n\t\t\t\t<\/div>\n\t\t\t\t\t<\/div>\n\t\t<\/div>\n\t\t\t\t\t<\/div>\n\t\t<\/section>\n\t\t\t\t<\/div>","protected":false},"excerpt":{"rendered":"<p>Energieeffiziente Pumpen &#8211; GEKO Pumpen Die GEKO Pumpen GmbH tr\u00e4gt bei der Entwicklung und Herstellung ihrer energieeffizienten Pumpen aktiv und nachhaltig zum Umweltschutz bei. Um dem stetig steigenden Energiebedarf entgegenzuwirken, haben unsere Entwicklungsingenieure in den letzten Jahren systematisch die Pumpen hinsichtlich der geforderten Energieeinsparungen verbessert: Durch die folgenden Ma\u00dfnahmen wurde der Wirkungsgrad im Vergleich zu [&hellip;]<\/p>","protected":false},"author":2,"featured_media":0,"parent":0,"menu_order":0,"comment_status":"closed","ping_status":"closed","template":"","meta":{"_seopress_robots_primary_cat":"","_seopress_titles_title":"","_seopress_titles_desc":"","_seopress_robots_index":"","footnotes":""},"class_list":["post-704","page","type-page","status-publish","hentry"],"_links":{"self":[{"href":"https:\/\/geko-pumpen.de\/en\/wp-json\/wp\/v2\/pages\/704","targetHints":{"allow":["GET"]}}],"collection":[{"href":"https:\/\/geko-pumpen.de\/en\/wp-json\/wp\/v2\/pages"}],"about":[{"href":"https:\/\/geko-pumpen.de\/en\/wp-json\/wp\/v2\/types\/page"}],"author":[{"embeddable":true,"href":"https:\/\/geko-pumpen.de\/en\/wp-json\/wp\/v2\/users\/2"}],"replies":[{"embeddable":true,"href":"https:\/\/geko-pumpen.de\/en\/wp-json\/wp\/v2\/comments?post=704"}],"version-history":[{"count":4,"href":"https:\/\/geko-pumpen.de\/en\/wp-json\/wp\/v2\/pages\/704\/revisions"}],"predecessor-version":[{"id":708,"href":"https:\/\/geko-pumpen.de\/en\/wp-json\/wp\/v2\/pages\/704\/revisions\/708"}],"wp:attachment":[{"href":"https:\/\/geko-pumpen.de\/en\/wp-json\/wp\/v2\/media?parent=704"}],"curies":[{"name":"wp","href":"https:\/\/api.w.org\/{rel}","templated":true}]}}