{"id":690,"date":"2024-07-29T09:32:30","date_gmt":"2024-07-29T07:32:30","guid":{"rendered":"https:\/\/geko-pumpen.de\/?page_id=690"},"modified":"2024-07-29T09:37:35","modified_gmt":"2024-07-29T07:37:35","slug":"normpumpen-deutschland-2","status":"publish","type":"page","link":"https:\/\/geko-pumpen.de\/en\/normpumpen-deutschland-2\/","title":{"rendered":"\u00a0\u00a0PTFE-Pumpen Deutschland"},"content":{"rendered":"<div data-elementor-type=\"wp-page\" data-elementor-id=\"690\" class=\"elementor elementor-690\">\n\t\t\t\t\t\t<section class=\"elementor-section elementor-top-section elementor-element elementor-element-e5a4832 elementor-section-boxed elementor-section-height-default elementor-section-height-default\" data-id=\"e5a4832\" data-element_type=\"section\">\n\t\t\t\t\t\t<div class=\"elementor-container elementor-column-gap-default\">\n\t\t\t\t\t<div class=\"elementor-column elementor-col-100 elementor-top-column elementor-element elementor-element-02c8d54\" data-id=\"02c8d54\" data-element_type=\"column\">\n\t\t\t<div class=\"elementor-widget-wrap elementor-element-populated\">\n\t\t\t\t\t\t<div class=\"elementor-element elementor-element-881d3b8 elementor-widget elementor-widget-text-editor\" data-id=\"881d3b8\" data-element_type=\"widget\" data-widget_type=\"text-editor.default\">\n\t\t\t\t<div class=\"elementor-widget-container\">\n\t\t\t\t\t\t\t<div class=\"col\"><h1><b>PTFE-Pumpen Deutschland<\/b><\/h1><\/div>\t\t\t\t\t\t<\/div>\n\t\t\t\t<\/div>\n\t\t\t\t\t<\/div>\n\t\t<\/div>\n\t\t\t\t\t<\/div>\n\t\t<\/section>\n\t\t\t\t<section class=\"elementor-section elementor-top-section elementor-element elementor-element-d6b6395 elementor-section-boxed elementor-section-height-default elementor-section-height-default elementor-invisible\" data-id=\"d6b6395\" data-element_type=\"section\" data-settings=\"{&quot;animation&quot;:&quot;fadeInUp&quot;,&quot;animation_delay&quot;:150}\">\n\t\t\t\t\t\t<div class=\"elementor-container elementor-column-gap-default\">\n\t\t\t\t\t<div class=\"elementor-column elementor-col-100 elementor-top-column elementor-element elementor-element-bd12c14\" data-id=\"bd12c14\" data-element_type=\"column\">\n\t\t\t<div class=\"elementor-widget-wrap elementor-element-populated\">\n\t\t\t\t\t\t<div class=\"elementor-element elementor-element-dcd281a elementor-widget elementor-widget-text-editor\" data-id=\"dcd281a\" data-element_type=\"widget\" data-widget_type=\"text-editor.default\">\n\t\t\t\t<div class=\"elementor-widget-container\">\n\t\t\t\t\t\t\t<div class=\"col large-6\"><div id=\"text_highlighted\"><div id=\"text_highlighted\"><p><b>PTFE-Pumpen Deutschland<\/b><\/p><br \/><div><div class=\"preview\">PTFE-Pumpen\u00a0f\u00fcr die Industrie in\u00a0Deutschland<br \/><br \/>PTFE-Pumpen\u00a0sind in der Industrie in\u00a0Deutschland\u00a0ein unverzichtbares Element in zahlreichen Anwendungen, in denen chemische oder abrasive Medien von A nach B bef\u00f6rdert werden. PTFE steht als Abk\u00fcrzung f\u00fcr den Kunststoff Polytetrafluorethylen. Dabei handelt es sich um ein au\u00dfergew\u00f6hnlich robustes Material, das aufgrund seiner s\u00e4ure- und abrasionsbest\u00e4ndigen Eigenschaften fast jede Fl\u00fcssigkeit f\u00f6rdert, unter anderem Salpeters\u00e4ure. Egal, ob Sie in der Chemie-, Pharma-, Lebensmittel- oder Automobilindustrie t\u00e4tig sind,\u00a0PTFE-Pumpen\u00a0eignen sich am Standort\u00a0Deutschland\u00a0f\u00fcr eine Vielzahl von Einsatzgebieten. Die Pumpen sind an den Innenseiten beschichtet. au\u00dferdem geh\u00f6ren zur Ausstattung spezielle Dichtungen. Auf diese Weise entsprechen unsere\u00a0PTFE-Pumpen\u00a0den Leistungsanforderungen der in\u00a0Deutschland\u00a0geltenden DIN EN 22858.<br \/><br \/>F\u00fcr starke Temperaturgef\u00e4lle geeignet<br \/><br \/>Als Blockpumpen werden\u00a0PTFE-Pumpen\u00a0\u00fcberall dort eingesetzt, wo verschiedene Medien in\u00a0Deutschland\u00a0Transport ben\u00f6tigen. Sie besitzen keine Kupplung und dienen als Dreh- und Angelpunkte in kleinen, mittleren und gro\u00dfen industriellen Anlagen. Der Antrieb der\u00a0PTFE-Pumpen\u00a0erfolgt entweder mit einer Antriebswelle oder mit einem Motor. Je nachdem, welches Medium gef\u00f6rdert werden soll, halten die Blockpumpen Temperaturbereichen von &#8211; 25 \u00b0C bis + 140 \u00b0C stand. Damit sie ihre hohe Leistungsf\u00e4higkeit behalten und langlebig bleiben, tragen die Pumpen die weiter oben erw\u00e4hnte Innenbeschichtung. Die Gleitringdichtungen k\u00f6nnen aus Kohle- und Siliziumkarbid-Verbindungen oder aus Siliziumkarbid- bzw. Siliziumkarbid-Verbindungen bestehen.<br \/><br \/>PTFE-Pumpen\u00a0sind im Dauerbetrieb einsetzbar<br \/><br \/>In\u00a0Deutschland\u00a0werden\u00a0PTFE-Pumpen\u00a0auch in privaten Ein- und Zweifamilienh\u00e4usern in der Heiztechnik oder zwecks Druckerh\u00f6hung im Wasserkreislauf verwendet. Ebenso k\u00f6nnen Sie sie zur Wasserf\u00f6rderung nutzen. Bei der Bew\u00e4sserung leisten sie ebenfalls optimale Dienste. In den meisten F\u00e4llen finden Sie die effizienten Pumpen in\u00a0Deutschland\u00a0jedoch im Gewerbe oder in der Industrie. Axial ausgerichtete Saugstutzen erm\u00f6glichen den Pumpvorgang bei den\u00a0PTFE-Pumpen, w\u00e4hrend eine ausgewuchtete Welle f\u00fcr den Antrieb verantwortlich ist. So vermeiden Sie Vibrationen und k\u00f6nnen die Pumpe in Ihrem Industriezweig im Dauerbetrieb laufen lassen.<\/div><\/div><\/div><\/div><\/div>\t\t\t\t\t\t<\/div>\n\t\t\t\t<\/div>\n\t\t\t\t\t<\/div>\n\t\t<\/div>\n\t\t\t\t\t<\/div>\n\t\t<\/section>\n\t\t\t\t<\/div>","protected":false},"excerpt":{"rendered":"<p>Energieeffiziente Pumpen &#8211; GEKO Pumpen Die GEKO Pumpen GmbH tr\u00e4gt bei der Entwicklung und Herstellung ihrer energieeffizienten Pumpen aktiv und nachhaltig zum Umweltschutz bei. Um dem stetig steigenden Energiebedarf entgegenzuwirken, haben unsere Entwicklungsingenieure in den letzten Jahren systematisch die Pumpen hinsichtlich der geforderten Energieeinsparungen verbessert: Durch die folgenden Ma\u00dfnahmen wurde der Wirkungsgrad im Vergleich zu [&hellip;]<\/p>","protected":false},"author":2,"featured_media":0,"parent":0,"menu_order":0,"comment_status":"closed","ping_status":"closed","template":"","meta":{"_seopress_robots_primary_cat":"","_seopress_titles_title":"","_seopress_titles_desc":"","_seopress_robots_index":"","footnotes":""},"class_list":["post-690","page","type-page","status-publish","hentry"],"_links":{"self":[{"href":"https:\/\/geko-pumpen.de\/en\/wp-json\/wp\/v2\/pages\/690","targetHints":{"allow":["GET"]}}],"collection":[{"href":"https:\/\/geko-pumpen.de\/en\/wp-json\/wp\/v2\/pages"}],"about":[{"href":"https:\/\/geko-pumpen.de\/en\/wp-json\/wp\/v2\/types\/page"}],"author":[{"embeddable":true,"href":"https:\/\/geko-pumpen.de\/en\/wp-json\/wp\/v2\/users\/2"}],"replies":[{"embeddable":true,"href":"https:\/\/geko-pumpen.de\/en\/wp-json\/wp\/v2\/comments?post=690"}],"version-history":[{"count":4,"href":"https:\/\/geko-pumpen.de\/en\/wp-json\/wp\/v2\/pages\/690\/revisions"}],"predecessor-version":[{"id":694,"href":"https:\/\/geko-pumpen.de\/en\/wp-json\/wp\/v2\/pages\/690\/revisions\/694"}],"wp:attachment":[{"href":"https:\/\/geko-pumpen.de\/en\/wp-json\/wp\/v2\/media?parent=690"}],"curies":[{"name":"wp","href":"https:\/\/api.w.org\/{rel}","templated":true}]}}