{"id":671,"date":"2024-06-26T09:42:15","date_gmt":"2024-06-26T07:42:15","guid":{"rendered":"https:\/\/geko-pumpen.de\/?page_id=671"},"modified":"2024-06-26T09:43:21","modified_gmt":"2024-06-26T07:43:21","slug":"pumpen-deutschland","status":"publish","type":"page","link":"https:\/\/geko-pumpen.de\/en\/pumpen-deutschland\/","title":{"rendered":"\u00a0\u00a0Pumpen Deutschland"},"content":{"rendered":"<div data-elementor-type=\"wp-page\" data-elementor-id=\"671\" class=\"elementor elementor-671\">\n\t\t\t\t\t\t<section class=\"elementor-section elementor-top-section elementor-element elementor-element-e5a4832 elementor-section-boxed elementor-section-height-default elementor-section-height-default\" data-id=\"e5a4832\" data-element_type=\"section\">\n\t\t\t\t\t\t<div class=\"elementor-container elementor-column-gap-default\">\n\t\t\t\t\t<div class=\"elementor-column elementor-col-100 elementor-top-column elementor-element elementor-element-02c8d54\" data-id=\"02c8d54\" data-element_type=\"column\">\n\t\t\t<div class=\"elementor-widget-wrap elementor-element-populated\">\n\t\t\t\t\t\t<div class=\"elementor-element elementor-element-881d3b8 elementor-widget elementor-widget-text-editor\" data-id=\"881d3b8\" data-element_type=\"widget\" data-widget_type=\"text-editor.default\">\n\t\t\t\t<div class=\"elementor-widget-container\">\n\t\t\t\t\t\t\t<div class=\"col\"><h1><b>Pumpen Deutschland<\/b><\/h1><\/div>\t\t\t\t\t\t<\/div>\n\t\t\t\t<\/div>\n\t\t\t\t\t<\/div>\n\t\t<\/div>\n\t\t\t\t\t<\/div>\n\t\t<\/section>\n\t\t\t\t<section class=\"elementor-section elementor-top-section elementor-element elementor-element-d6b6395 elementor-section-boxed elementor-section-height-default elementor-section-height-default elementor-invisible\" data-id=\"d6b6395\" data-element_type=\"section\" data-settings=\"{&quot;animation&quot;:&quot;fadeInUp&quot;,&quot;animation_delay&quot;:150}\">\n\t\t\t\t\t\t<div class=\"elementor-container elementor-column-gap-default\">\n\t\t\t\t\t<div class=\"elementor-column elementor-col-100 elementor-top-column elementor-element elementor-element-bd12c14\" data-id=\"bd12c14\" data-element_type=\"column\">\n\t\t\t<div class=\"elementor-widget-wrap elementor-element-populated\">\n\t\t\t\t\t\t<div class=\"elementor-element elementor-element-dcd281a elementor-widget elementor-widget-text-editor\" data-id=\"dcd281a\" data-element_type=\"widget\" data-widget_type=\"text-editor.default\">\n\t\t\t\t<div class=\"elementor-widget-container\">\n\t\t\t\t\t\t\t<div class=\"col large-6\"><div id=\"text_highlighted\"><p><b>Pumpen Deutschland<\/b><\/p><p>\u00a0<\/p><div><div class=\"preview\">GEKO\u00a0Pumpen\u00a0GmbH &#8211;\u00a0Pumpen\u00a0f\u00fcr verschiedene Bereiche und Anforderungen aus\u00a0Deutschland<br \/><br \/>Schon seit mehr als 40 Jahren produziert die GEKO\u00a0Pumpen\u00a0GmbH aus\u00a0Deutschland\u00a0Normpumpen, Peripheralpumpen, Blockpumpen und die dazugeh\u00f6rigen Systeme f\u00fcr verschiedene Anwendungsbereiche in Handwerk, Industrie und privaten Haushalten. Die hochwertigen Produkte des Unternehmens erf\u00fcllen h\u00f6chste Anspr\u00fcche und wurden speziell f\u00fcr die verschiedenen Anwendungsbereiche entwickelt. Durch die Verwendung hochwertiger Materialien und die Auskleidung mit PTFE sind die F\u00f6rderpumpen hoch korrosionsbest\u00e4ndig. Alle im Werk in\u00a0Deutschland\u00a0gefertigten Produkte sind von hoher Qualit\u00e4t und haben eine lange Lebensdauer.<br \/><br \/>Norm- und Blockpumpen der GEKO\u00a0Pumpen\u00a0GmbH f\u00fcr verschiedene Anwendungsbereiche<br \/><br \/>Die Produkte der GEKO\u00a0Pumpen\u00a0GmbH sind f\u00fcr verschiedene Industriezweige geplant, entwickelt und produziert. Dadurch erf\u00fcllen sie sehr hohe Anforderungen. So kommen zum Beispiel in der Chemie- und Prozessindustrie verschiedene F\u00f6rderpumpen und Systeme zur F\u00f6rderung von Chemikalien, aggressiven Fl\u00fcssigkeiten und hochviskosen Medien zum Einsatz. F\u00fcr Betriebe in der \u00d6l- und Gasindustrie werden die Produkte des Unternehmens zur F\u00f6rderung von Roh\u00f6l, Gasen und raffinierten Produkten eingesetzt. Die Unternehmen der Lebensmittel- und Getr\u00e4nkeindustrie erhalten von der GEKO\u00a0Pumpen\u00a0GmbH aus\u00a0Deutschland\u00a0hygienische F\u00f6rderpumpen, die den hohen Anforderungen der Lebensmittelverarbeitung entsprechen.<br \/><br \/>F\u00f6rder-, Block- und Normpumpen mit hoher Energieeffizienz aus\u00a0Deutschland<br \/><br \/>Die Energiekosten spielen heutzutage in Unternehmen eine sehr wichtige Rolle. Bei der Entwicklung und Herstellung der F\u00f6rder-, Norm- und Blockpumpen tr\u00e4gt die GEKO\u00a0Pumpen\u00a0GmbH in\u00a0Deutschland\u00a0aktiv und nachhaltig zu einer Verbesserung des Umweltschutzes bei. Die kompetenten Ingenieure des Unternehmens sind stetig dabei, die Produkte hinsichtlich der Einsparungen im Energiebereich zu verbessern. Mit vielen innovativen Ma\u00dfnahmen ist es der GEKO\u00a0Pumpen\u00a0GmbH\u00a0Deutschland\u00a0gelungen, den Wirkungsgrad der angebotenen Produkte zu verbessern. Zu diesen Ma\u00dfnahmen z\u00e4hlt zum Beispiel die Verwendung von nichtmetallischen Spaltt\u00f6pfen, die aus einem modernen Kohlefaser-Verbundwerkstoff hergestellt werden. Dadurch werden die Wirbelstromverluste beim Durchfluss der Medien gestoppt. Die Laufr\u00e4der der modernen Modelle sind mit einer optimierten Schaufel-Geometrie ausgestattet. Zus\u00e4tzlich werden bei den\u00a0Pumpen\u00a0made in Germany die modernsten Gleitlagermaterialien eingesetzt.<\/div><\/div><\/div><\/div>\t\t\t\t\t\t<\/div>\n\t\t\t\t<\/div>\n\t\t\t\t\t<\/div>\n\t\t<\/div>\n\t\t\t\t\t<\/div>\n\t\t<\/section>\n\t\t\t\t<\/div>","protected":false},"excerpt":{"rendered":"<p>Energieeffiziente Pumpen &#8211; GEKO Pumpen Die GEKO Pumpen GmbH tr\u00e4gt bei der Entwicklung und Herstellung ihrer energieeffizienten Pumpen aktiv und nachhaltig zum Umweltschutz bei. Um dem stetig steigenden Energiebedarf entgegenzuwirken, haben unsere Entwicklungsingenieure in den letzten Jahren systematisch die Pumpen hinsichtlich der geforderten Energieeinsparungen verbessert: Durch die folgenden Ma\u00dfnahmen wurde der Wirkungsgrad im Vergleich zu [&hellip;]<\/p>","protected":false},"author":2,"featured_media":0,"parent":0,"menu_order":0,"comment_status":"closed","ping_status":"closed","template":"","meta":{"_seopress_robots_primary_cat":"","_seopress_titles_title":"","_seopress_titles_desc":"","_seopress_robots_index":"","footnotes":""},"class_list":["post-671","page","type-page","status-publish","hentry"],"_links":{"self":[{"href":"https:\/\/geko-pumpen.de\/en\/wp-json\/wp\/v2\/pages\/671","targetHints":{"allow":["GET"]}}],"collection":[{"href":"https:\/\/geko-pumpen.de\/en\/wp-json\/wp\/v2\/pages"}],"about":[{"href":"https:\/\/geko-pumpen.de\/en\/wp-json\/wp\/v2\/types\/page"}],"author":[{"embeddable":true,"href":"https:\/\/geko-pumpen.de\/en\/wp-json\/wp\/v2\/users\/2"}],"replies":[{"embeddable":true,"href":"https:\/\/geko-pumpen.de\/en\/wp-json\/wp\/v2\/comments?post=671"}],"version-history":[{"count":4,"href":"https:\/\/geko-pumpen.de\/en\/wp-json\/wp\/v2\/pages\/671\/revisions"}],"predecessor-version":[{"id":675,"href":"https:\/\/geko-pumpen.de\/en\/wp-json\/wp\/v2\/pages\/671\/revisions\/675"}],"wp:attachment":[{"href":"https:\/\/geko-pumpen.de\/en\/wp-json\/wp\/v2\/media?parent=671"}],"curies":[{"name":"wp","href":"https:\/\/api.w.org\/{rel}","templated":true}]}}