{"id":664,"date":"2024-05-24T10:27:27","date_gmt":"2024-05-24T08:27:27","guid":{"rendered":"https:\/\/geko-pumpen.de\/?page_id=664"},"modified":"2024-05-24T10:28:09","modified_gmt":"2024-05-24T08:28:09","slug":"normpumpen-deutschland","status":"publish","type":"page","link":"https:\/\/geko-pumpen.de\/en\/normpumpen-deutschland\/","title":{"rendered":"\u00a0\u00a0Normpumpen Deutschland"},"content":{"rendered":"<div data-elementor-type=\"wp-page\" data-elementor-id=\"664\" class=\"elementor elementor-664\">\n\t\t\t\t\t\t<section class=\"elementor-section elementor-top-section elementor-element elementor-element-e5a4832 elementor-section-boxed elementor-section-height-default elementor-section-height-default\" data-id=\"e5a4832\" data-element_type=\"section\">\n\t\t\t\t\t\t<div class=\"elementor-container elementor-column-gap-default\">\n\t\t\t\t\t<div class=\"elementor-column elementor-col-100 elementor-top-column elementor-element elementor-element-02c8d54\" data-id=\"02c8d54\" data-element_type=\"column\">\n\t\t\t<div class=\"elementor-widget-wrap elementor-element-populated\">\n\t\t\t\t\t\t<div class=\"elementor-element elementor-element-881d3b8 elementor-widget elementor-widget-text-editor\" data-id=\"881d3b8\" data-element_type=\"widget\" data-widget_type=\"text-editor.default\">\n\t\t\t\t<div class=\"elementor-widget-container\">\n\t\t\t\t\t\t\t<div class=\"col\"><h1><b>Normpumpen Deutschland<\/b><\/h1><\/div>\t\t\t\t\t\t<\/div>\n\t\t\t\t<\/div>\n\t\t\t\t\t<\/div>\n\t\t<\/div>\n\t\t\t\t\t<\/div>\n\t\t<\/section>\n\t\t\t\t<section class=\"elementor-section elementor-top-section elementor-element elementor-element-d6b6395 elementor-section-boxed elementor-section-height-default elementor-section-height-default elementor-invisible\" data-id=\"d6b6395\" data-element_type=\"section\" data-settings=\"{&quot;animation&quot;:&quot;fadeInUp&quot;,&quot;animation_delay&quot;:150}\">\n\t\t\t\t\t\t<div class=\"elementor-container elementor-column-gap-default\">\n\t\t\t\t\t<div class=\"elementor-column elementor-col-100 elementor-top-column elementor-element elementor-element-bd12c14\" data-id=\"bd12c14\" data-element_type=\"column\">\n\t\t\t<div class=\"elementor-widget-wrap elementor-element-populated\">\n\t\t\t\t\t\t<div class=\"elementor-element elementor-element-dcd281a elementor-widget elementor-widget-text-editor\" data-id=\"dcd281a\" data-element_type=\"widget\" data-widget_type=\"text-editor.default\">\n\t\t\t\t<div class=\"elementor-widget-container\">\n\t\t\t\t\t\t\t<div class=\"col large-6\"><div id=\"text_highlighted\"><p><b>Normpumpen Deutschland<\/b><\/p><p>\u00a0<\/p><div><div class=\"preview\">Normpumpen\u00a0reparieren\u00a0in\u00a0Deutschland\u00a0auf h\u00f6chstem Niveau<br \/><br \/>Eine Normpumpe bietet die Garantie, den definierten allgemein festgelegten Standards zu entsprechen. Beim Einsatz dieser Pumpen ist in vielen Bereich Verlass auf die Ma\u00dfe und Anforderungen. In\u00a0Deutschland\u00a0ist unter anderem die DIN 24255 wichtig beim Bau von\u00a0Normpumpen, denn in dieser Vorschrift finden sich die exakten Angaben zu Flananschl\u00fcssen sowie Flanschma\u00dfen. Diese einheitlichen Ma\u00dfe sind die Basis f\u00fcr die reibungslose Einsatzbereitschaft der Anschl\u00fcsse an standardisierten Schnittstellen zwischen einer Pumpe und einem Leitungssystem. Zudem lassen sich beim\u00a0Reparieren\u00a0der\u00a0Normpumpen\u00a0Ersatzteile viel leichter finden. Schlie\u00dflich passen die meisten Teile in jede Pumpe eines speziellen Modells.<br \/><br \/>Vielseitig einsetzbare\u00a0Normpumpen\u00a0schnell und zuverl\u00e4ssig\u00a0reparieren<br \/><br \/>Wenn Sie auf der Suche nach M\u00f6glichkeiten f\u00fcr die Reparatur einer einstufigen Kreiselpumpe wie dem Modell der GEKO GmbH sind, dann sind Sie bei den Experten in Eltville am Rhein immer an der richtigen Adresse. Die\u00a0Normpumpen\u00a0der GEKO GmbH werden dichtungslos entweder in der Prozess- oder in der Blockbauweise entsprechend dem Bedarf des Kunden produziert. Standardm\u00e4\u00dfig werden neben in einem Winkel von 90 Grad angeordneten Saug- und Druckstutzen in diesen Modellen Laufr\u00e4der mit Schaufeln sowie ummantelte Drehkupplungen aus dem als Teflon bekannten Polytetrafluorethylen verbaut. Die Pumpwellen sowie alle Lager bestehen aus extrem hartem Siliziumkarbid. Aufgrund des t\u00e4glichen Einsatzes der hochwertigen\u00a0Normpumpen\u00a0in\u00a0Deutschland\u00a0und dem Rest der Welt k\u00f6nnen einzelne Teile verschlei\u00dfen. Damit die rasche Weiterarbeit m\u00f6glich ist, bietet die GEKO GmbH einen eigenen Service f\u00fcr die Lieferung der Ersatzteile an. Das\u00a0Reparieren\u00a0der\u00a0Normpumpen\u00a0geh\u00f6rt zu den Routineaufgaben der in\u00a0Deutschland\u00a0ans\u00e4ssigen Firma.<br \/><br \/>Normpumpen\u00a0reparieren\u00a0f\u00fcr maximale Kosteneinsparung<br \/><br \/>Das\u00a0Reparieren\u00a0einer Normpumpe mit einem robusten Ersatzteil im qualit\u00e4tsbewussten\u00a0Deutschland\u00a0ist immer g\u00fcnstiger als der Kauf einer neuen Pumpe. Deshalb ist die Investition in Verschlei\u00df- und Gebrauchtsteile einer Normpumpe in\u00a0Deutschland\u00a0immer auch eine Entscheidung, um die Umwelt zu schonen.<\/div><\/div><\/div><\/div>\t\t\t\t\t\t<\/div>\n\t\t\t\t<\/div>\n\t\t\t\t\t<\/div>\n\t\t<\/div>\n\t\t\t\t\t<\/div>\n\t\t<\/section>\n\t\t\t\t<\/div>","protected":false},"excerpt":{"rendered":"<p>Energieeffiziente Pumpen &#8211; GEKO Pumpen Die GEKO Pumpen GmbH tr\u00e4gt bei der Entwicklung und Herstellung ihrer energieeffizienten Pumpen aktiv und nachhaltig zum Umweltschutz bei. Um dem stetig steigenden Energiebedarf entgegenzuwirken, haben unsere Entwicklungsingenieure in den letzten Jahren systematisch die Pumpen hinsichtlich der geforderten Energieeinsparungen verbessert: Durch die folgenden Ma\u00dfnahmen wurde der Wirkungsgrad im Vergleich zu [&hellip;]<\/p>","protected":false},"author":2,"featured_media":0,"parent":0,"menu_order":0,"comment_status":"closed","ping_status":"closed","template":"","meta":{"_seopress_robots_primary_cat":"","_seopress_titles_title":"","_seopress_titles_desc":"","_seopress_robots_index":"","footnotes":""},"class_list":["post-664","page","type-page","status-publish","hentry"],"_links":{"self":[{"href":"https:\/\/geko-pumpen.de\/en\/wp-json\/wp\/v2\/pages\/664","targetHints":{"allow":["GET"]}}],"collection":[{"href":"https:\/\/geko-pumpen.de\/en\/wp-json\/wp\/v2\/pages"}],"about":[{"href":"https:\/\/geko-pumpen.de\/en\/wp-json\/wp\/v2\/types\/page"}],"author":[{"embeddable":true,"href":"https:\/\/geko-pumpen.de\/en\/wp-json\/wp\/v2\/users\/2"}],"replies":[{"embeddable":true,"href":"https:\/\/geko-pumpen.de\/en\/wp-json\/wp\/v2\/comments?post=664"}],"version-history":[{"count":4,"href":"https:\/\/geko-pumpen.de\/en\/wp-json\/wp\/v2\/pages\/664\/revisions"}],"predecessor-version":[{"id":668,"href":"https:\/\/geko-pumpen.de\/en\/wp-json\/wp\/v2\/pages\/664\/revisions\/668"}],"wp:attachment":[{"href":"https:\/\/geko-pumpen.de\/en\/wp-json\/wp\/v2\/media?parent=664"}],"curies":[{"name":"wp","href":"https:\/\/api.w.org\/{rel}","templated":true}]}}