{"id":657,"date":"2024-04-26T10:57:15","date_gmt":"2024-04-26T08:57:15","guid":{"rendered":"https:\/\/geko-pumpen.de\/?page_id=657"},"modified":"2024-04-26T10:58:00","modified_gmt":"2024-04-26T08:58:00","slug":"pumpen-reparieren-deutschland","status":"publish","type":"page","link":"https:\/\/geko-pumpen.de\/en\/pumpen-reparieren-deutschland\/","title":{"rendered":"\u00a0\u00a0Pumpen reparieren Deutschland"},"content":{"rendered":"<div data-elementor-type=\"wp-page\" data-elementor-id=\"657\" class=\"elementor elementor-657\">\n\t\t\t\t\t\t<section class=\"elementor-section elementor-top-section elementor-element elementor-element-e5a4832 elementor-section-boxed elementor-section-height-default elementor-section-height-default\" data-id=\"e5a4832\" data-element_type=\"section\">\n\t\t\t\t\t\t<div class=\"elementor-container elementor-column-gap-default\">\n\t\t\t\t\t<div class=\"elementor-column elementor-col-100 elementor-top-column elementor-element elementor-element-02c8d54\" data-id=\"02c8d54\" data-element_type=\"column\">\n\t\t\t<div class=\"elementor-widget-wrap elementor-element-populated\">\n\t\t\t\t\t\t<div class=\"elementor-element elementor-element-881d3b8 elementor-widget elementor-widget-text-editor\" data-id=\"881d3b8\" data-element_type=\"widget\" data-widget_type=\"text-editor.default\">\n\t\t\t\t<div class=\"elementor-widget-container\">\n\t\t\t\t\t\t\t<div class=\"col\"><h1><b>Pumpen reparieren Deutschland<\/b><\/h1><\/div>\t\t\t\t\t\t<\/div>\n\t\t\t\t<\/div>\n\t\t\t\t\t<\/div>\n\t\t<\/div>\n\t\t\t\t\t<\/div>\n\t\t<\/section>\n\t\t\t\t<section class=\"elementor-section elementor-top-section elementor-element elementor-element-d6b6395 elementor-section-boxed elementor-section-height-default elementor-section-height-default elementor-invisible\" data-id=\"d6b6395\" data-element_type=\"section\" data-settings=\"{&quot;animation&quot;:&quot;fadeInUp&quot;,&quot;animation_delay&quot;:150}\">\n\t\t\t\t\t\t<div class=\"elementor-container elementor-column-gap-default\">\n\t\t\t\t\t<div class=\"elementor-column elementor-col-100 elementor-top-column elementor-element elementor-element-bd12c14\" data-id=\"bd12c14\" data-element_type=\"column\">\n\t\t\t<div class=\"elementor-widget-wrap elementor-element-populated\">\n\t\t\t\t\t\t<div class=\"elementor-element elementor-element-dcd281a elementor-widget elementor-widget-text-editor\" data-id=\"dcd281a\" data-element_type=\"widget\" data-widget_type=\"text-editor.default\">\n\t\t\t\t<div class=\"elementor-widget-container\">\n\t\t\t\t\t\t\t<div class=\"col large-6\"><div id=\"text_highlighted\"><p><b>Pumpen reparieren Deutschland<\/b><\/p><p>\u00a0<\/p><div><div class=\"preview\">GEKO &#8211; wir\u00a0reparieren\u00a0Pumpen\u00a0in\u00a0Deutschland\u00a0seit 1983<br \/><br \/>In\u00a0Deutschland\u00a0ist GEKO Ihr verl\u00e4sslicher Partner f\u00fcr professionelle Pumpenreparaturen. Unsere langj\u00e4hrige Erfahrung und Kompetenz machen uns zum f\u00fchrenden Unternehmen in diesem Bereich. Mit unserer Spezialisierung auf PTFE-\/PFA-ausgekleidete Chemienormpumpen sowie unsere Produkte f\u00fcr die chemische und pharmazeutische Industrie bieten wir Ihnen ma\u00dfgeschneiderte L\u00f6sungen f\u00fcr Ihre Pumpenreparatur.<br \/><br \/>Warum Sie in\u00a0Deutschland\u00a0Pumpen\u00a0bei GEKO\u00a0reparieren\u00a0lassen sollten<br \/><br \/>Es gibt verschiedene Gr\u00fcnde, warum Sie in\u00a0Deutschland\u00a0Ihre\u00a0Pumpen\u00a0bei uns\u00a0reparieren\u00a0lassen sollten. Unsere erfahrenen Techniker bieten individuelle L\u00f6sungen, die genau auf Ihre Anforderungen zugeschnitten sind. Wir garantieren eine hohe Korrosionsbest\u00e4ndigkeit, selbst in den anspruchsvollsten Umgebungen, sowie eine einwandfreie Leistung und absolute Leckagefreiheit unserer reparierten\u00a0Pumpen. Durch unsere innovativen Produkte und das fachgerechte\u00a0Reparieren\u00a0Ihrer Spezialpumpem tragen wir aktiv zum Umweltschutz bei und schonen wertvolle Ressourcen. Nicht zuletzt profitieren Sie von unserem pers\u00f6nlichen und kompetenten Kundenservice. Wir beraten Sie umfassend \u00fcber die M\u00f6glichkeiten der Pumpenreparatur und unterbreiten Ihnen zun\u00e4chste einen unverbindlichen Kostenvoranschlag. Unsere konkurrenzf\u00e4higen Preise und unsere transparente Preispolitik sprechen f\u00fcr sich.<br \/><br \/>Langj\u00e4hrige Erfahrung in Herstellung, Vertrieb und\u00a0Reparieren\u00a0von\u00a0Pumpen\u00a0in\u00a0Deutschland<br \/><br \/>Seit unserer Unternehmensgr\u00fcndung im Jahre 1983 setzen Kunden auf GEKO\u00a0Pumpen\u00a0f\u00fcr spezielle Anwendungsbereiche in der Industrie. Unsere Produkte entsprechen den h\u00f6chsten Qualit\u00e4tsstandards und sind gem\u00e4\u00df DIN EN 22858 zertifiziert. Dies bedeutet, dass sie Atex-konform und FDA-tauglich sind und somit h\u00f6chsten Sicherheits- und Qualit\u00e4tsanforderungen entsprechen.<br \/><br \/>Unsere Produktpalette umfasst:<br \/><br \/>Normpumpen und Peripheralpumpen<br \/>Blockpumpen Typ GEKOBLOCK BM<br \/>Magnetantriebsl\u00f6sungen f\u00fcr den sicheren Transport hochaggressiver Fl\u00fcssigkeiten<br \/>Modulare Pumpenkonzepte f\u00fcr vielseitige Einsatzbereiche<br \/><br \/>Wir\u00a0reparieren\u00a0diese und weitere Pumpentypen. Kontaktieren Sie noch heute unser Team, um mehr \u00fcber unseren\u00a0Pumpen\u00a0Reparatur Service in\u00a0Deutschland\u00a0zu erfahren. Wir stehen Ihnen gerne zur Verf\u00fcgung, um Ihre Fragen rund um das Thema\u00a0Pumpen\u00a0reparieren\u00a0zu beantworten und Ihnen bei Ihren individuellen Anforderungen zu helfen. Vertrauen Sie auf GEKO\u00a0Pumpen\u00a0f\u00fcr zuverl\u00e4ssige und fachgerechte Reparaturen in\u00a0Deutschland.<\/div><\/div><\/div><\/div>\t\t\t\t\t\t<\/div>\n\t\t\t\t<\/div>\n\t\t\t\t\t<\/div>\n\t\t<\/div>\n\t\t\t\t\t<\/div>\n\t\t<\/section>\n\t\t\t\t<\/div>","protected":false},"excerpt":{"rendered":"<p>Energieeffiziente Pumpen &#8211; GEKO Pumpen Die GEKO Pumpen GmbH tr\u00e4gt bei der Entwicklung und Herstellung ihrer energieeffizienten Pumpen aktiv und nachhaltig zum Umweltschutz bei. Um dem stetig steigenden Energiebedarf entgegenzuwirken, haben unsere Entwicklungsingenieure in den letzten Jahren systematisch die Pumpen hinsichtlich der geforderten Energieeinsparungen verbessert: Durch die folgenden Ma\u00dfnahmen wurde der Wirkungsgrad im Vergleich zu [&hellip;]<\/p>","protected":false},"author":2,"featured_media":0,"parent":0,"menu_order":0,"comment_status":"closed","ping_status":"closed","template":"","meta":{"_seopress_robots_primary_cat":"","_seopress_titles_title":"","_seopress_titles_desc":"","_seopress_robots_index":"","footnotes":""},"class_list":["post-657","page","type-page","status-publish","hentry"],"_links":{"self":[{"href":"https:\/\/geko-pumpen.de\/en\/wp-json\/wp\/v2\/pages\/657","targetHints":{"allow":["GET"]}}],"collection":[{"href":"https:\/\/geko-pumpen.de\/en\/wp-json\/wp\/v2\/pages"}],"about":[{"href":"https:\/\/geko-pumpen.de\/en\/wp-json\/wp\/v2\/types\/page"}],"author":[{"embeddable":true,"href":"https:\/\/geko-pumpen.de\/en\/wp-json\/wp\/v2\/users\/2"}],"replies":[{"embeddable":true,"href":"https:\/\/geko-pumpen.de\/en\/wp-json\/wp\/v2\/comments?post=657"}],"version-history":[{"count":4,"href":"https:\/\/geko-pumpen.de\/en\/wp-json\/wp\/v2\/pages\/657\/revisions"}],"predecessor-version":[{"id":661,"href":"https:\/\/geko-pumpen.de\/en\/wp-json\/wp\/v2\/pages\/657\/revisions\/661"}],"wp:attachment":[{"href":"https:\/\/geko-pumpen.de\/en\/wp-json\/wp\/v2\/media?parent=657"}],"curies":[{"name":"wp","href":"https:\/\/api.w.org\/{rel}","templated":true}]}}