{"id":650,"date":"2024-03-27T09:10:53","date_gmt":"2024-03-27T08:10:53","guid":{"rendered":"https:\/\/geko-pumpen.de\/?page_id=650"},"modified":"2024-03-27T09:11:35","modified_gmt":"2024-03-27T08:11:35","slug":"pumpen-mit-gleitringdichtung-deutschland","status":"publish","type":"page","link":"https:\/\/geko-pumpen.de\/en\/pumpen-mit-gleitringdichtung-deutschland\/","title":{"rendered":"\u00a0\u00a0Pumpen mit Gleitringdichtung Deutschland"},"content":{"rendered":"<div data-elementor-type=\"wp-page\" data-elementor-id=\"650\" class=\"elementor elementor-650\">\n\t\t\t\t\t\t<section class=\"elementor-section elementor-top-section elementor-element elementor-element-e5a4832 elementor-section-boxed elementor-section-height-default elementor-section-height-default\" data-id=\"e5a4832\" data-element_type=\"section\">\n\t\t\t\t\t\t<div class=\"elementor-container elementor-column-gap-default\">\n\t\t\t\t\t<div class=\"elementor-column elementor-col-100 elementor-top-column elementor-element elementor-element-02c8d54\" data-id=\"02c8d54\" data-element_type=\"column\">\n\t\t\t<div class=\"elementor-widget-wrap elementor-element-populated\">\n\t\t\t\t\t\t<div class=\"elementor-element elementor-element-881d3b8 elementor-widget elementor-widget-text-editor\" data-id=\"881d3b8\" data-element_type=\"widget\" data-widget_type=\"text-editor.default\">\n\t\t\t\t<div class=\"elementor-widget-container\">\n\t\t\t\t\t\t\t<div class=\"col\"><h1><b>\u00a0Pumpen mit Gleitringdichtung Deutschland<\/b><\/h1><\/div>\t\t\t\t\t\t<\/div>\n\t\t\t\t<\/div>\n\t\t\t\t\t<\/div>\n\t\t<\/div>\n\t\t\t\t\t<\/div>\n\t\t<\/section>\n\t\t\t\t<section class=\"elementor-section elementor-top-section elementor-element elementor-element-d6b6395 elementor-section-boxed elementor-section-height-default elementor-section-height-default elementor-invisible\" data-id=\"d6b6395\" data-element_type=\"section\" data-settings=\"{&quot;animation&quot;:&quot;fadeInUp&quot;,&quot;animation_delay&quot;:150}\">\n\t\t\t\t\t\t<div class=\"elementor-container elementor-column-gap-default\">\n\t\t\t\t\t<div class=\"elementor-column elementor-col-100 elementor-top-column elementor-element elementor-element-bd12c14\" data-id=\"bd12c14\" data-element_type=\"column\">\n\t\t\t<div class=\"elementor-widget-wrap elementor-element-populated\">\n\t\t\t\t\t\t<div class=\"elementor-element elementor-element-dcd281a elementor-widget elementor-widget-text-editor\" data-id=\"dcd281a\" data-element_type=\"widget\" data-widget_type=\"text-editor.default\">\n\t\t\t\t<div class=\"elementor-widget-container\">\n\t\t\t\t\t\t\t<div class=\"col large-6\"><div id=\"text_highlighted\"><p><b>\u00a0Pumpen mit Gleitringdichtung Deutschland<\/b><\/p><br \/><div><div class=\"preview\">Pumpen mit Gleitringdichtung\u00a0aus\u00a0Deutschland<br \/><br \/>Pumpen mit Gleitringdichtung\u00a0bieten Ihnen den Vorteil, dass sie in allen Industriezweigen einsetzbar sind. Der Vorteil einer Gleitringdichtung beruht darauf, dass die Fl\u00fcssigkeit im Inneren der Pumpe verbleibt und nicht nach au\u00dfen dringen kann. Damit Sie von diesem Vorteil profitieren, ist es wichtig, dass Sie sich f\u00fcr Markenqualit\u00e4t entscheiden. Wir produzieren\u00a0Pumpen mit Gleitringdichtung\u00a0in\u00a0Deutschland\u00a0und versichern Ihnen beste Made in Germany Qualit\u00e4t.<br \/><br \/>Hochwertige Qualit\u00e4t f\u00fcr chemische und pharmazeutische Industrie<br \/><br \/>In bestimmten Branchen, darunter in der chemischen und in der pharmazeutischen Industrie, sind\u00a0Pumpen mit Gleitringdichtung\u00a0aus\u00a0Deutschland\u00a0die sicherste L\u00f6sungen. Fl\u00fcssigkeiten, die nicht auslaufen oder gar ins Grundwasser eindringen d\u00fcrfen, m\u00fcssen in der Pumpe zur\u00fcckgehalten werden. Die hochwertige Qualit\u00e4t aus\u00a0Deutschland\u00a0gibt Ihnen die Sicherheit, dass die Pumpe wie gew\u00fcnscht funktioniert und dass Sie sich dabei f\u00fcr ein langlebiges und leistungsstarkes Modell entscheiden. Am besten entscheiden Sie sich f\u00fcr einen der f\u00fchrenden Hersteller, die PTFE-ausgekleidete Chemienormpumpen nach DIN 22858 herstellen. Diese DIN-Norm gibt Ihnen die Sicherheit, dass es sich um eine hochwertige, in\u00a0Deutschland\u00a0hergestellte und f\u00fcr die hohen Anspr\u00fcche deutscher Konzerne ausgelegte Pumpe handelt. Eine stabile Dichtung ist die Grundlage aller\u00a0Pumpen mit Gleitringdichtung, da sie langlebig und auf die individuellen Kundenanspr\u00fcche abgestimmt sein muss.<br \/><br \/>Worauf es bei\u00a0Pumpen mit Gleitringdichtung\u00a0ankommt<br \/><br \/>Die Qualit\u00e4t und die Anpassung auf die verschiedenen Kundenbed\u00fcrfnisse ist das A und O beim Kauf von\u00a0Pumpen mit Gleitringdichtung. Wenn Sie sich f\u00fcr unsere Qualit\u00e4t aus\u00a0Deutschland\u00a0entscheiden, machen Sie keinen Fehler und k\u00f6nnen sich darauf verlassen, dass Ihre\u00a0Pumpen mit Gleitringdichtung\u00a0wirklich dicht sind und viele Jahre ohne Einschr\u00e4nkung funktionieren. Achten Sie daher gezielt darauf, dass der Hersteller langj\u00e4hrige Erfahrung hat, hochwertige Materialien verwendet und die\u00a0Pumpen mit Gleitringdichtung\u00a0in\u00a0Deutschland\u00a0produziert. Wir bieten Ihnen kundenspezifische L\u00f6sungen f\u00fcr unterschiedliche Anspr\u00fcche und Leistungsanforderungen an Ihre neue Gleitringdichtungspumpe aus\u00a0Deutschland.<\/div><\/div><\/div><\/div>\t\t\t\t\t\t<\/div>\n\t\t\t\t<\/div>\n\t\t\t\t\t<\/div>\n\t\t<\/div>\n\t\t\t\t\t<\/div>\n\t\t<\/section>\n\t\t\t\t<\/div>","protected":false},"excerpt":{"rendered":"<p>Energieeffiziente Pumpen &#8211; GEKO Pumpen Die GEKO Pumpen GmbH tr\u00e4gt bei der Entwicklung und Herstellung ihrer energieeffizienten Pumpen aktiv und nachhaltig zum Umweltschutz bei. Um dem stetig steigenden Energiebedarf entgegenzuwirken, haben unsere Entwicklungsingenieure in den letzten Jahren systematisch die Pumpen hinsichtlich der geforderten Energieeinsparungen verbessert: Durch die folgenden Ma\u00dfnahmen wurde der Wirkungsgrad im Vergleich zu [&hellip;]<\/p>","protected":false},"author":2,"featured_media":0,"parent":0,"menu_order":0,"comment_status":"closed","ping_status":"closed","template":"","meta":{"_seopress_robots_primary_cat":"","_seopress_titles_title":"","_seopress_titles_desc":"","_seopress_robots_index":"","footnotes":""},"class_list":["post-650","page","type-page","status-publish","hentry"],"_links":{"self":[{"href":"https:\/\/geko-pumpen.de\/en\/wp-json\/wp\/v2\/pages\/650","targetHints":{"allow":["GET"]}}],"collection":[{"href":"https:\/\/geko-pumpen.de\/en\/wp-json\/wp\/v2\/pages"}],"about":[{"href":"https:\/\/geko-pumpen.de\/en\/wp-json\/wp\/v2\/types\/page"}],"author":[{"embeddable":true,"href":"https:\/\/geko-pumpen.de\/en\/wp-json\/wp\/v2\/users\/2"}],"replies":[{"embeddable":true,"href":"https:\/\/geko-pumpen.de\/en\/wp-json\/wp\/v2\/comments?post=650"}],"version-history":[{"count":4,"href":"https:\/\/geko-pumpen.de\/en\/wp-json\/wp\/v2\/pages\/650\/revisions"}],"predecessor-version":[{"id":654,"href":"https:\/\/geko-pumpen.de\/en\/wp-json\/wp\/v2\/pages\/650\/revisions\/654"}],"wp:attachment":[{"href":"https:\/\/geko-pumpen.de\/en\/wp-json\/wp\/v2\/media?parent=650"}],"curies":[{"name":"wp","href":"https:\/\/api.w.org\/{rel}","templated":true}]}}