{"id":633,"date":"2024-01-25T10:11:25","date_gmt":"2024-01-25T09:11:25","guid":{"rendered":"https:\/\/geko-pumpen.de\/?page_id=633"},"modified":"2024-01-25T10:12:05","modified_gmt":"2024-01-25T09:12:05","slug":"kleinkreiselpumpen-deutschland","status":"publish","type":"page","link":"https:\/\/geko-pumpen.de\/en\/kleinkreiselpumpen-deutschland\/","title":{"rendered":"Kleinkreiselpumpen Deutschland"},"content":{"rendered":"<div data-elementor-type=\"wp-page\" data-elementor-id=\"633\" class=\"elementor elementor-633\">\n\t\t\t\t\t\t<section class=\"elementor-section elementor-top-section elementor-element elementor-element-e5a4832 elementor-section-boxed elementor-section-height-default elementor-section-height-default\" data-id=\"e5a4832\" data-element_type=\"section\">\n\t\t\t\t\t\t<div class=\"elementor-container elementor-column-gap-default\">\n\t\t\t\t\t<div class=\"elementor-column elementor-col-100 elementor-top-column elementor-element elementor-element-02c8d54\" data-id=\"02c8d54\" data-element_type=\"column\">\n\t\t\t<div class=\"elementor-widget-wrap elementor-element-populated\">\n\t\t\t\t\t\t<div class=\"elementor-element elementor-element-881d3b8 elementor-widget elementor-widget-text-editor\" data-id=\"881d3b8\" data-element_type=\"widget\" data-widget_type=\"text-editor.default\">\n\t\t\t\t<div class=\"elementor-widget-container\">\n\t\t\t\t\t\t\t<div class=\"col\"><h1><b>\u00a0Pumpen reparieren<\/b><\/h1><\/div>\t\t\t\t\t\t<\/div>\n\t\t\t\t<\/div>\n\t\t\t\t\t<\/div>\n\t\t<\/div>\n\t\t\t\t\t<\/div>\n\t\t<\/section>\n\t\t\t\t<section class=\"elementor-section elementor-top-section elementor-element elementor-element-d6b6395 elementor-section-boxed elementor-section-height-default elementor-section-height-default elementor-invisible\" data-id=\"d6b6395\" data-element_type=\"section\" data-settings=\"{&quot;animation&quot;:&quot;fadeInUp&quot;,&quot;animation_delay&quot;:150}\">\n\t\t\t\t\t\t<div class=\"elementor-container elementor-column-gap-default\">\n\t\t\t\t\t<div class=\"elementor-column elementor-col-100 elementor-top-column elementor-element elementor-element-bd12c14\" data-id=\"bd12c14\" data-element_type=\"column\">\n\t\t\t<div class=\"elementor-widget-wrap elementor-element-populated\">\n\t\t\t\t\t\t<div class=\"elementor-element elementor-element-dcd281a elementor-widget elementor-widget-text-editor\" data-id=\"dcd281a\" data-element_type=\"widget\" data-widget_type=\"text-editor.default\">\n\t\t\t\t<div class=\"elementor-widget-container\">\n\t\t\t\t\t\t\t<div class=\"col large-6\"><div id=\"text_highlighted\"><p><b>Kleinkreiselpumpen Deutschland<\/b><\/p><br \/><div><div class=\"preview\">Kleinkreiselpumpen\u00a0Deutschland: GEKO ist Experte<br \/><br \/>Unter den diversen Arten von Pumpen, die von Unternehmen vieler Branchen heute konsequent eingesetzt werden, nehmen die\u00a0Kleinkreiselpumpen\u00a0einen wichtigen Stellenwert ein. Denn diese Pumpenart, die Ihnen auch unsere GEKO-Pumpen GmbH bietet, verbindet die Vorteile des handlichen Einsatzes und der hohen Effizienz.\u00a0Kleinkreiselpumpen\u00a0sind als unterschiedliche Modelle erh\u00e4ltlich. Ganz nach Bedarf w\u00e4hlen Unternehmer oder deren Entscheider aus ganz\u00a0Deutschland\u00a0aus unserem Sortiment von beispielsweise Normpumpen, Blockpumpen oder Pumpen mit Gleitringdichtung das Passende aus. Unsicher, welches Modell der Pumpen von GEKO Ihren individuellen Bedarf exakt abdeckt? Wir beraten Sie kostenlos und konkret rund um unseren Schwerpunkt\u00a0Kleinkreiselpumpen.<br \/><br \/>Perfektes F\u00f6rdern von Fl\u00fcssigkeiten: durch moderne\u00a0Kleinkreiselpumpen\u00a0aus\u00a0Deutschland<br \/><br \/>Ob Wasser oder andere Fl\u00fcssigkeit:\u00a0Kleinkreiselpumpen\u00a0erm\u00f6glichen ein rasches und zuverl\u00e4ssiges F\u00f6rdern. Durch die Antriebswelle startet der leistungsstarke Pumpmechanismus, der die Fl\u00fcssigkeit per Laufrad f\u00f6rdert. Kreiselpumpen bieten zahlreiche Einsatzzwecke. K\u00fchlmittel, Kraftstoffe oder andere chemische Gemische sind durch diese Pumpenart gut f\u00f6rderbar. Auch gef\u00e4hrliche Fl\u00fcssigkeiten werden durch\u00a0Kleinkreiselpumpen\u00a0sicher und ohne Leckage behandelt. Wir von GEKO bieten Ihnen auch Pumpen, die einen Magnetantrieb besitzen, robust gegen Korrosion sind und g\u00e4ngige Normen l\u00fcckenlos umsetzen. Die Kreiselpumpen aus unserem Programm sind ausf\u00fchrlich beschrieben. Dennoch unterst\u00fctzen wir Ihre bedarfsgerechte Auswahl auch durch unsere umfassende Beratung vom Pumpenexperten aus\u00a0Deutschland.<br \/><br \/>Die passenden\u00a0Kleinkreiselpumpen\u00a0aus\u00a0Deutschland\u00a0ausw\u00e4hlen<br \/><br \/>Kreiselpumpen als Norm- oder Blockpumpe w\u00e4hlen? Rund um die Leistungsst\u00e4rke sind beide Varianten ein hochwertiges Ger\u00e4t, das flexibel und effizient arbeitet. Blockpumpen haben aber keine Kupplung und sind das Mittel der Wahl, wenn Sie ein platzsparendes Modell sch\u00e4tzen sollten. Als Pumpenexperte aus\u00a0Deutschland\u00a0bieten wir Ihnen sowohl Standardpumpen als auch Hocheffizienzpumpen.<br \/><br \/>Unternehmen aus\u00a0Deutschland\u00a0oder dem Ausland sind wir ein professioneller Partner. Kostenlos und konkret beraten wir, welche Modelle unserer Pumpen die Herausforderungen Ihres Unternehmens umsetzen und Ihnen moderne Mehrwerte bieten. Jetzt Beratung nutzen und\u00a0Kleinkreiselpumpen\u00a0aus\u00a0Deutschland\u00a0kaufen!<\/div><\/div><\/div><\/div>\t\t\t\t\t\t<\/div>\n\t\t\t\t<\/div>\n\t\t\t\t\t<\/div>\n\t\t<\/div>\n\t\t\t\t\t<\/div>\n\t\t<\/section>\n\t\t\t\t<\/div>","protected":false},"excerpt":{"rendered":"<p>Energieeffiziente Pumpen &#8211; GEKO Pumpen Die GEKO Pumpen GmbH tr\u00e4gt bei der Entwicklung und Herstellung ihrer energieeffizienten Pumpen aktiv und nachhaltig zum Umweltschutz bei. Um dem stetig steigenden Energiebedarf entgegenzuwirken, haben unsere Entwicklungsingenieure in den letzten Jahren systematisch die Pumpen hinsichtlich der geforderten Energieeinsparungen verbessert: Durch die folgenden Ma\u00dfnahmen wurde der Wirkungsgrad im Vergleich zu [&hellip;]<\/p>","protected":false},"author":2,"featured_media":0,"parent":0,"menu_order":0,"comment_status":"closed","ping_status":"closed","template":"","meta":{"_seopress_robots_primary_cat":"","_seopress_titles_title":"","_seopress_titles_desc":"","_seopress_robots_index":"","footnotes":""},"class_list":["post-633","page","type-page","status-publish","hentry"],"_links":{"self":[{"href":"https:\/\/geko-pumpen.de\/en\/wp-json\/wp\/v2\/pages\/633","targetHints":{"allow":["GET"]}}],"collection":[{"href":"https:\/\/geko-pumpen.de\/en\/wp-json\/wp\/v2\/pages"}],"about":[{"href":"https:\/\/geko-pumpen.de\/en\/wp-json\/wp\/v2\/types\/page"}],"author":[{"embeddable":true,"href":"https:\/\/geko-pumpen.de\/en\/wp-json\/wp\/v2\/users\/2"}],"replies":[{"embeddable":true,"href":"https:\/\/geko-pumpen.de\/en\/wp-json\/wp\/v2\/comments?post=633"}],"version-history":[{"count":4,"href":"https:\/\/geko-pumpen.de\/en\/wp-json\/wp\/v2\/pages\/633\/revisions"}],"predecessor-version":[{"id":637,"href":"https:\/\/geko-pumpen.de\/en\/wp-json\/wp\/v2\/pages\/633\/revisions\/637"}],"wp:attachment":[{"href":"https:\/\/geko-pumpen.de\/en\/wp-json\/wp\/v2\/media?parent=633"}],"curies":[{"name":"wp","href":"https:\/\/api.w.org\/{rel}","templated":true}]}}