{"id":591,"date":"2023-08-24T10:38:34","date_gmt":"2023-08-24T08:38:34","guid":{"rendered":"https:\/\/geko-pumpen.de\/?page_id=591"},"modified":"2023-08-24T10:40:09","modified_gmt":"2023-08-24T08:40:09","slug":"umweltschonende-pumpen","status":"publish","type":"page","link":"https:\/\/geko-pumpen.de\/en\/umweltschonende-pumpen\/","title":{"rendered":"umweltschonende Pumpen"},"content":{"rendered":"<div data-elementor-type=\"wp-page\" data-elementor-id=\"591\" class=\"elementor elementor-591\">\n\t\t\t\t\t\t<section class=\"elementor-section elementor-top-section elementor-element elementor-element-e5a4832 elementor-section-boxed elementor-section-height-default elementor-section-height-default\" data-id=\"e5a4832\" data-element_type=\"section\">\n\t\t\t\t\t\t<div class=\"elementor-container elementor-column-gap-default\">\n\t\t\t\t\t<div class=\"elementor-column elementor-col-100 elementor-top-column elementor-element elementor-element-02c8d54\" data-id=\"02c8d54\" data-element_type=\"column\">\n\t\t\t<div class=\"elementor-widget-wrap elementor-element-populated\">\n\t\t\t\t\t\t<div class=\"elementor-element elementor-element-881d3b8 elementor-widget elementor-widget-text-editor\" data-id=\"881d3b8\" data-element_type=\"widget\" data-widget_type=\"text-editor.default\">\n\t\t\t\t<div class=\"elementor-widget-container\">\n\t\t\t\t\t\t\t<div class=\"col\"><h1><b>umweltschonende Pumpen<\/b><\/h1><\/div>\t\t\t\t\t\t<\/div>\n\t\t\t\t<\/div>\n\t\t\t\t\t<\/div>\n\t\t<\/div>\n\t\t\t\t\t<\/div>\n\t\t<\/section>\n\t\t\t\t<section class=\"elementor-section elementor-top-section elementor-element elementor-element-d6b6395 elementor-section-boxed elementor-section-height-default elementor-section-height-default elementor-invisible\" data-id=\"d6b6395\" data-element_type=\"section\" data-settings=\"{&quot;animation&quot;:&quot;fadeInUp&quot;,&quot;animation_delay&quot;:150}\">\n\t\t\t\t\t\t<div class=\"elementor-container elementor-column-gap-default\">\n\t\t\t\t\t<div class=\"elementor-column elementor-col-100 elementor-top-column elementor-element elementor-element-bd12c14\" data-id=\"bd12c14\" data-element_type=\"column\">\n\t\t\t<div class=\"elementor-widget-wrap elementor-element-populated\">\n\t\t\t\t\t\t<div class=\"elementor-element elementor-element-dcd281a elementor-widget elementor-widget-text-editor\" data-id=\"dcd281a\" data-element_type=\"widget\" data-widget_type=\"text-editor.default\">\n\t\t\t\t<div class=\"elementor-widget-container\">\n\t\t\t\t\t\t\t<div class=\"col large-6\"><p><b>umweltschonende Pumpen<\/b><\/p><div><div class=\"preview\"><p>Sicher, sauber, nachhaltig &#8211; umweltschonende Pumpen<br \/>Die Anspr\u00fcche an Pumpen wachsen st\u00e4ndig, und das mit Recht. Bei der Entwicklung und Produktion unserer Pumpen legen wir gro\u00dfen Wert auf Funktionst\u00fcchtigkeit, Langlebigkeit und einen energieeffizienten Betrieb. Wir fertigen hochwertige Chemiepumpen, die bestens f\u00fcr den Einsatz in entsprechenden Produktionsbereichen geeignet sind.<\/p><p>Umweltschonende Pumpen &#8211; mit Erfahrung und Weitblick<br \/>Vierzig Jahre Erfahrung und ein st\u00e4ndig wachsender Kundenkreis sprechen f\u00fcr unsere Produkte. Bereits in zweiter Generation haben wir uns der Herstellung von hoch korrosionsbest\u00e4ndigen Pumpen gewidmet. Der Schwerpunkt liegt dabei auf Chemiepumpen mit Magnetantrieb, die mit PTFE\/PFA ausgekleidet sind. Dazu kommen speziell angepasste Laufr\u00e4der, die ebenfalls unerl\u00e4sslich f\u00fcr einen reibungslosen Ablauf sind.<\/p><p>Dass\u00a0umweltschonende Pumpen\u00a0auch den gesetzlichen DIN-Normen entsprechen, ist f\u00fcr uns eine Selbstverst\u00e4ndlichkeit. Uns liegt zudem viel daran, die Energieeffizienz nach neuen wissenschaftlichen Erkenntnissen st\u00e4ndig zu optimieren. Nur so gelingt es uns, unsere eigenen hohen Anspr\u00fcche und die der Kunden an Nachhaltigkeit und Umweltfreundlichkeit zu erf\u00fcllen.<\/p><p>F\u00fcr Pharmazie und Chemie &#8211; individuelle Pumpenl\u00f6sungen<br \/>Umweltschonende Pumpen\u00a0fertigen wir nicht nur als Standardmodelle an. Wir bieten unseren Kunden auch individuelle L\u00f6sungen. Leistungsvorgaben und Modifizierungen setzen wir nach Ihren Vorgaben um. Auch hier k\u00f6nnen wir zeitnah reagieren und\u00a0umweltschonende Pumpen\u00a0in kurzer Zeit liefern.<\/p><p>Gerne beraten wir Sie ausf\u00fchrlich, wie Sie herk\u00f6mmliche Modelle durch\u00a0umweltschonende Pumpen\u00a0ersetzen k\u00f6nnen. Wir zeigen Ihnen die Funktionsweise auf und nennen Ihnen die Vorz\u00fcge wie den verbesserten Wirkungsgrad und die \u00fcberzeugende Energieeffizienz. Auch Nachhaltigkeit im Sinne von ressourcenschonenden Materialien sind f\u00fcr uns ein wichtiges Thema, das wir zum Vorteil unserer Kunden und der Umwelt in die Entwicklung, Konstruktion und Fertigung einflie\u00dfen lassen.<\/p><p>[h2]Zuverl\u00e4ssig und korrosionsbest\u00e4ndig &#8211;\u00a0umweltschonende Pumpen[\/h2]<br \/>Zum Umweltschutz geh\u00f6rt zudem, dass Pumpen zuverl\u00e4ssig und ohne Fl\u00fcssigkeitsverlust funktionieren. Deshalb haben f\u00fchren wir auch Normpumpen in unserem Angebot, die dichtungslos und hoch korrosionsbest\u00e4ndig sind. Eine Leckagefreiheit f\u00fcr Betriebstemperaturen bis 170 \u00b0C ist bei diesen Modellen gegeben.<\/p><p>Durch den Einsatz von nichtmetallischen Spaltt\u00f6pfen ohne Wirbelstromverluste konnten wir einen gegen\u00fcber anderen Produkten den Wirkungsgrad verbessern. Zudem \u00fcberzeugen unsere Pumpen durch die optimierte Schaufel-Geometrie und Gleitlagermaterialien, die ebenfalls ein effizienteres Arbeiten erm\u00f6glichen.<\/p><p>Auch aggressiven Fl\u00fcssigkeiten halten unsere Pumpen lange stand. Nennen Sie uns Ihre Zielsetzung, wir empfehlen Ihnen die umweltschonende Pumpe, die am besten zu Ihren Zwecken passt.<\/p><p>Umweltschonende Pumpen &#8211; zeitgem\u00e4\u00dfe Heizungsanlagen<br \/>Wir entwickeln\u00a0umweltschonende Pumpen\u00a0nicht nur f\u00fcr die Verarbeitung von Werkstoffen in der chemischen und pharmazeutischen Industrie. Sie sind mehr denn je auch in privaten und gewerblichen Heizungsanlagen gefragt. Hier wird Energieeffizienz immer wichtiger, denn sie dient nicht nur dem Umweltschutz, sondern tr\u00e4gt \u00fcberdies wesentlich zur Kostensenkung bei.<\/p><p>Alte Heizungsanlagen mit bislang nicht ausgetauschten, herk\u00f6mmlichen Pumpen halten zeitgem\u00e4\u00dfen Anforderungen nicht mehr stand. Wer jetzt reagiert und sie durch\u00a0umweltschonende Pumpen\u00a0ersetzt, kann mit finanziellen Vorteilen rechnen. Zeitgem\u00e4\u00dfe W\u00e4rmepumpen er\u00fcbrigen den Kauf und die Bevorratung von \u00d6l, Brennholz und Pellets. Sie k\u00f6nnen zudem mit L\u00fcftungsanlagen kombiniert werden, sodass eine noch gr\u00f6\u00dfere Effizienz erreicht wird.<\/p><p>Die Anschaffung von Brauchwasserpumpen ist ebenfalls eine kostensparende Investition. Sie ben\u00f6tigen weniger Platz als vergleichbare andere energieeffiziente Pumpen und arbeiten mit der Umgebungsluft. Als besonders\u00a0umweltschonende Pumpen\u00a0k\u00f6nnen sie zudem mit Solaranlagen kombiniert werden, auch Mini-Solaranlagen eignen sich daf\u00fcr. Ihre Installation ist unkompliziert, unterschiedliche Modelle bieten individuelle L\u00f6sungen.<\/p><p>Umweltschonende Pumpen &#8211; staatliche F\u00f6rdermittel<br \/>Unternehmen wie Privatpersonen k\u00f6nnen mit finanziellen Vorteilen rechnen, wenn sie herk\u00f6mmliche Modelle gegen effiziente und\u00a0umweltschonende Pumpen\u00a0austauschen. Zust\u00e4ndige Geldgeber sind das Bundesamt f\u00fcr Wirtschaft und Ausfuhrkontrolle und die Kreditanstalt f\u00fcr Wiederaufbau, kurz KfW.<\/p><p>Wird vor dem Kauf einer entsprechenden Pumpe der Antrag auf F\u00f6rdermittel gestellt, stehen die Chancen f\u00fcr die Zuteilung gut. Voraussetzung ist nat\u00fcrlich, dass alle festgelegten Vorgaben durch neue,\u00a0umweltschonende Pumpen\u00a0erf\u00fcllt sind. Mitunter k\u00f6nnen Gewerbebetriebe auch von Vorteilen profitieren, die regionale Energieversorger ihren Gro\u00dfkunden gew\u00e4hren.<\/p><p>Gerne zeigen wir Ihnen in einer ausf\u00fchrlichen Beratung das Kosten-Leistungsverh\u00e4ltnis effizienter Pumpen auf. Gemeinsam finden wir heraus, welche umweltschonende Pumpe am besten zu Ihrer Zielsetzung passt.<\/p><\/div><\/div><\/div>\t\t\t\t\t\t<\/div>\n\t\t\t\t<\/div>\n\t\t\t\t\t<\/div>\n\t\t<\/div>\n\t\t\t\t\t<\/div>\n\t\t<\/section>\n\t\t\t\t<\/div>","protected":false},"excerpt":{"rendered":"<p>Energieeffiziente Pumpen &#8211; GEKO Pumpen Die GEKO Pumpen GmbH tr\u00e4gt bei der Entwicklung und Herstellung ihrer energieeffizienten Pumpen aktiv und nachhaltig zum Umweltschutz bei. Um dem stetig steigenden Energiebedarf entgegenzuwirken, haben unsere Entwicklungsingenieure in den letzten Jahren systematisch die Pumpen hinsichtlich der geforderten Energieeinsparungen verbessert: Durch die folgenden Ma\u00dfnahmen wurde der Wirkungsgrad im Vergleich zu [&hellip;]<\/p>","protected":false},"author":1,"featured_media":0,"parent":0,"menu_order":0,"comment_status":"closed","ping_status":"closed","template":"","meta":{"_seopress_robots_primary_cat":"","_seopress_titles_title":"","_seopress_titles_desc":"","_seopress_robots_index":"","footnotes":""},"class_list":["post-591","page","type-page","status-publish","hentry"],"_links":{"self":[{"href":"https:\/\/geko-pumpen.de\/en\/wp-json\/wp\/v2\/pages\/591","targetHints":{"allow":["GET"]}}],"collection":[{"href":"https:\/\/geko-pumpen.de\/en\/wp-json\/wp\/v2\/pages"}],"about":[{"href":"https:\/\/geko-pumpen.de\/en\/wp-json\/wp\/v2\/types\/page"}],"author":[{"embeddable":true,"href":"https:\/\/geko-pumpen.de\/en\/wp-json\/wp\/v2\/users\/1"}],"replies":[{"embeddable":true,"href":"https:\/\/geko-pumpen.de\/en\/wp-json\/wp\/v2\/comments?post=591"}],"version-history":[{"count":7,"href":"https:\/\/geko-pumpen.de\/en\/wp-json\/wp\/v2\/pages\/591\/revisions"}],"predecessor-version":[{"id":598,"href":"https:\/\/geko-pumpen.de\/en\/wp-json\/wp\/v2\/pages\/591\/revisions\/598"}],"wp:attachment":[{"href":"https:\/\/geko-pumpen.de\/en\/wp-json\/wp\/v2\/media?parent=591"}],"curies":[{"name":"wp","href":"https:\/\/api.w.org\/{rel}","templated":true}]}}