{"id":581,"date":"2023-06-29T14:11:54","date_gmt":"2023-06-29T12:11:54","guid":{"rendered":"https:\/\/geko-pumpen.de\/?page_id=581"},"modified":"2023-06-29T14:12:59","modified_gmt":"2023-06-29T12:12:59","slug":"einzelfertigungen","status":"publish","type":"page","link":"https:\/\/geko-pumpen.de\/en\/einzelfertigungen\/","title":{"rendered":"Einzelfertigungen"},"content":{"rendered":"<div data-elementor-type=\"wp-page\" data-elementor-id=\"581\" class=\"elementor elementor-581\">\n\t\t\t\t\t\t<section class=\"elementor-section elementor-top-section elementor-element elementor-element-e5a4832 elementor-section-boxed elementor-section-height-default elementor-section-height-default\" data-id=\"e5a4832\" data-element_type=\"section\">\n\t\t\t\t\t\t<div class=\"elementor-container elementor-column-gap-default\">\n\t\t\t\t\t<div class=\"elementor-column elementor-col-100 elementor-top-column elementor-element elementor-element-02c8d54\" data-id=\"02c8d54\" data-element_type=\"column\">\n\t\t\t<div class=\"elementor-widget-wrap elementor-element-populated\">\n\t\t\t\t\t\t<div class=\"elementor-element elementor-element-881d3b8 elementor-widget elementor-widget-text-editor\" data-id=\"881d3b8\" data-element_type=\"widget\" data-widget_type=\"text-editor.default\">\n\t\t\t\t<div class=\"elementor-widget-container\">\n\t\t\t\t\t\t\t<div class=\"col\"><h1><b>Einzelfertigungen<\/b><\/h1><\/div>\t\t\t\t\t\t<\/div>\n\t\t\t\t<\/div>\n\t\t\t\t\t<\/div>\n\t\t<\/div>\n\t\t\t\t\t<\/div>\n\t\t<\/section>\n\t\t\t\t<section class=\"elementor-section elementor-top-section elementor-element elementor-element-d6b6395 elementor-section-boxed elementor-section-height-default elementor-section-height-default elementor-invisible\" data-id=\"d6b6395\" data-element_type=\"section\" data-settings=\"{&quot;animation&quot;:&quot;fadeInUp&quot;,&quot;animation_delay&quot;:150}\">\n\t\t\t\t\t\t<div class=\"elementor-container elementor-column-gap-default\">\n\t\t\t\t\t<div class=\"elementor-column elementor-col-50 elementor-top-column elementor-element elementor-element-bd12c14\" data-id=\"bd12c14\" data-element_type=\"column\">\n\t\t\t<div class=\"elementor-widget-wrap elementor-element-populated\">\n\t\t\t\t\t\t<div class=\"elementor-element elementor-element-dcd281a elementor-widget elementor-widget-text-editor\" data-id=\"dcd281a\" data-element_type=\"widget\" data-widget_type=\"text-editor.default\">\n\t\t\t\t<div class=\"elementor-widget-container\">\n\t\t\t\t\t\t\t<div class=\"col large-6\"><p><b>Einzelfertigungen<\/b><\/p><p>\u00a0<\/p><div><div class=\"preview\">Einzelfertigungen sind voll und ganz auf die Bed\u00fcrfnisse des jeweiligen Kunden ausgerichtet. Dies gilt auch f\u00fcr die Produkte aus unserem Sortiment. So sind unsere Normpumpen beispielsweise speziell f\u00fcr die F\u00f6rderung von Fl\u00fcssigkeiten geeignet, die \u00fcber aggressive oder gef\u00e4hrliche Eigenschaften verf\u00fcgen. Erfahren Sie mehr \u00fcber unsere hochwertigen und nachhaltigen Produkte f\u00fcr Ihren individuellen Bedarf.<br \/><br \/>Pumpen f\u00fcr h\u00f6chste Anforderungen von Kunden weltweit<br \/><br \/>Unser Unternehmen ist f\u00fchrender Hersteller von PTFE-ausgekleideten Chemienormpumpen, die nach DIN EN 22858 zertifiziert und damit ebenso Atex-konform als auch FDA-tauglich sind. So vertrauen Kunden weltweit auf die Qualit\u00e4t der Einzelfertigungen durch die GEKO Pumpen GmbH. Wir bieten langlebige L\u00f6sungen und finden mit Ihnen gemeinsam die beste L\u00f6sung f\u00fcr Ihre Anliegen. Sprechen Sie uns gerne an!<br \/><br \/>Dichtungslose Normpumpen als Einzelfertigungen f\u00fcr anspruchsvolle F\u00f6rderung<br \/><br \/>Speziell zur F\u00f6rderung von gef\u00e4hrlichen Stoffen haben wir unsere hochkorrosionsbest\u00e4ndigen Normpumpen entwickelt. Sie sind absolut leckagefrei und halten selbst Temperaturen bis zu 170\u00b0 C problemlos aus. Damit sind sie im Vergleich zu anderen Pumpenmodellen klar im Vorteil. Au\u00dferdem sorgen wir mit dem Einsatz von innovativen und ressourcenschonenden Verfahren daf\u00fcr, dass unser Unternehmen einen wichtigen Beitrag zu einer nachhaltigen Lebensweise und damit auch dem Umweltschutz liefert.<br \/><br \/>Einzelfertigungen nach Ma\u00df online bestellen<br \/><br \/>Wenn Sie Interesse an unseren Einzelfertigungen haben, nehmen Sie gerne mit uns Kontakt auf. Wir beraten Sie zu den einzelnen Modellen der Normpumpen, energieeffizienten Pumpen oder auch Peripheralpumpen und beantworten alle Fragen bez\u00fcglich Herstellung und Wirkungsweise. Bestellen Sie die Pumpen f\u00fcr Ihren industriellen oder privaten Bedarf bequem und sicher online und profitieren Sie von unseren Einzelfertigungen, die passgenau auf Sie und Ihre Bed\u00fcrfnisse zugeschnitten sind. Sie erreichen uns per Telefon, E-Mail oder auch Fax. Finden Sie noch heute die passende Pumpe in unserem Sortiment und nutzen Sie unseren Lieferservice f\u00fcr Ihre Bestellung.<\/div><\/div><\/div>\t\t\t\t\t\t<\/div>\n\t\t\t\t<\/div>\n\t\t\t\t\t<\/div>\n\t\t<\/div>\n\t\t\t\t<div class=\"elementor-column elementor-col-50 elementor-top-column elementor-element elementor-element-bd7efca\" data-id=\"bd7efca\" data-element_type=\"column\">\n\t\t\t<div class=\"elementor-widget-wrap elementor-element-populated\">\n\t\t\t\t\t\t<div class=\"elementor-element elementor-element-f80ef54 elementor-widget elementor-widget-image\" data-id=\"f80ef54\" data-element_type=\"widget\" data-widget_type=\"image.default\">\n\t\t\t\t<div class=\"elementor-widget-container\">\n\t\t\t\t\t\t\t\t\t\t\t\t\t<img fetchpriority=\"high\" decoding=\"async\" width=\"363\" height=\"357\" src=\"https:\/\/geko-pumpen.de\/wp-content\/uploads\/2021\/05\/energieeffiziente-pumpen.jpg\" class=\"attachment-large size-large wp-image-54\" alt=\"\" srcset=\"https:\/\/geko-pumpen.de\/wp-content\/uploads\/2021\/05\/energieeffiziente-pumpen.jpg 363w, https:\/\/geko-pumpen.de\/wp-content\/uploads\/2021\/05\/energieeffiziente-pumpen-300x295.jpg 300w\" sizes=\"(max-width: 363px) 100vw, 363px\" \/>\t\t\t\t\t\t\t\t\t\t\t\t\t<\/div>\n\t\t\t\t<\/div>\n\t\t\t\t\t<\/div>\n\t\t<\/div>\n\t\t\t\t\t<\/div>\n\t\t<\/section>\n\t\t\t\t<\/div>","protected":false},"excerpt":{"rendered":"<p>Energieeffiziente Pumpen &#8211; GEKO Pumpen Die GEKO Pumpen GmbH tr\u00e4gt bei der Entwicklung und Herstellung ihrer energieeffizienten Pumpen aktiv und nachhaltig zum Umweltschutz bei. Um dem stetig steigenden Energiebedarf entgegenzuwirken, haben unsere Entwicklungsingenieure in den letzten Jahren systematisch die Pumpen hinsichtlich der geforderten Energieeinsparungen verbessert: Durch die folgenden Ma\u00dfnahmen wurde der Wirkungsgrad im Vergleich zu [&hellip;]<\/p>","protected":false},"author":1,"featured_media":0,"parent":0,"menu_order":0,"comment_status":"closed","ping_status":"closed","template":"","meta":{"_seopress_robots_primary_cat":"","_seopress_titles_title":"","_seopress_titles_desc":"","_seopress_robots_index":"","footnotes":""},"class_list":["post-581","page","type-page","status-publish","hentry"],"_links":{"self":[{"href":"https:\/\/geko-pumpen.de\/en\/wp-json\/wp\/v2\/pages\/581","targetHints":{"allow":["GET"]}}],"collection":[{"href":"https:\/\/geko-pumpen.de\/en\/wp-json\/wp\/v2\/pages"}],"about":[{"href":"https:\/\/geko-pumpen.de\/en\/wp-json\/wp\/v2\/types\/page"}],"author":[{"embeddable":true,"href":"https:\/\/geko-pumpen.de\/en\/wp-json\/wp\/v2\/users\/1"}],"replies":[{"embeddable":true,"href":"https:\/\/geko-pumpen.de\/en\/wp-json\/wp\/v2\/comments?post=581"}],"version-history":[{"count":4,"href":"https:\/\/geko-pumpen.de\/en\/wp-json\/wp\/v2\/pages\/581\/revisions"}],"predecessor-version":[{"id":585,"href":"https:\/\/geko-pumpen.de\/en\/wp-json\/wp\/v2\/pages\/581\/revisions\/585"}],"wp:attachment":[{"href":"https:\/\/geko-pumpen.de\/en\/wp-json\/wp\/v2\/media?parent=581"}],"curies":[{"name":"wp","href":"https:\/\/api.w.org\/{rel}","templated":true}]}}