{"id":558,"date":"2023-02-02T12:34:56","date_gmt":"2023-02-02T11:34:56","guid":{"rendered":"https:\/\/geko-pumpen.de\/?page_id=558"},"modified":"2023-02-02T12:35:16","modified_gmt":"2023-02-02T11:35:16","slug":"pumpenreparatur","status":"publish","type":"page","link":"https:\/\/geko-pumpen.de\/en\/pumpenreparatur\/","title":{"rendered":"Pumpenreparatur"},"content":{"rendered":"<div data-elementor-type=\"wp-page\" data-elementor-id=\"558\" class=\"elementor elementor-558\">\n\t\t\t\t\t\t<section class=\"elementor-section elementor-top-section elementor-element elementor-element-b343576 elementor-section-boxed elementor-section-height-default elementor-section-height-default\" data-id=\"b343576\" data-element_type=\"section\">\n\t\t\t\t\t\t<div class=\"elementor-container elementor-column-gap-default\">\n\t\t\t\t\t<div class=\"elementor-column elementor-col-100 elementor-top-column elementor-element elementor-element-1fdf92a\" data-id=\"1fdf92a\" data-element_type=\"column\">\n\t\t\t<div class=\"elementor-widget-wrap elementor-element-populated\">\n\t\t\t\t\t\t<div class=\"elementor-element elementor-element-ffab519 elementor-widget elementor-widget-text-editor\" data-id=\"ffab519\" data-element_type=\"widget\" data-widget_type=\"text-editor.default\">\n\t\t\t\t<div class=\"elementor-widget-container\">\n\t\t\t\t\t\t\t<div class=\"col\"><h1><b>Pumpenreparatur<\/b><\/h1><\/div>\t\t\t\t\t\t<\/div>\n\t\t\t\t<\/div>\n\t\t\t\t\t<\/div>\n\t\t<\/div>\n\t\t\t\t\t<\/div>\n\t\t<\/section>\n\t\t\t\t<section class=\"elementor-section elementor-top-section elementor-element elementor-element-fe0165b elementor-section-stretched elementor-section-boxed elementor-section-height-default elementor-section-height-default elementor-invisible\" data-id=\"fe0165b\" data-element_type=\"section\" data-settings=\"{&quot;animation&quot;:&quot;fadeInUp&quot;,&quot;animation_delay&quot;:150,&quot;stretch_section&quot;:&quot;section-stretched&quot;,&quot;background_background&quot;:&quot;classic&quot;}\">\n\t\t\t\t\t\t<div class=\"elementor-container elementor-column-gap-default\">\n\t\t\t\t\t<div class=\"elementor-column elementor-col-100 elementor-top-column elementor-element elementor-element-bcdbed4\" data-id=\"bcdbed4\" data-element_type=\"column\">\n\t\t\t<div class=\"elementor-widget-wrap elementor-element-populated\">\n\t\t\t\t\t\t<div class=\"elementor-element elementor-element-fcc379d elementor-widget elementor-widget-text-editor\" data-id=\"fcc379d\" data-element_type=\"widget\" data-widget_type=\"text-editor.default\">\n\t\t\t\t<div class=\"elementor-widget-container\">\n\t\t\t\t\t\t\t<div id=\"text_highlighted\"><p><b>Pumpenreparatur<\/b><\/p><br \/><div><div class=\"preview\">Chemie\u00adnormpumpen und Peripheral\u00adpumpen &#8211;\u00a0Pumpenreparatur\u00a0durch den Fachmann<br \/><br \/>Pumpen in der chemischen und pharmazeutischen Industrie m\u00fcssen h\u00f6chste Anforderungen erf\u00fcllen und sind in den gro\u00dfen Unternehmen meist im Dauereinsatz. Die Pumpen m\u00fcssen organische oder anorganische Chemikalien oft \u00fcber lange Distanzen transportieren. Eine genaue Dosierung oder ein gleichm\u00e4\u00dfiger Druck ist beim Transport von A nach B oftmals sehr wichtig. Obwohl die korrosionsbest\u00e4ndigen Pumpen aus hochwertigen Materialien bestehen und dadurch eine lange Lebensdauer haben, steht in einigen Unternehmen von Zeit zu Zeit eine Wartung oder eine\u00a0Pumpenreparatur\u00a0an. Die\u00a0Pumpenreparatur\u00a0wird bei der GEKO Pumpen GmbH vor Ort oder im Werk durchgef\u00fchrt.<br \/><br \/>Chemie- und Dosierpumpen k\u00f6nnen nur von einem Fachmann gewartet und repariert werden<br \/><br \/>Eine regelm\u00e4\u00dfige Wartung oder\u00a0Pumpenreparatur\u00a0ist in den sensiblen Bereichen der chemischen und pharmazeutischen Industrie \u00e4u\u00dferst wichtig. Da die Chemie- und Dosierpumpen der GEKO Pumpen GmbH aus speziellen Materialien hergestellt werden, k\u00f6nnen Sie auch nur von einem Fachmann gewartet oder repariert werden. Bei vielen korrosionsbest\u00e4ndigen Pumpen handelt es sich in nahezu allen Industriebereichen um Einzelanfertigungen. Der Ersatzteil- und Reparaturservice der GEKO Pumpen GmbH basiert daher auf einem sehr hohen Qualit\u00e4tsstandard. Nach der\u00a0Pumpenreparatur\u00a0sind die Chemie- und Dosierpumpen sofort wieder einsatzf\u00e4hig und k\u00f6nnen verschiedene Medien mit den unterschiedlichsten Viskosit\u00e4ten f\u00f6rdern.<br \/><br \/>Die Wartung oder Reparatur einer Pumpe dauert in der Regel einen Werktag<br \/><br \/>Die\u00a0Pumpenreparatur\u00a0findet nach Ihren W\u00fcnschen vor Ort in Ihrem Unternehmen statt. Der gut ausgebildete Monteur kennt die Besonderheiten der eingesetzten Chemie- und Dosierpumpen und hat selbstverst\u00e4ndlich alle ben\u00f6tigten Ersatzteile dabei. Durch die\u00a0Pumpenreparatur\u00a0in Ihrem Unternehmen wird Ihr Betriebsablauf nur geringf\u00fcgig gest\u00f6rt und Ihre Anlage kann schnell wieder in Betrieb genommen werden. Eine\u00a0Pumpenreparatur\u00a0ist selbstverst\u00e4ndlich auch direkt im Werk der GEKO Pumpen GmbH m\u00f6glich. Die Reparatur der Pumpe wird in der Regel innerhalb eines Werktages durchgef\u00fchrt.<\/div><\/div><\/div>\t\t\t\t\t\t<\/div>\n\t\t\t\t<\/div>\n\t\t\t\t\t<\/div>\n\t\t<\/div>\n\t\t\t\t\t<\/div>\n\t\t<\/section>\n\t\t\t\t<\/div>","protected":false},"excerpt":{"rendered":"<p>Pumpenreparatur Pumpenreparatur Chemie\u00adnormpumpen und Peripheral\u00adpumpen &#8211;\u00a0Pumpenreparatur\u00a0durch den Fachmann Pumpen in der chemischen und pharmazeutischen Industrie m\u00fcssen h\u00f6chste Anforderungen erf\u00fcllen und sind in den gro\u00dfen Unternehmen meist im Dauereinsatz. Die Pumpen m\u00fcssen organische oder anorganische Chemikalien oft \u00fcber lange Distanzen transportieren. Eine genaue Dosierung oder ein gleichm\u00e4\u00dfiger Druck ist beim Transport von A nach B oftmals [&hellip;]<\/p>","protected":false},"author":1,"featured_media":0,"parent":0,"menu_order":0,"comment_status":"closed","ping_status":"closed","template":"","meta":{"_seopress_robots_primary_cat":"","_seopress_titles_title":"","_seopress_titles_desc":"","_seopress_robots_index":"","footnotes":""},"class_list":["post-558","page","type-page","status-publish","hentry"],"_links":{"self":[{"href":"https:\/\/geko-pumpen.de\/en\/wp-json\/wp\/v2\/pages\/558","targetHints":{"allow":["GET"]}}],"collection":[{"href":"https:\/\/geko-pumpen.de\/en\/wp-json\/wp\/v2\/pages"}],"about":[{"href":"https:\/\/geko-pumpen.de\/en\/wp-json\/wp\/v2\/types\/page"}],"author":[{"embeddable":true,"href":"https:\/\/geko-pumpen.de\/en\/wp-json\/wp\/v2\/users\/1"}],"replies":[{"embeddable":true,"href":"https:\/\/geko-pumpen.de\/en\/wp-json\/wp\/v2\/comments?post=558"}],"version-history":[{"count":4,"href":"https:\/\/geko-pumpen.de\/en\/wp-json\/wp\/v2\/pages\/558\/revisions"}],"predecessor-version":[{"id":562,"href":"https:\/\/geko-pumpen.de\/en\/wp-json\/wp\/v2\/pages\/558\/revisions\/562"}],"wp:attachment":[{"href":"https:\/\/geko-pumpen.de\/en\/wp-json\/wp\/v2\/media?parent=558"}],"curies":[{"name":"wp","href":"https:\/\/api.w.org\/{rel}","templated":true}]}}