{"id":534,"date":"2022-10-27T12:44:49","date_gmt":"2022-10-27T10:44:49","guid":{"rendered":"https:\/\/geko-pumpen.de\/?page_id=534"},"modified":"2022-10-27T12:45:18","modified_gmt":"2022-10-27T10:45:18","slug":"chemiepumpen","status":"publish","type":"page","link":"https:\/\/geko-pumpen.de\/en\/chemiepumpen\/","title":{"rendered":"PTFE-Pumpen"},"content":{"rendered":"<div data-elementor-type=\"wp-page\" data-elementor-id=\"534\" class=\"elementor elementor-534\">\n\t\t\t\t\t\t<section class=\"elementor-section elementor-top-section elementor-element elementor-element-b343576 elementor-section-boxed elementor-section-height-default elementor-section-height-default\" data-id=\"b343576\" data-element_type=\"section\">\n\t\t\t\t\t\t<div class=\"elementor-container elementor-column-gap-default\">\n\t\t\t\t\t<div class=\"elementor-column elementor-col-100 elementor-top-column elementor-element elementor-element-1fdf92a\" data-id=\"1fdf92a\" data-element_type=\"column\">\n\t\t\t<div class=\"elementor-widget-wrap elementor-element-populated\">\n\t\t\t\t\t\t<div class=\"elementor-element elementor-element-ffab519 elementor-widget elementor-widget-text-editor\" data-id=\"ffab519\" data-element_type=\"widget\" data-widget_type=\"text-editor.default\">\n\t\t\t\t<div class=\"elementor-widget-container\">\n\t\t\t\t\t\t\t<div class=\"col\"><h1><b>PTFE-Pumpen<\/b><\/h1><\/div>\t\t\t\t\t\t<\/div>\n\t\t\t\t<\/div>\n\t\t\t\t\t<\/div>\n\t\t<\/div>\n\t\t\t\t\t<\/div>\n\t\t<\/section>\n\t\t\t\t<section class=\"elementor-section elementor-top-section elementor-element elementor-element-fe0165b elementor-section-stretched elementor-section-boxed elementor-section-height-default elementor-section-height-default elementor-invisible\" data-id=\"fe0165b\" data-element_type=\"section\" data-settings=\"{&quot;animation&quot;:&quot;fadeInUp&quot;,&quot;animation_delay&quot;:150,&quot;stretch_section&quot;:&quot;section-stretched&quot;,&quot;background_background&quot;:&quot;classic&quot;}\">\n\t\t\t\t\t\t<div class=\"elementor-container elementor-column-gap-default\">\n\t\t\t\t\t<div class=\"elementor-column elementor-col-100 elementor-top-column elementor-element elementor-element-bcdbed4\" data-id=\"bcdbed4\" data-element_type=\"column\">\n\t\t\t<div class=\"elementor-widget-wrap elementor-element-populated\">\n\t\t\t\t\t\t<div class=\"elementor-element elementor-element-fcc379d elementor-widget elementor-widget-text-editor\" data-id=\"fcc379d\" data-element_type=\"widget\" data-widget_type=\"text-editor.default\">\n\t\t\t\t<div class=\"elementor-widget-container\">\n\t\t\t\t\t\t\t<div id=\"text_highlighted\"><p><b>PTFE-Pumpen<\/b><\/p><br \/><div><div class=\"preview\">PTFE-Pumpen\u00a0f\u00fcr den Transport verschiedener Medien<br \/><br \/>In der Industrie, Landwirtschaft oder im Handwerk, aber auch im Privatbereich kommen hochwertige Block- oder Normpumpen zum Einsatz, die verschiedene Medien bef\u00f6rdern. Die sogenannten\u00a0PTFE-Pumpen\u00a0sind auf den Innenseiten beschichtet und mit speziellen Dichtungen ausgestattet. Dadurch erf\u00fcllen die vielseitigen Pumpen die Leistungsanforderungen der DIN EN 22858 und k\u00f6nnen auch Chemikalien von A nach B bef\u00f6rdern.<br \/><br \/>Die modernen Pumpen sind f\u00fcr Medien in verschiedenen Temperaturbereichen geeignet<br \/><br \/>PTFE-Pumpen\u00a0in Form von Blockpumpen kommen \u00fcberall dort zum Einsatz, wo es um die F\u00f6rderung und den Transport von verschiedenen Medien geht. Die Pumpen haben keine Kupplung und sind der Dreh- und Angelpunkt in kleinen, mittleren und gro\u00dfen Anlagen. Die\u00a0PTFE-Pumpen\u00a0werden entweder direkt mit einem Motor oder mit einer Antriebswelle angetrieben. Je nach Medientyp sind die Blockpumpen f\u00fcr Temperaturbereiche von &#8211; 25 \u00b0C bis + 140 \u00b0C ausgelegt. F\u00fcr eine hohe Leistungsf\u00e4higkeit und eine lange Lebensdauer sind die Pumpen zur F\u00f6rderung dieser Medien beschichtet und mit Gleitringdichtungen aus Kohle- und Siliziumkarbid-Verbindungen oder auch Siliziumkarbid- \/Siliziumkarbid-Verbindungen ausgestattet.<br \/><br \/>Die\u00a0PTFE-Pumpen\u00a0sind ausgewuchtet und f\u00fcr den Dauerbetrieb geeignet<br \/><br \/>Bei der privaten Nutzung in Ein- oder Zweifamilienh\u00e4usern werden die\u00a0PTFE-Pumpen\u00a0zur Druckerh\u00f6hung im Wasserkreislauf, zur Wasserf\u00f6rderung oder in der Heiztechnik verwendet. Auch zur Bew\u00e4sserung sind sie optimal geeignet. Die effizienten\u00a0PTFE-Pumpen\u00a0k\u00f6nnen aber auch gewerblich oder industriell f\u00fcr Heizung, Klima, L\u00fcftung oder K\u00e4ltetechnik genutzt werden. Der Pumpvorgang ist bei den\u00a0PTFE-Pumpen\u00a0\u00fcber einen axial ausgerichteten Saugstutzen m\u00f6glich. Der Antrieb erfolgt \u00fcber eine ausgewuchtete Welle. Dadurch werden Vibrationen vermieden und die Pumpe ist f\u00fcr den Dauerbetrieb geeignet.<br \/><br \/>Der Betrieb der Pumpe ist nur auf einem stabilen Fundament m\u00f6glich<br \/><br \/>Werden fl\u00fcssige Medien gef\u00f6rdert oder transportiert, treten immer verschiedene Kr\u00e4fte auf. Auch St\u00f6\u00dfe und Vibrationen sind w\u00e4hrend des Betriebs m\u00f6glich. Die\u00a0PTFE-Pumpen\u00a0m\u00fcssen daher je nach Gr\u00f6\u00dfe auf einem Sockel oder einem gegossenen Fundament aus Beton montiert werden. Damit ein effektiver und gleichm\u00e4\u00dfiger Betrieb m\u00f6glich ist, muss der Sockel mindestens das 1 1\/2-fache Gewicht der Pumpe haben. F\u00fcr eine hohe Laufruhe der\u00a0PTFE-Pumpen, besonders im Dauerbetrieb, sorgen geeignete Schwingungsd\u00e4mpfer.<\/div><\/div><\/div>\t\t\t\t\t\t<\/div>\n\t\t\t\t<\/div>\n\t\t\t\t\t<\/div>\n\t\t<\/div>\n\t\t\t\t\t<\/div>\n\t\t<\/section>\n\t\t\t\t<\/div>","protected":false},"excerpt":{"rendered":"<p>Peripheralpumpen &#8211; GEKO Pumpen Gesellschaft f\u00fcr korrosionsbest\u00e4ndige Pumpen GmbH Typ GEKOBLOCK PM&nbsp; Die&nbsp;GEKOBLOCK-Peripheralpumpe&nbsp;mit Magnetantrieb ist eine einstufige Seitenkanalradpumpe. Mit dieser korrosionsbest\u00e4ndigen Pumpe k\u00f6nnen auch besonders aggressive oder gef\u00e4hrliche Fl\u00fcssigkeiten ohne Abrasion oder Kristallisation leckagefrei gef\u00f6rdert werden. Die Pumpe ist hermetisch abgedichtet. Das F\u00f6rdermedium kommt lediglich mit&nbsp;PTFE, PFA, Siliziumkarbid (SiC)&nbsp;und&nbsp;Oxidkeramik&nbsp;in Verbindung. Das Produkt ist wegen der [&hellip;]<\/p>","protected":false},"author":1,"featured_media":0,"parent":0,"menu_order":0,"comment_status":"closed","ping_status":"closed","template":"","meta":{"_seopress_robots_primary_cat":"","_seopress_titles_title":"","_seopress_titles_desc":"","_seopress_robots_index":"","footnotes":""},"class_list":["post-534","page","type-page","status-publish","hentry"],"_links":{"self":[{"href":"https:\/\/geko-pumpen.de\/en\/wp-json\/wp\/v2\/pages\/534","targetHints":{"allow":["GET"]}}],"collection":[{"href":"https:\/\/geko-pumpen.de\/en\/wp-json\/wp\/v2\/pages"}],"about":[{"href":"https:\/\/geko-pumpen.de\/en\/wp-json\/wp\/v2\/types\/page"}],"author":[{"embeddable":true,"href":"https:\/\/geko-pumpen.de\/en\/wp-json\/wp\/v2\/users\/1"}],"replies":[{"embeddable":true,"href":"https:\/\/geko-pumpen.de\/en\/wp-json\/wp\/v2\/comments?post=534"}],"version-history":[{"count":4,"href":"https:\/\/geko-pumpen.de\/en\/wp-json\/wp\/v2\/pages\/534\/revisions"}],"predecessor-version":[{"id":538,"href":"https:\/\/geko-pumpen.de\/en\/wp-json\/wp\/v2\/pages\/534\/revisions\/538"}],"wp:attachment":[{"href":"https:\/\/geko-pumpen.de\/en\/wp-json\/wp\/v2\/media?parent=534"}],"curies":[{"name":"wp","href":"https:\/\/api.w.org\/{rel}","templated":true}]}}