{"id":527,"date":"2022-09-23T09:40:00","date_gmt":"2022-09-23T07:40:00","guid":{"rendered":"https:\/\/geko-pumpen.de\/?page_id=527"},"modified":"2022-09-23T09:40:58","modified_gmt":"2022-09-23T07:40:58","slug":"peripheralpumpen-2","status":"publish","type":"page","link":"https:\/\/geko-pumpen.de\/en\/peripheralpumpen-2\/","title":{"rendered":"Chemiepumpen"},"content":{"rendered":"<div data-elementor-type=\"wp-page\" data-elementor-id=\"527\" class=\"elementor elementor-527\">\n\t\t\t\t\t\t<section class=\"elementor-section elementor-top-section elementor-element elementor-element-b343576 elementor-section-boxed elementor-section-height-default elementor-section-height-default\" data-id=\"b343576\" data-element_type=\"section\">\n\t\t\t\t\t\t<div class=\"elementor-container elementor-column-gap-default\">\n\t\t\t\t\t<div class=\"elementor-column elementor-col-100 elementor-top-column elementor-element elementor-element-1fdf92a\" data-id=\"1fdf92a\" data-element_type=\"column\">\n\t\t\t<div class=\"elementor-widget-wrap elementor-element-populated\">\n\t\t\t\t\t\t<div class=\"elementor-element elementor-element-ffab519 elementor-widget elementor-widget-text-editor\" data-id=\"ffab519\" data-element_type=\"widget\" data-widget_type=\"text-editor.default\">\n\t\t\t\t<div class=\"elementor-widget-container\">\n\t\t\t\t\t\t\t<div class=\"col\"><h1><b>Chemiepumpen<\/b><\/h1><\/div>\t\t\t\t\t\t<\/div>\n\t\t\t\t<\/div>\n\t\t\t\t\t<\/div>\n\t\t<\/div>\n\t\t\t\t\t<\/div>\n\t\t<\/section>\n\t\t\t\t<section class=\"elementor-section elementor-top-section elementor-element elementor-element-fe0165b elementor-section-stretched elementor-section-boxed elementor-section-height-default elementor-section-height-default elementor-invisible\" data-id=\"fe0165b\" data-element_type=\"section\" data-settings=\"{&quot;animation&quot;:&quot;fadeInUp&quot;,&quot;animation_delay&quot;:150,&quot;stretch_section&quot;:&quot;section-stretched&quot;,&quot;background_background&quot;:&quot;classic&quot;}\">\n\t\t\t\t\t\t<div class=\"elementor-container elementor-column-gap-default\">\n\t\t\t\t\t<div class=\"elementor-column elementor-col-100 elementor-top-column elementor-element elementor-element-bcdbed4\" data-id=\"bcdbed4\" data-element_type=\"column\">\n\t\t\t<div class=\"elementor-widget-wrap elementor-element-populated\">\n\t\t\t\t\t\t<div class=\"elementor-element elementor-element-fcc379d elementor-widget elementor-widget-text-editor\" data-id=\"fcc379d\" data-element_type=\"widget\" data-widget_type=\"text-editor.default\">\n\t\t\t\t<div class=\"elementor-widget-container\">\n\t\t\t\t\t\t\t<p><b>Chemiepumpen<\/b><\/p><p>\u00a0<\/p><div><div class=\"preview\">Chemiepumpen\u00a0bei GEKO Pumpen exklusiv vom Spezialisten kaufen<br \/><br \/>Sie planen, mit Ihrem Unternehmen oder als Privatperson Chemikalien zu f\u00f6rdern und sind zu diesem Zweck auf der Suche nach einer Pumpe? Um diese wichtige Aufgabe sachgerecht durchzuf\u00fchren, raten wir Ihnen, nach einer Chemiepumpe Ausschau zu halten.\u00a0Chemiepumpen\u00a0sind &#8211; wie der Name schon sagt &#8211; speziell f\u00fcr Chemikalien konzipiert. Das ist dem erh\u00f6hten Gefahrenpotenzial, das von Chemikalien ausgeht, geschuldet. Der Aspekt von h\u00f6chster Sicherheit steht bei dieser Art von Pumpen absolut im Vordergrund. Bei uns als Experte f\u00fcr Pumpen k\u00f6nnen Sie\u00a0Chemiepumpen\u00a0privat oder f\u00fcr gewerbliche Zwecke kaufen. Worauf kommt es beim Kauf von\u00a0Chemiepumpen\u00a0an und in welchen Bereichen k\u00f6nnen Sie unsere Pumpen f\u00fcr Chemikalien verwenden? Wir beantworten Ihnen wichtige Fragen zu\u00a0Chemiepumpen\u00a0im \u00dcberblick.<br \/><br \/>Vielf\u00e4ltige Anwendungsbereiche f\u00fcr\u00a0Chemiepumpen\u00a0von GEKO Pumpen<br \/><br \/>Chemische Produkte spielen in zahlreichen Lebensbereichen eine gro\u00dfe Rolle. So sind fl\u00fcssige Chemikalien ein wichtiger Teil der Kunststoffindustrie. Ebenso kommen sie in der Bekleidungsindustrie, Kosmetikindustrie und Lebensmittelindustrie zur Anwendung. In all diesen F\u00e4llen k\u00f6nnen Sie\u00a0Chemiepumpen\u00a0f\u00fcr die Bef\u00f6rderung fl\u00fcssiger Chemikalien verwenden. Weitere Anwendungsbereiche sind die Herstellung von Waschmitteln und Arzneimitteln. Sie m\u00f6chten Lacke transportieren?\u00a0Chemiepumpen\u00a0sind in diesem Fall eine sehr gute Wahl.<br \/><br \/>Die bei uns erh\u00e4ltlichen chemischen Pumpen eignen sich f\u00fcr Fl\u00fcssigkeiten wie Laugen. Unter diese fallen z. B. Kali- und Natronlauge. Au\u00dferdem k\u00f6nnen Sie S\u00e4uren wie Salzs\u00e4ure sowie verschiedenste L\u00f6sungsmittel mithilfe unserer Pumpen f\u00fcr chemische Liquide bewegen.<br \/><br \/>Leistungsstarke\u00a0Chemiepumpen\u00a0made in Germany<br \/><br \/>Mit unseren innovativen Pumpen entscheiden Sie sich f\u00fcr Pumpentechnik, die nach hohen Qualit\u00e4tsstandards in deutscher Markenqualit\u00e4t gefertigt wird. Unsere Pumpen sind best\u00e4ndig gegen Korrosion, sehr robust und haben eine lange Lebensdauer. Dar\u00fcber hinaus gilt unsere moderne Pumpentechnik als ausgesprochen energieeffizient. Damit Ihre Pumpe letztlich genauso funktioniert, wie Sie es sich vorstellen, bieten wir Ihnen einen exklusiven Montageservice &#8211; weltweit an Ihrem Wunschort.<br \/><br \/>Lassen Sie sich jetzt von uns kompetent beraten und bestellen Sie\u00a0Chemiepumpen\u00a0in Premium-Qualit\u00e4t!<\/div><\/div>\t\t\t\t\t\t<\/div>\n\t\t\t\t<\/div>\n\t\t\t\t\t<\/div>\n\t\t<\/div>\n\t\t\t\t\t<\/div>\n\t\t<\/section>\n\t\t\t\t<\/div>","protected":false},"excerpt":{"rendered":"<p>Peripheralpumpen &#8211; GEKO Pumpen Gesellschaft f\u00fcr korrosionsbest\u00e4ndige Pumpen GmbH Typ GEKOBLOCK PM&nbsp; Die&nbsp;GEKOBLOCK-Peripheralpumpe&nbsp;mit Magnetantrieb ist eine einstufige Seitenkanalradpumpe. Mit dieser korrosionsbest\u00e4ndigen Pumpe k\u00f6nnen auch besonders aggressive oder gef\u00e4hrliche Fl\u00fcssigkeiten ohne Abrasion oder Kristallisation leckagefrei gef\u00f6rdert werden. Die Pumpe ist hermetisch abgedichtet. Das F\u00f6rdermedium kommt lediglich mit&nbsp;PTFE, PFA, Siliziumkarbid (SiC)&nbsp;und&nbsp;Oxidkeramik&nbsp;in Verbindung. Das Produkt ist wegen der [&hellip;]<\/p>","protected":false},"author":1,"featured_media":0,"parent":0,"menu_order":0,"comment_status":"closed","ping_status":"closed","template":"","meta":{"_seopress_robots_primary_cat":"","_seopress_titles_title":"","_seopress_titles_desc":"","_seopress_robots_index":"","footnotes":""},"class_list":["post-527","page","type-page","status-publish","hentry"],"_links":{"self":[{"href":"https:\/\/geko-pumpen.de\/en\/wp-json\/wp\/v2\/pages\/527","targetHints":{"allow":["GET"]}}],"collection":[{"href":"https:\/\/geko-pumpen.de\/en\/wp-json\/wp\/v2\/pages"}],"about":[{"href":"https:\/\/geko-pumpen.de\/en\/wp-json\/wp\/v2\/types\/page"}],"author":[{"embeddable":true,"href":"https:\/\/geko-pumpen.de\/en\/wp-json\/wp\/v2\/users\/1"}],"replies":[{"embeddable":true,"href":"https:\/\/geko-pumpen.de\/en\/wp-json\/wp\/v2\/comments?post=527"}],"version-history":[{"count":4,"href":"https:\/\/geko-pumpen.de\/en\/wp-json\/wp\/v2\/pages\/527\/revisions"}],"predecessor-version":[{"id":531,"href":"https:\/\/geko-pumpen.de\/en\/wp-json\/wp\/v2\/pages\/527\/revisions\/531"}],"wp:attachment":[{"href":"https:\/\/geko-pumpen.de\/en\/wp-json\/wp\/v2\/media?parent=527"}],"curies":[{"name":"wp","href":"https:\/\/api.w.org\/{rel}","templated":true}]}}