{"id":20,"date":"2021-05-02T19:52:07","date_gmt":"2021-05-02T17:52:07","guid":{"rendered":"https:\/\/geko.osa-essen.de\/qvf-pumpen\/"},"modified":"2023-05-26T10:18:31","modified_gmt":"2023-05-26T08:18:31","slug":"qvf-pumpen","status":"publish","type":"page","link":"https:\/\/geko-pumpen.de\/en\/qvf-pumpen\/","title":{"rendered":"QVF-pumps"},"content":{"rendered":"<div data-elementor-type=\"wp-page\" data-elementor-id=\"20\" class=\"elementor elementor-20\">\n\t\t\t\t\t\t<section class=\"elementor-section elementor-top-section elementor-element elementor-element-a71b93a elementor-section-boxed elementor-section-height-default elementor-section-height-default elementor-invisible\" data-id=\"a71b93a\" data-element_type=\"section\" data-settings=\"{&quot;animation&quot;:&quot;fadeInUp&quot;,&quot;animation_delay&quot;:150}\">\n\t\t\t\t\t\t<div class=\"elementor-container elementor-column-gap-default\">\n\t\t\t\t\t<div class=\"elementor-column elementor-col-100 elementor-top-column elementor-element elementor-element-6089fa2\" data-id=\"6089fa2\" data-element_type=\"column\">\n\t\t\t<div class=\"elementor-widget-wrap elementor-element-populated\">\n\t\t\t\t\t\t<div class=\"elementor-element elementor-element-5cd1f4d elementor-widget elementor-widget-text-editor\" data-id=\"5cd1f4d\" data-element_type=\"widget\" data-widget_type=\"text-editor.default\">\n\t\t\t\t<div class=\"elementor-widget-container\">\n\t\t\t\t\t\t\t<div class=\"col\"><div class=\"col\"><div class=\"col\"><div class=\"col\"><div class=\"col\"><h1>QVF-pumps<\/h1><\/div><div class=\"col large-6\"><p class=\" translation-block\">We are able to deliver identical pumps for the former QVF-pump series (respectively SIHI isolined series). For further informations please take a look to the following synoptic table. Additionally we have the possibility to deliver pumps which are equivalent to the old QVF-pumps.<\/p><\/div><div class=\"col large-6\"><p>View table:<\/p><\/div><\/div><\/div><\/div><\/div>\t\t\t\t\t\t<\/div>\n\t\t\t\t<\/div>\n\t\t\t\t<div class=\"elementor-element elementor-element-52c678a elementor-widget elementor-widget-button\" data-id=\"52c678a\" data-element_type=\"widget\" data-widget_type=\"button.default\">\n\t\t\t\t<div class=\"elementor-widget-container\">\n\t\t\t\t\t<div class=\"elementor-button-wrapper\">\n\t\t\t<a class=\"elementor-button elementor-button-link elementor-size-xl\" href=\"https:\/\/geko-pumpen.de\/wp-content\/uploads\/2021\/05\/QVF-tabelle-allgemein.pdf\" target=\"_blank\">\n\t\t\t\t\t\t<span class=\"elementor-button-content-wrapper\">\n\t\t\t\t\t\t\t\t\t<span class=\"elementor-button-text\">Table QVF-pumps<\/span>\n\t\t\t\t\t<\/span>\n\t\t\t\t\t<\/a>\n\t\t<\/div>\n\t\t\t\t<\/div>\n\t\t\t\t<\/div>\n\t\t\t\t\t<\/div>\n\t\t<\/div>\n\t\t\t\t\t<\/div>\n\t\t<\/section>\n\t\t\t\t<section class=\"elementor-section elementor-top-section elementor-element elementor-element-84d8ae7 elementor-section-boxed elementor-section-height-default elementor-section-height-default\" data-id=\"84d8ae7\" data-element_type=\"section\">\n\t\t\t\t\t\t<div class=\"elementor-container elementor-column-gap-default\">\n\t\t\t\t\t<div class=\"elementor-column elementor-col-100 elementor-top-column elementor-element elementor-element-3f4188a\" data-id=\"3f4188a\" data-element_type=\"column\">\n\t\t\t<div class=\"elementor-widget-wrap elementor-element-populated\">\n\t\t\t\t\t\t<div class=\"elementor-element elementor-element-e8000ee elementor-widget elementor-widget-text-editor\" data-id=\"e8000ee\" data-element_type=\"widget\" data-widget_type=\"text-editor.default\">\n\t\t\t\t<div class=\"elementor-widget-container\">\n\t\t\t\t\t\t\t<p><b>\u00a0QVF-pumps<\/b><\/p><p>\u00a0<\/p><div><div class=\"preview\">QVF-Pumpen\u00a0f\u00fcr den Transport von Chemikalien, gef\u00e4hrlichen Stoffen und Fl\u00fcssigkeiten<br \/><br \/>Die Pumpenbaureihe QVF sorgt f\u00fcr einen sicheren Transport von Fl\u00fcssigkeiten und weiteren Chemikalien. Jede Pumpe besteht in der Regel aus zwei Komponenten, einem Pumpenkopf und dem Pumpenantrieb. Im Pumpenkopf wird die Fl\u00fcssigkeit transportiert. Diese Pumpen kommen im Industriebereich zum Einsatz und leisten hier wertvolle Dienste. In der QVF Pumpenbaureihe existieren verschiedene Typen von Pumpen. Die\u00a0QVF-Pumpen\u00a0\u00fcberzeugen durch ihre Korrosionsbest\u00e4ndigkeit, auch beim Transport von gef\u00e4hrlichen Stoffen. Der folgende Beitrag setzt sich mit\u00a0QVF-Pumpen\u00a0n\u00e4her auseinander und beleuchtet, wie diese beispielsweise zum Einsatz kommen k\u00f6nnen.<br \/><br \/>QVF-Pumpen: Wo kommen diese zum Einsatz?<br \/><br \/>Die Pumpenreihe kommt unter anderem in der Glasindustrie zum Einsatz, aber nicht nur. Auch in anderen Bereichen, bei denen gef\u00e4hrliche Stoffe transportiert werden m\u00fcssen, finden die\u00a0QVF-Pumpen\u00a0Verwendung. Je nach Baugr\u00f6\u00dfe sind unterschiedliche F\u00f6rderbereiche m\u00f6glich: Der kleinste Bautyp f\u00f6rdert 2,1 bis 21 Liter pro Stunde. Gr\u00f6\u00dfere Typen der\u00a0QVF-Pumpen-Baureihe f\u00f6rdern 114,0 bis 1140 Liter pro Stunde. Die Pumpen arbeiten mit einer konstanten Dosierung. Der F\u00f6rderdruck liegt bei maximal 3,5 bar gauge. Das F\u00f6rdermedium kann sich bei jeder Pumpe im Temperaturbereich zwischen -10 Grad und 100 Grad Celsius bewegen.<br \/><br \/>Weitere Details zu den Pumpen:<br \/><br \/>Die Drehzahl pro Minute liegt zwischen 1500 Liter und 3000 Liter je nach Pumpentyp. Die Leistung je Kilowatt liegt je nach Typ bei 0,18 und 0,37. Der NPSH Wert liegt bei 4,7.<br \/><br \/>QVF-Pumpen\u00a0sind f\u00fcr technische Betriebe von hoher Bedeutung<br \/><br \/>F\u00fcr die\u00a0QVF-Pumpen\u00a0existieren auch hochwertige Ersatzteile. Diese sind f\u00fcr bereits vorhandene Pumpen, welche bereits l\u00e4nger in Betrieb sind, k\u00e4uflich. Dadurch wird sichergestellt, dass auch l\u00e4ngerfristig ein sicherer Transport von Chemikalien, Fl\u00fcssigkeiten und gef\u00e4hrlichen Stoffen gew\u00e4hrleistet ist.\u00a0QVF-Pumpen\u00a0sind f\u00fcr den Industriebereich von hoher Bedeutung: Dort unterst\u00fctzen diese in der Produktion den Herstellungsprozess.<\/div><\/div>\t\t\t\t\t\t<\/div>\n\t\t\t\t<\/div>\n\t\t\t\t\t<\/div>\n\t\t<\/div>\n\t\t\t\t\t<\/div>\n\t\t<\/section>\n\t\t\t\t<\/div>","protected":false},"excerpt":{"rendered":"<p>QVF-Pumpen Wir k\u00f6nnen Ihnen\u00a0bau- und leistungsgleiche Pumpen\u00a0zur ehemaligen QVF-Pumpenbaureihe beziehungsweise der\u00a0SIHI isolined-Baureihe\u00a0liefern. Au\u00dferdem f\u00fchren wir\u00a0hochwertige\u00a0Ersatzteile, die kompatibel zu den g\u00e4ngigen Modellen sind. Gef\u00e4hrliche Stoffe, Chemikalien und Fl\u00fcssigkeiten k\u00f6nnen zuverl\u00e4ssig gef\u00f6rdert werden. Weitere Informationen zu den Baugr\u00f6\u00dfen finden Sie in folgender \u00dcbersichtstabelle: \u00dcbersichtstabelle \u00f6ffnen \u00a0QVF-Pumpen \u00a0 QVF-Pumpen\u00a0f\u00fcr den Transport von Chemikalien, gef\u00e4hrlichen Stoffen und Fl\u00fcssigkeiten Die [&hellip;]<\/p>","protected":false},"author":1,"featured_media":0,"parent":0,"menu_order":0,"comment_status":"closed","ping_status":"closed","template":"","meta":{"_seopress_robots_primary_cat":"","_seopress_titles_title":"","_seopress_titles_desc":"","_seopress_robots_index":"","footnotes":""},"class_list":["post-20","page","type-page","status-publish","hentry"],"_links":{"self":[{"href":"https:\/\/geko-pumpen.de\/en\/wp-json\/wp\/v2\/pages\/20","targetHints":{"allow":["GET"]}}],"collection":[{"href":"https:\/\/geko-pumpen.de\/en\/wp-json\/wp\/v2\/pages"}],"about":[{"href":"https:\/\/geko-pumpen.de\/en\/wp-json\/wp\/v2\/types\/page"}],"author":[{"embeddable":true,"href":"https:\/\/geko-pumpen.de\/en\/wp-json\/wp\/v2\/users\/1"}],"replies":[{"embeddable":true,"href":"https:\/\/geko-pumpen.de\/en\/wp-json\/wp\/v2\/comments?post=20"}],"version-history":[{"count":9,"href":"https:\/\/geko-pumpen.de\/en\/wp-json\/wp\/v2\/pages\/20\/revisions"}],"predecessor-version":[{"id":579,"href":"https:\/\/geko-pumpen.de\/en\/wp-json\/wp\/v2\/pages\/20\/revisions\/579"}],"wp:attachment":[{"href":"https:\/\/geko-pumpen.de\/en\/wp-json\/wp\/v2\/media?parent=20"}],"curies":[{"name":"wp","href":"https:\/\/api.w.org\/{rel}","templated":true}]}}