{"id":18,"date":"2021-05-02T19:52:07","date_gmt":"2021-05-02T17:52:07","guid":{"rendered":"https:\/\/geko.osa-essen.de\/peripheralpumpen\/"},"modified":"2022-06-24T10:34:25","modified_gmt":"2022-06-24T08:34:25","slug":"peripheralpumpen","status":"publish","type":"page","link":"https:\/\/geko-pumpen.de\/en\/peripheralpumpen\/","title":{"rendered":"Peripheral pumps"},"content":{"rendered":"<div data-elementor-type=\"wp-page\" data-elementor-id=\"18\" class=\"elementor elementor-18\">\n\t\t\t\t\t\t<section class=\"elementor-section elementor-top-section elementor-element elementor-element-b343576 elementor-section-boxed elementor-section-height-default elementor-section-height-default\" data-id=\"b343576\" data-element_type=\"section\">\n\t\t\t\t\t\t<div class=\"elementor-container elementor-column-gap-default\">\n\t\t\t\t\t<div class=\"elementor-column elementor-col-100 elementor-top-column elementor-element elementor-element-1fdf92a\" data-id=\"1fdf92a\" data-element_type=\"column\">\n\t\t\t<div class=\"elementor-widget-wrap elementor-element-populated\">\n\t\t\t\t\t\t<div class=\"elementor-element elementor-element-ffab519 elementor-widget elementor-widget-text-editor\" data-id=\"ffab519\" data-element_type=\"widget\" data-widget_type=\"text-editor.default\">\n\t\t\t\t<div class=\"elementor-widget-container\">\n\t\t\t\t\t\t\t<div class=\"col\">\n<h1>Peripheralpumps \u2013 GEKO Pumpen<\/h1>\n<\/div>\t\t\t\t\t\t<\/div>\n\t\t\t\t<\/div>\n\t\t\t\t\t<\/div>\n\t\t<\/div>\n\t\t\t\t\t<\/div>\n\t\t<\/section>\n\t\t\t\t<section class=\"elementor-section elementor-top-section elementor-element elementor-element-4af8a8e elementor-section-boxed elementor-section-height-default elementor-section-height-default elementor-invisible\" data-id=\"4af8a8e\" data-element_type=\"section\" data-settings=\"{&quot;animation&quot;:&quot;fadeInUp&quot;,&quot;animation_delay&quot;:150}\">\n\t\t\t\t\t\t<div class=\"elementor-container elementor-column-gap-default\">\n\t\t\t\t\t<div class=\"elementor-column elementor-col-50 elementor-top-column elementor-element elementor-element-9ca49b9\" data-id=\"9ca49b9\" data-element_type=\"column\">\n\t\t\t<div class=\"elementor-widget-wrap elementor-element-populated\">\n\t\t\t\t\t\t<div class=\"elementor-element elementor-element-a97adef elementor-widget elementor-widget-spacer\" data-id=\"a97adef\" data-element_type=\"widget\" data-widget_type=\"spacer.default\">\n\t\t\t\t<div class=\"elementor-widget-container\">\n\t\t\t\t\t<div class=\"elementor-spacer\">\n\t\t\t<div class=\"elementor-spacer-inner\"><\/div>\n\t\t<\/div>\n\t\t\t\t<\/div>\n\t\t\t\t<\/div>\n\t\t\t\t<div class=\"elementor-element elementor-element-fc88ebb elementor-widget elementor-widget-text-editor\" data-id=\"fc88ebb\" data-element_type=\"widget\" data-widget_type=\"text-editor.default\">\n\t\t\t\t<div class=\"elementor-widget-container\">\n\t\t\t\t\t\t\t<div class=\"col large-6\"><p><b>Peripheral pumps Type GEKOBLOCK PM with magnetic drive\u00a0<\/b><\/p><p>The GEKOBLOCK-Peripheral pump with magnetic drive is seal-less side-channel pump. The pump is used whenever highly aggressive, toxic or dangerous fluids, without solids or crystalline particels need to be conveyed in an absolutely leak proof manner. The pumping fluid comes in tough only with PTFE, PFA, silicium carbide and ceramic.\u00a0<strong>GEKOBLOCK-Peripheralpumpe<\/strong>\u00a0mit Magnetantrieb ist eine einstufige Seitenkanalradpumpe. Mit dieser korrosionsbest\u00e4ndigen Pumpe k\u00f6nnen auch besonders aggressive oder gef\u00e4hrliche Fl\u00fcssigkeiten ohne Abrasion oder Kristallisation leckagefrei gef\u00f6rdert werden.<\/p><\/div><div class=\"col large-6\"><p class=\" translation-block\">Die Pumpe ist hermetisch abgedichtet. Das F\u00f6rdermedium kommt lediglich mit&nbsp;<strong>PTFE, PFA, Siliziumkarbid (SiC)<\/strong>&nbsp;und&nbsp;<strong>Oxidkeramik<\/strong>&nbsp;in Verbindung. Das Produkt ist wegen der Unempfindlichkeit gegen Kavitation zur F\u00f6rderung niedrig siedender Fl\u00fcssigkeiten besonders geeignet.<\/p><p>Ein Gas-Anteil von bis zu 30 Prozent im F\u00f6rderstrom stellt kein Problem f\u00fcr die Funktionsf\u00e4higkeit der Peripheralpumpe dar.<\/p><\/div>\t\t\t\t\t\t<\/div>\n\t\t\t\t<\/div>\n\t\t\t\t<div class=\"elementor-element elementor-element-bba189d elementor-widget elementor-widget-spacer\" data-id=\"bba189d\" data-element_type=\"widget\" data-widget_type=\"spacer.default\">\n\t\t\t\t<div class=\"elementor-widget-container\">\n\t\t\t\t\t<div class=\"elementor-spacer\">\n\t\t\t<div class=\"elementor-spacer-inner\"><\/div>\n\t\t<\/div>\n\t\t\t\t<\/div>\n\t\t\t\t<\/div>\n\t\t\t\t\t<\/div>\n\t\t<\/div>\n\t\t\t\t<div class=\"elementor-column elementor-col-50 elementor-top-column elementor-element elementor-element-cb19390\" data-id=\"cb19390\" data-element_type=\"column\">\n\t\t\t<div class=\"elementor-widget-wrap elementor-element-populated\">\n\t\t\t\t\t\t<div class=\"elementor-element elementor-element-286b40f elementor-widget elementor-widget-image\" data-id=\"286b40f\" data-element_type=\"widget\" data-widget_type=\"image.default\">\n\t\t\t\t<div class=\"elementor-widget-container\">\n\t\t\t\t\t\t\t\t\t\t\t\t\t<img fetchpriority=\"high\" decoding=\"async\" width=\"363\" height=\"357\" src=\"https:\/\/geko-pumpen.de\/wp-content\/uploads\/2021\/05\/peripheralpumpen.jpg\" class=\"attachment-large size-large wp-image-56\" alt=\"\" srcset=\"https:\/\/geko-pumpen.de\/wp-content\/uploads\/2021\/05\/peripheralpumpen.jpg 363w, https:\/\/geko-pumpen.de\/wp-content\/uploads\/2021\/05\/peripheralpumpen-300x295.jpg 300w\" sizes=\"(max-width: 363px) 100vw, 363px\" \/>\t\t\t\t\t\t\t\t\t\t\t\t\t<\/div>\n\t\t\t\t<\/div>\n\t\t\t\t\t<\/div>\n\t\t<\/div>\n\t\t\t\t\t<\/div>\n\t\t<\/section>\n\t\t\t\t<section class=\"elementor-section elementor-top-section elementor-element elementor-element-fe0165b elementor-section-stretched elementor-section-boxed elementor-section-height-default elementor-section-height-default elementor-invisible\" data-id=\"fe0165b\" data-element_type=\"section\" data-settings=\"{&quot;animation&quot;:&quot;fadeInUp&quot;,&quot;animation_delay&quot;:150,&quot;stretch_section&quot;:&quot;section-stretched&quot;,&quot;background_background&quot;:&quot;classic&quot;}\">\n\t\t\t\t\t\t<div class=\"elementor-container elementor-column-gap-default\">\n\t\t\t\t\t<div class=\"elementor-column elementor-col-100 elementor-top-column elementor-element elementor-element-35b153c\" data-id=\"35b153c\" data-element_type=\"column\">\n\t\t\t<div class=\"elementor-widget-wrap elementor-element-populated\">\n\t\t\t\t\t\t<div class=\"elementor-element elementor-element-b39062f elementor-widget elementor-widget-spacer\" data-id=\"b39062f\" data-element_type=\"widget\" data-widget_type=\"spacer.default\">\n\t\t\t\t<div class=\"elementor-widget-container\">\n\t\t\t\t\t<div class=\"elementor-spacer\">\n\t\t\t<div class=\"elementor-spacer-inner\"><\/div>\n\t\t<\/div>\n\t\t\t\t<\/div>\n\t\t\t\t<\/div>\n\t\t\t\t<div class=\"elementor-element elementor-element-b8693c7 elementor-widget elementor-widget-text-editor\" data-id=\"b8693c7\" data-element_type=\"widget\" data-widget_type=\"text-editor.default\">\n\t\t\t\t<div class=\"elementor-widget-container\">\n\t\t\t\t\t\t\t<div class=\"col\"><div class=\"col\"><div class=\"col\"><h2>Design:<\/h2><\/div><div class=\"col large-6\"><p>The GEKOBLOCK magnetic pump is a single stage, PTFE close coupled, glandless leak proof pump. The PTFE impeller is horizontally adjustable on the ceramic shaft, which runs in silicium carbide bearings located at each shaft end.<\/p><p>The power is transmitted via permanent magnets. The pump is hermetically sealed and absolutely leak proof.<\/p><\/div><\/div><\/div>\t\t\t\t\t\t<\/div>\n\t\t\t\t<\/div>\n\t\t\t\t<div class=\"elementor-element elementor-element-4b6522e elementor-widget elementor-widget-heading\" data-id=\"4b6522e\" data-element_type=\"widget\" data-widget_type=\"heading.default\">\n\t\t\t\t<div class=\"elementor-widget-container\">\n\t\t\t<h3 class=\"elementor-heading-title elementor-size-default\">Permanentmagnete sichern die Leistungs\u00fcbertragung.\n\n<\/h3>\t\t<\/div>\n\t\t\t\t<\/div>\n\t\t\t\t<div class=\"elementor-element elementor-element-3bd3146 elementor-icon-list--layout-traditional elementor-list-item-link-full_width elementor-widget elementor-widget-icon-list\" data-id=\"3bd3146\" data-element_type=\"widget\" data-widget_type=\"icon-list.default\">\n\t\t\t\t<div class=\"elementor-widget-container\">\n\t\t\t\t\t<ul class=\"elementor-icon-list-items\">\n\t\t\t\t\t\t\t<li class=\"elementor-icon-list-item\">\n\t\t\t\t\t\t\t\t\t\t\t<span class=\"elementor-icon-list-icon\">\n\t\t\t\t\t\t\t<i aria-hidden=\"true\" class=\"fas fa-caret-right\"><\/i>\t\t\t\t\t\t<\/span>\n\t\t\t\t\t\t\t\t\t\t<span class=\"elementor-icon-list-text\">Pump- sizes: 15-90, 25-100 und 25-140<\/span>\n\t\t\t\t\t\t\t\t\t<\/li>\n\t\t\t\t\t\t\t\t<li class=\"elementor-icon-list-item\">\n\t\t\t\t\t\t\t\t\t\t\t<span class=\"elementor-icon-list-icon\">\n\t\t\t\t\t\t\t<i aria-hidden=\"true\" class=\"fas fa-caret-right\"><\/i>\t\t\t\t\t\t<\/span>\n\t\t\t\t\t\t\t\t\t\t<span class=\"elementor-icon-list-text\">The pump size 25-140 is available in a bare-shaft and in a close coupled design. The sizes 15-90 und 25-100 are only available in close coupled design.<\/span>\n\t\t\t\t\t\t\t\t\t<\/li>\n\t\t\t\t\t\t\t\t<li class=\"elementor-icon-list-item\">\n\t\t\t\t\t\t\t\t\t\t\t<span class=\"elementor-icon-list-icon\">\n\t\t\t\t\t\t\t<i aria-hidden=\"true\" class=\"fas fa-caret-right\"><\/i>\t\t\t\t\t\t<\/span>\n\t\t\t\t\t\t\t\t\t\t<span class=\"elementor-icon-list-text\">Operating temperature: T max. = 150\u00b0 C<\/span>\n\t\t\t\t\t\t\t\t\t<\/li>\n\t\t\t\t\t\t\t\t<li class=\"elementor-icon-list-item\">\n\t\t\t\t\t\t\t\t\t\t\t<span class=\"elementor-icon-list-icon\">\n\t\t\t\t\t\t\t<i aria-hidden=\"true\" class=\"fas fa-caret-right\"><\/i>\t\t\t\t\t\t<\/span>\n\t\t\t\t\t\t\t\t\t\t<span class=\"elementor-icon-list-text\">Min. capacity: Q =0,05 m3\/h<\/span>\n\t\t\t\t\t\t\t\t\t<\/li>\n\t\t\t\t\t\t\t\t<li class=\"elementor-icon-list-item\">\n\t\t\t\t\t\t\t\t\t\t\t<span class=\"elementor-icon-list-icon\">\n\t\t\t\t\t\t\t<i aria-hidden=\"true\" class=\"fas fa-caret-right\"><\/i>\t\t\t\t\t\t<\/span>\n\t\t\t\t\t\t\t\t\t\t<span class=\"elementor-icon-list-text\">Capacity: up to 10 m3\/h (50 Hz)<\/span>\n\t\t\t\t\t\t\t\t\t<\/li>\n\t\t\t\t\t\t\t\t<li class=\"elementor-icon-list-item\">\n\t\t\t\t\t\t\t\t\t\t\t<span class=\"elementor-icon-list-icon\">\n\t\t\t\t\t\t\t<i aria-hidden=\"true\" class=\"fas fa-caret-right\"><\/i>\t\t\t\t\t\t<\/span>\n\t\t\t\t\t\t\t\t\t\t<span class=\"elementor-icon-list-text\">Head: up to 90 m (50 Hz)<\/span>\n\t\t\t\t\t\t\t\t\t<\/li>\n\t\t\t\t\t\t<\/ul>\n\t\t\t\t<\/div>\n\t\t\t\t<\/div>\n\t\t\t\t<div class=\"elementor-element elementor-element-7c63308 elementor-widget elementor-widget-text-editor\" data-id=\"7c63308\" data-element_type=\"widget\" data-widget_type=\"text-editor.default\">\n\t\t\t\t<div class=\"elementor-widget-container\">\n\t\t\t\t\t\t\t<p>Further informations you will find in section\u00a0<a title=\"Downloads der GEKO Pumpen GmbH in Eltville am Rhein\" href=\"https:\/\/geko-pumpen.de\/en\/downloads\/\">Downloads<\/a>.<\/p>\t\t\t\t\t\t<\/div>\n\t\t\t\t<\/div>\n\t\t\t\t<div class=\"elementor-element elementor-element-2c881ca elementor-widget elementor-widget-text-editor\" data-id=\"2c881ca\" data-element_type=\"widget\" data-widget_type=\"text-editor.default\">\n\t\t\t\t<div class=\"elementor-widget-container\">\n\t\t\t\t\t\t\t<p>Bei Fragen oder Anregungen, k\u00f6nne Sie gerne jederzeit Kontakt zu uns aufnehmen. Nutzen Sie bequem und einfach unser <a href=\"#kontakt\">Kontaktformular<\/a>.<\/p>\t\t\t\t\t\t<\/div>\n\t\t\t\t<\/div>\n\t\t\t\t<div class=\"elementor-element elementor-element-b36e747 elementor-widget elementor-widget-text-editor\" data-id=\"b36e747\" data-element_type=\"widget\" data-widget_type=\"text-editor.default\">\n\t\t\t\t<div class=\"elementor-widget-container\">\n\t\t\t\t\t\t\t<p>Peripheralpumpen &#8211; F\u00f6rderung von Fl\u00fcssigkeiten mit hoher F\u00f6rderh\u00f6he<\/p><div><div class=\"preview\"><br \/>Die bei uns erh\u00e4ltlichen\u00a0Peripheralpumpen\u00a0kommen industriell zum Einsatz und stellen eine hohe F\u00f6rderh\u00f6he sicher. Sie zeichnen sich durch ihr kompaktes Format und ihre hohe F\u00f6rderleistung aus. Die leistungsstarken\u00a0Peripheralpumpen\u00a0k\u00f6nnen Sie bei uns in hoher Qualit\u00e4t und verschiedenen Bauweisen exklusiv kaufen. Wie funktionieren\u00a0Peripheralpumpen\u00a0und f\u00fcr welche Anwendungsbereiche sind sie geeignet? Die Details hierzu beleuchten wir im folgenden \u00dcberblick.<br \/><br \/>Anwendungsbereiche von\u00a0Peripheralpumpen<br \/><br \/>Die leistungsf\u00e4higen Pumpen sind in erster Linie f\u00fcr die F\u00f6rderung von Medien im Maschinenbau vorgesehen. Des Weiteren k\u00f6nnen sie in der chemischen Industrie und in der Wasserwirtschaft verwendet werden. Au\u00dferdem sind sie in der Lage, in einem Wassernetz den Druck zu erh\u00f6hen. Betreiben Sie eine Waschanlage und m\u00f6chten eine hochwertige Autow\u00e4sche anbieten? Auch f\u00fcr diesen Zweck k\u00f6nnen Sie eine Peripheralpumpe kaufen.<br \/><br \/>Dar\u00fcber hinaus ist es denkbar,\u00a0Peripheralpumpen\u00a0zum Anreichern von Fl\u00fcssigkeiten mit einem Gas zu nutzen. Verwenden Sie die Pumpen unter anderem f\u00fcr die Aufbereitung von Trinkwasser, in Biokraftstoffanlagen, in der Verfahrenstechnik und zur Neutralisation. Au\u00dferdem ist ein Einsatz f\u00fcr die Separation von Roh\u00f6l und Wasser denkbar. Das ist auf einem \u00d6lfeld und auf einer Bohrinsel der Fall.<br \/><br \/>Das Prinzip hinter\u00a0Peripheralpumpen<br \/><br \/>Bei unseren\u00a0Peripheralpumpen\u00a0handelt es sich um Kreiselpumpen. Das zu f\u00f6rdernde Medium wird dabei durch das Laufrad in Bewegung versetzt und durch den Bereich zwischen der Geh\u00e4usewand und dem Laufrad gepumpt. Durch die einwirkenden Zentrifugalkr\u00e4fte zirkuliert das F\u00f6rdermedium mehrfach zwischen dem Laufrad und dem Ringkanal. Daraus ergibt sich der Vorteil der beachtlichen F\u00f6rderh\u00f6he. Da es im Inneren der Pumpe zu einem Druckgef\u00e4lle kommt, ist eine Erh\u00f6hung des Drucks umsetzbar.<br \/><br \/>Peripheralpumpen\u00a0beim Spezialisten kaufen<br \/><br \/>Wir bieten Ihnen\u00a0Peripheralpumpen\u00a0in Blockbauweise und Prozessbauweise sowie in verschiedenen Pumpenabmessungen. Realisieren Sie mit unseren Modellen F\u00f6rdermengen bis maximal 10 m\u00b3\/h und F\u00f6rderh\u00f6hen von bis zu 90 m. Bestellen Sie eine mit Magnetantrieb ausgestattete und korrosionsbest\u00e4ndige Peripheralpumpe f\u00fcr eine leckagefreie F\u00f6rderung noch heute!<\/div><\/div>\t\t\t\t\t\t<\/div>\n\t\t\t\t<\/div>\n\t\t\t\t<div class=\"elementor-element elementor-element-645179c elementor-widget elementor-widget-spacer\" data-id=\"645179c\" data-element_type=\"widget\" data-widget_type=\"spacer.default\">\n\t\t\t\t<div class=\"elementor-widget-container\">\n\t\t\t\t\t<div class=\"elementor-spacer\">\n\t\t\t<div class=\"elementor-spacer-inner\"><\/div>\n\t\t<\/div>\n\t\t\t\t<\/div>\n\t\t\t\t<\/div>\n\t\t\t\t\t<\/div>\n\t\t<\/div>\n\t\t\t\t\t<\/div>\n\t\t<\/section>\n\t\t\t\t<\/div>","protected":false},"excerpt":{"rendered":"<p>Peripheralpumpen &#8211; GEKO Pumpen Gesellschaft f\u00fcr korrosionsbest\u00e4ndige Pumpen GmbH Typ GEKOBLOCK PM\u00a0 Die\u00a0GEKOBLOCK-Peripheralpumpe\u00a0mit Magnetantrieb ist eine einstufige Seitenkanalradpumpe. Mit dieser korrosionsbest\u00e4ndigen Pumpe k\u00f6nnen auch besonders aggressive oder gef\u00e4hrliche Fl\u00fcssigkeiten ohne Abrasion oder Kristallisation leckagefrei gef\u00f6rdert werden. Die Pumpe ist hermetisch abgedichtet. Das F\u00f6rdermedium kommt lediglich mit\u00a0PTFE, PFA, Siliziumkarbid (SiC)\u00a0und\u00a0Oxidkeramik\u00a0in Verbindung. Das Produkt ist wegen der [&hellip;]<\/p>","protected":false},"author":1,"featured_media":0,"parent":0,"menu_order":0,"comment_status":"closed","ping_status":"closed","template":"","meta":{"_seopress_robots_primary_cat":"","_seopress_titles_title":"","_seopress_titles_desc":"","_seopress_robots_index":"","footnotes":""},"class_list":["post-18","page","type-page","status-publish","hentry"],"_links":{"self":[{"href":"https:\/\/geko-pumpen.de\/en\/wp-json\/wp\/v2\/pages\/18","targetHints":{"allow":["GET"]}}],"collection":[{"href":"https:\/\/geko-pumpen.de\/en\/wp-json\/wp\/v2\/pages"}],"about":[{"href":"https:\/\/geko-pumpen.de\/en\/wp-json\/wp\/v2\/types\/page"}],"author":[{"embeddable":true,"href":"https:\/\/geko-pumpen.de\/en\/wp-json\/wp\/v2\/users\/1"}],"replies":[{"embeddable":true,"href":"https:\/\/geko-pumpen.de\/en\/wp-json\/wp\/v2\/comments?post=18"}],"version-history":[{"count":18,"href":"https:\/\/geko-pumpen.de\/en\/wp-json\/wp\/v2\/pages\/18\/revisions"}],"predecessor-version":[{"id":506,"href":"https:\/\/geko-pumpen.de\/en\/wp-json\/wp\/v2\/pages\/18\/revisions\/506"}],"wp:attachment":[{"href":"https:\/\/geko-pumpen.de\/en\/wp-json\/wp\/v2\/media?parent=18"}],"curies":[{"name":"wp","href":"https:\/\/api.w.org\/{rel}","templated":true}]}}