{"id":17,"date":"2021-05-02T19:52:07","date_gmt":"2021-05-02T17:52:07","guid":{"rendered":"https:\/\/geko.osa-essen.de\/normpumpen\/"},"modified":"2023-02-24T09:12:36","modified_gmt":"2023-02-24T08:12:36","slug":"normpumpen","status":"publish","type":"page","link":"https:\/\/geko-pumpen.de\/en\/normpumpen\/","title":{"rendered":"Standardised Pumps"},"content":{"rendered":"<div data-elementor-type=\"wp-page\" data-elementor-id=\"17\" class=\"elementor elementor-17\">\n\t\t\t\t\t\t<section class=\"elementor-section elementor-top-section elementor-element elementor-element-b4763aa elementor-section-boxed elementor-section-height-default elementor-section-height-default\" data-id=\"b4763aa\" data-element_type=\"section\">\n\t\t\t\t\t\t<div class=\"elementor-container elementor-column-gap-default\">\n\t\t\t\t\t<div class=\"elementor-column elementor-col-100 elementor-top-column elementor-element elementor-element-8e04c75\" data-id=\"8e04c75\" data-element_type=\"column\">\n\t\t\t<div class=\"elementor-widget-wrap elementor-element-populated\">\n\t\t\t\t\t\t<div class=\"elementor-element elementor-element-6388cc6 elementor-widget elementor-widget-text-editor\" data-id=\"6388cc6\" data-element_type=\"widget\" data-widget_type=\"text-editor.default\">\n\t\t\t\t<div class=\"elementor-widget-container\">\n\t\t\t\t\t\t\t<div class=\"col\"><div class=\"col\"><div class=\"col\"><div class=\"col\"><h1>Standardised pumps \u2013 GEKO Pumpen<\/h1><\/div><\/div><\/div><\/div>\t\t\t\t\t\t<\/div>\n\t\t\t\t<\/div>\n\t\t\t\t\t<\/div>\n\t\t<\/div>\n\t\t\t\t\t<\/div>\n\t\t<\/section>\n\t\t\t\t<section class=\"elementor-section elementor-top-section elementor-element elementor-element-61428b7 elementor-section-boxed elementor-section-height-default elementor-section-height-default elementor-invisible\" data-id=\"61428b7\" data-element_type=\"section\" data-settings=\"{&quot;animation&quot;:&quot;fadeInUp&quot;,&quot;animation_delay&quot;:150}\">\n\t\t\t\t\t\t<div class=\"elementor-container elementor-column-gap-default\">\n\t\t\t\t\t<div class=\"elementor-column elementor-col-50 elementor-top-column elementor-element elementor-element-aca66c1\" data-id=\"aca66c1\" data-element_type=\"column\">\n\t\t\t<div class=\"elementor-widget-wrap elementor-element-populated\">\n\t\t\t\t\t\t<div class=\"elementor-element elementor-element-fefa709 elementor-widget elementor-widget-text-editor\" data-id=\"fefa709\" data-element_type=\"widget\" data-widget_type=\"text-editor.default\">\n\t\t\t\t<div class=\"elementor-widget-container\">\n\t\t\t\t\t\t\t<div class=\"col large-6\"><p>Centrifugal pump Type GEKONORM NM with magnetic drive<\/p><\/div><div class=\"col large-6\"><p>The GEKONORM magnetic-pump is a PTFE\/PFA-lined centrifugal pump according to DIN EN 22858 and has been specially designed for pumping dangerous and chemically aggressive liquids in an absolutely leak proof manner. Because of using special materials the pumps are fit for FDA-applications.<\/p><\/div>\t\t\t\t\t\t<\/div>\n\t\t\t\t<\/div>\n\t\t\t\t\t<\/div>\n\t\t<\/div>\n\t\t\t\t<div class=\"elementor-column elementor-col-50 elementor-top-column elementor-element elementor-element-0a79dff\" data-id=\"0a79dff\" data-element_type=\"column\">\n\t\t\t<div class=\"elementor-widget-wrap elementor-element-populated\">\n\t\t\t\t\t\t<div class=\"elementor-element elementor-element-2844b52 elementor-widget elementor-widget-image\" data-id=\"2844b52\" data-element_type=\"widget\" data-widget_type=\"image.default\">\n\t\t\t\t<div class=\"elementor-widget-container\">\n\t\t\t\t\t\t\t\t\t\t\t\t\t<img fetchpriority=\"high\" decoding=\"async\" width=\"363\" height=\"357\" src=\"https:\/\/geko-pumpen.de\/wp-content\/uploads\/2021\/05\/normpumpen.jpg\" class=\"attachment-large size-large wp-image-55\" alt=\"\" srcset=\"https:\/\/geko-pumpen.de\/wp-content\/uploads\/2021\/05\/normpumpen.jpg 363w, https:\/\/geko-pumpen.de\/wp-content\/uploads\/2021\/05\/normpumpen-300x295.jpg 300w\" sizes=\"(max-width: 363px) 100vw, 363px\" \/>\t\t\t\t\t\t\t\t\t\t\t\t\t<\/div>\n\t\t\t\t<\/div>\n\t\t\t\t\t<\/div>\n\t\t<\/div>\n\t\t\t\t\t<\/div>\n\t\t<\/section>\n\t\t\t\t<section class=\"elementor-section elementor-top-section elementor-element elementor-element-c081aca elementor-section-stretched elementor-section-boxed elementor-section-height-default elementor-section-height-default elementor-invisible\" data-id=\"c081aca\" data-element_type=\"section\" data-settings=\"{&quot;animation&quot;:&quot;fadeInUp&quot;,&quot;animation_delay&quot;:150,&quot;stretch_section&quot;:&quot;section-stretched&quot;,&quot;background_background&quot;:&quot;classic&quot;}\">\n\t\t\t\t\t\t<div class=\"elementor-container elementor-column-gap-default\">\n\t\t\t\t\t<div class=\"elementor-column elementor-col-100 elementor-top-column elementor-element elementor-element-40e34ec\" data-id=\"40e34ec\" data-element_type=\"column\">\n\t\t\t<div class=\"elementor-widget-wrap elementor-element-populated\">\n\t\t\t\t\t\t<div class=\"elementor-element elementor-element-370ed36 elementor-widget elementor-widget-spacer\" data-id=\"370ed36\" data-element_type=\"widget\" data-widget_type=\"spacer.default\">\n\t\t\t\t<div class=\"elementor-widget-container\">\n\t\t\t\t\t<div class=\"elementor-spacer\">\n\t\t\t<div class=\"elementor-spacer-inner\"><\/div>\n\t\t<\/div>\n\t\t\t\t<\/div>\n\t\t\t\t<\/div>\n\t\t\t\t<div class=\"elementor-element elementor-element-e54ea4f elementor-widget elementor-widget-text-editor\" data-id=\"e54ea4f\" data-element_type=\"widget\" data-widget_type=\"text-editor.default\">\n\t\t\t\t<div class=\"elementor-widget-container\">\n\t\t\t\t\t\t\t<div class=\"col\"><h2 class=\"h3\">Design:<\/h2><\/div><div class=\"col large-6\"><p>Without packing, single stage casing pump, in process design with magnetic drive. The closed impeller made of PTFE hast wo bearings. Slide bearings are made of silicium carbide. The thrust is absorbed by a thrust bearing. The defined side-stream guidance ensures that the medium circulates absolutely trouble-free.<\/p><p>The power transmission is effected by permanent magnets. The pump is hermetically sealed and absolutely leak proof.<\/p><\/div>\t\t\t\t\t\t<\/div>\n\t\t\t\t<\/div>\n\t\t\t\t<div class=\"elementor-element elementor-element-e17c894 elementor-icon-list--layout-traditional elementor-list-item-link-full_width elementor-widget elementor-widget-icon-list\" data-id=\"e17c894\" data-element_type=\"widget\" data-widget_type=\"icon-list.default\">\n\t\t\t\t<div class=\"elementor-widget-container\">\n\t\t\t\t\t<ul class=\"elementor-icon-list-items\">\n\t\t\t\t\t\t\t<li class=\"elementor-icon-list-item\">\n\t\t\t\t\t\t\t\t\t\t\t<span class=\"elementor-icon-list-icon\">\n\t\t\t\t\t\t\t<i aria-hidden=\"true\" class=\"fas fa-caret-right\"><\/i>\t\t\t\t\t\t<\/span>\n\t\t\t\t\t\t\t\t\t\t<span class=\"elementor-icon-list-text\">Operating temperature: up to 170\u00b0 C (it depends on pump version)<\/span>\n\t\t\t\t\t\t\t\t\t<\/li>\n\t\t\t\t\t\t\t\t<li class=\"elementor-icon-list-item\">\n\t\t\t\t\t\t\t\t\t\t\t<span class=\"elementor-icon-list-icon\">\n\t\t\t\t\t\t\t<i aria-hidden=\"true\" class=\"fas fa-caret-right\"><\/i>\t\t\t\t\t\t<\/span>\n\t\t\t\t\t\t\t\t\t\t<span class=\"elementor-icon-list-text\">Min. capacity: Q = 0,5 m3\/h<\/span>\n\t\t\t\t\t\t\t\t\t<\/li>\n\t\t\t\t\t\t\t\t<li class=\"elementor-icon-list-item\">\n\t\t\t\t\t\t\t\t\t\t\t<span class=\"elementor-icon-list-icon\">\n\t\t\t\t\t\t\t<i aria-hidden=\"true\" class=\"fas fa-caret-right\"><\/i>\t\t\t\t\t\t<\/span>\n\t\t\t\t\t\t\t\t\t\t<span class=\"elementor-icon-list-text\">Capacity: up to 200 m3\/h (50 Hz)<\/span>\n\t\t\t\t\t\t\t\t\t<\/li>\n\t\t\t\t\t\t\t\t<li class=\"elementor-icon-list-item\">\n\t\t\t\t\t\t\t\t\t\t\t<span class=\"elementor-icon-list-icon\">\n\t\t\t\t\t\t\t<i aria-hidden=\"true\" class=\"fas fa-caret-right\"><\/i>\t\t\t\t\t\t<\/span>\n\t\t\t\t\t\t\t\t\t\t<span class=\"elementor-icon-list-text\">Head: up to 90 m (50 Hz)<\/span>\n\t\t\t\t\t\t\t\t\t<\/li>\n\t\t\t\t\t\t<\/ul>\n\t\t\t\t<\/div>\n\t\t\t\t<\/div>\n\t\t\t\t<div class=\"elementor-element elementor-element-4b990ab elementor-widget elementor-widget-spacer\" data-id=\"4b990ab\" data-element_type=\"widget\" data-widget_type=\"spacer.default\">\n\t\t\t\t<div class=\"elementor-widget-container\">\n\t\t\t\t\t<div class=\"elementor-spacer\">\n\t\t\t<div class=\"elementor-spacer-inner\"><\/div>\n\t\t<\/div>\n\t\t\t\t<\/div>\n\t\t\t\t<\/div>\n\t\t\t\t\t<\/div>\n\t\t<\/div>\n\t\t\t\t\t<\/div>\n\t\t<\/section>\n\t\t\t\t<section class=\"elementor-section elementor-top-section elementor-element elementor-element-8296cb6 elementor-section-boxed elementor-section-height-default elementor-section-height-default elementor-invisible\" data-id=\"8296cb6\" data-element_type=\"section\" data-settings=\"{&quot;animation&quot;:&quot;fadeInUp&quot;,&quot;animation_delay&quot;:150}\">\n\t\t\t\t\t\t<div class=\"elementor-container elementor-column-gap-default\">\n\t\t\t\t\t<div class=\"elementor-column elementor-col-100 elementor-top-column elementor-element elementor-element-10445a5\" data-id=\"10445a5\" data-element_type=\"column\">\n\t\t\t<div class=\"elementor-widget-wrap elementor-element-populated\">\n\t\t\t\t\t\t<div class=\"elementor-element elementor-element-84562a2 elementor-widget elementor-widget-spacer\" data-id=\"84562a2\" data-element_type=\"widget\" data-widget_type=\"spacer.default\">\n\t\t\t\t<div class=\"elementor-widget-container\">\n\t\t\t\t\t<div class=\"elementor-spacer\">\n\t\t\t<div class=\"elementor-spacer-inner\"><\/div>\n\t\t<\/div>\n\t\t\t\t<\/div>\n\t\t\t\t<\/div>\n\t\t\t\t<div class=\"elementor-element elementor-element-d1ddce8 elementor-widget elementor-widget-text-editor\" data-id=\"d1ddce8\" data-element_type=\"widget\" data-widget_type=\"text-editor.default\">\n\t\t\t\t<div class=\"elementor-widget-container\">\n\t\t\t\t\t\t\t<div class=\"col\"><div class=\"col\"><div class=\"col\"><div class=\"col\"><h3>Main features of the sealless GEKO chemical standard pump<\/h3><\/div><\/div><\/div><\/div>\t\t\t\t\t\t<\/div>\n\t\t\t\t<\/div>\n\t\t\t\t<div class=\"elementor-element elementor-element-6bd3e8b elementor-icon-list--layout-traditional elementor-list-item-link-full_width elementor-widget elementor-widget-icon-list\" data-id=\"6bd3e8b\" data-element_type=\"widget\" data-widget_type=\"icon-list.default\">\n\t\t\t\t<div class=\"elementor-widget-container\">\n\t\t\t\t\t<ul class=\"elementor-icon-list-items\">\n\t\t\t\t\t\t\t<li class=\"elementor-icon-list-item\">\n\t\t\t\t\t\t\t\t\t\t\t<span class=\"elementor-icon-list-icon\">\n\t\t\t\t\t\t\t<i aria-hidden=\"true\" class=\"fas fa-caret-right\"><\/i>\t\t\t\t\t\t<\/span>\n\t\t\t\t\t\t\t\t\t\t<span class=\"elementor-icon-list-text\">Pump housing lined with a vacuum-tight lining<\/span>\n\t\t\t\t\t\t\t\t\t<\/li>\n\t\t\t\t\t\t\t\t<li class=\"elementor-icon-list-item\">\n\t\t\t\t\t\t\t\t\t\t\t<span class=\"elementor-icon-list-icon\">\n\t\t\t\t\t\t\t<i aria-hidden=\"true\" class=\"fas fa-caret-right\"><\/i>\t\t\t\t\t\t<\/span>\n\t\t\t\t\t\t\t\t\t\t<span class=\"elementor-icon-list-text\">closed PTFE impellers with blades and shock-free entry<\/span>\n\t\t\t\t\t\t\t\t\t<\/li>\n\t\t\t\t\t\t\t\t<li class=\"elementor-icon-list-item\">\n\t\t\t\t\t\t\t\t\t\t\t<span class=\"elementor-icon-list-icon\">\n\t\t\t\t\t\t\t<i aria-hidden=\"true\" class=\"fas fa-caret-right\"><\/i>\t\t\t\t\t\t<\/span>\n\t\t\t\t\t\t\t\t\t\t<span class=\"elementor-icon-list-text\">Pump shaft, slide and thrust bearings made of high quality silicon carbide<\/span>\n\t\t\t\t\t\t\t\t\t<\/li>\n\t\t\t\t\t\t\t\t<li class=\"elementor-icon-list-item\">\n\t\t\t\t\t\t\t\t\t\t\t<span class=\"elementor-icon-list-icon\">\n\t\t\t\t\t\t\t<i aria-hidden=\"true\" class=\"fas fa-caret-right\"><\/i>\t\t\t\t\t\t<\/span>\n\t\t\t\t\t\t\t\t\t\t<span class=\"elementor-icon-list-text\">optimized power transmission through feather keys<\/span>\n\t\t\t\t\t\t\t\t\t<\/li>\n\t\t\t\t\t\t\t\t<li class=\"elementor-icon-list-item\">\n\t\t\t\t\t\t\t\t\t\t\t<span class=\"elementor-icon-list-icon\">\n\t\t\t\t\t\t\t<i aria-hidden=\"true\" class=\"fas fa-caret-right\"><\/i>\t\t\t\t\t\t<\/span>\n\t\t\t\t\t\t\t\t\t\t<span class=\"elementor-icon-list-text\">two separate internal lubrication circuits<\/span>\n\t\t\t\t\t\t\t\t\t<\/li>\n\t\t\t\t\t\t\t\t<li class=\"elementor-icon-list-item\">\n\t\t\t\t\t\t\t\t\t\t\t<span class=\"elementor-icon-list-icon\">\n\t\t\t\t\t\t\t<i aria-hidden=\"true\" class=\"fas fa-caret-right\"><\/i>\t\t\t\t\t\t<\/span>\n\t\t\t\t\t\t\t\t\t\t<span class=\"elementor-icon-list-text\">special thrust bearings to absorb the shear forces<\/span>\n\t\t\t\t\t\t\t\t\t<\/li>\n\t\t\t\t\t\t\t\t<li class=\"elementor-icon-list-item\">\n\t\t\t\t\t\t\t\t\t\t\t<span class=\"elementor-icon-list-icon\">\n\t\t\t\t\t\t\t<i aria-hidden=\"true\" class=\"fas fa-caret-right\"><\/i>\t\t\t\t\t\t<\/span>\n\t\t\t\t\t\t\t\t\t\t<span class=\"elementor-icon-list-text\">metal-free carbon fiber can<\/span>\n\t\t\t\t\t\t\t\t\t<\/li>\n\t\t\t\t\t\t\t\t<li class=\"elementor-icon-list-item\">\n\t\t\t\t\t\t\t\t\t\t\t<span class=\"elementor-icon-list-icon\">\n\t\t\t\t\t\t\t<i aria-hidden=\"true\" class=\"fas fa-caret-right\"><\/i>\t\t\t\t\t\t<\/span>\n\t\t\t\t\t\t\t\t\t\t<span class=\"elementor-icon-list-text\">Reduction of eddy current losses<\/span>\n\t\t\t\t\t\t\t\t\t<\/li>\n\t\t\t\t\t\t\t\t<li class=\"elementor-icon-list-item\">\n\t\t\t\t\t\t\t\t\t\t\t<span class=\"elementor-icon-list-icon\">\n\t\t\t\t\t\t\t<i aria-hidden=\"true\" class=\"fas fa-caret-right\"><\/i>\t\t\t\t\t\t<\/span>\n\t\t\t\t\t\t\t\t\t\t<span class=\"elementor-icon-list-text\">PTFE-coated central rotary coupling<\/span>\n\t\t\t\t\t\t\t\t\t<\/li>\n\t\t\t\t\t\t\t\t<li class=\"elementor-icon-list-item\">\n\t\t\t\t\t\t\t\t\t\t\t<span class=\"elementor-icon-list-icon\">\n\t\t\t\t\t\t\t<i aria-hidden=\"true\" class=\"fas fa-caret-right\"><\/i>\t\t\t\t\t\t<\/span>\n\t\t\t\t\t\t\t\t\t\t<span class=\"elementor-icon-list-text\">Permanent magnets made from cobalt samarium<\/span>\n\t\t\t\t\t\t\t\t\t<\/li>\n\t\t\t\t\t\t<\/ul>\n\t\t\t\t<\/div>\n\t\t\t\t<\/div>\n\t\t\t\t<div class=\"elementor-element elementor-element-0b6f576 elementor-widget elementor-widget-text-editor\" data-id=\"0b6f576\" data-element_type=\"widget\" data-widget_type=\"text-editor.default\">\n\t\t\t\t<div class=\"elementor-widget-container\">\n\t\t\t\t\t\t\t<p>Further informations you will find in section\u00a0<a title=\"Downloads der GEKO Pumpen GmbH in Eltville am Rhein\" href=\"https:\/\/geko-pumpen.de\/en\/downloads\/\">Downloads<\/a>.<\/p>\t\t\t\t\t\t<\/div>\n\t\t\t\t<\/div>\n\t\t\t\t<div class=\"elementor-element elementor-element-d2c1e55 elementor-widget elementor-widget-text-editor\" data-id=\"d2c1e55\" data-element_type=\"widget\" data-widget_type=\"text-editor.default\">\n\t\t\t\t<div class=\"elementor-widget-container\">\n\t\t\t\t\t\t\t<p>Bei Fragen oder Anregungen, k\u00f6nne Sie gerne jederzeit Kontakt zu uns aufnehmen. Nutzen Sie bequem und einfach unser <a href=\"#kontakt\">Kontaktformular<\/a>.<\/p>\t\t\t\t\t\t<\/div>\n\t\t\t\t<\/div>\n\t\t\t\t<div class=\"elementor-element elementor-element-9c00d37 elementor-widget elementor-widget-text-editor\" data-id=\"9c00d37\" data-element_type=\"widget\" data-widget_type=\"text-editor.default\">\n\t\t\t\t<div class=\"elementor-widget-container\">\n\t\t\t\t\t\t\t<p><b>Standardised Pumps<\/b><\/p><p>\u00a0<\/p><div><div class=\"preview\">Normpumpen\u00a0&#8211; universelle Allesk\u00f6nner in verschiedenen Industriezweigen<br \/><br \/>Moderne\u00a0Normpumpen\u00a0kommen in Ihrem Unternehmen immer dann zum Einsatz, wenn S\u00e4uren, Laugen oder andere fl\u00fcssige Chemikalien gef\u00f6rdert werden m\u00fcssen. Die zuverl\u00e4ssigen Pumpen sind so konstruiert, dass die verschiedenen Fl\u00fcssigkeiten mit oder ohne Feststoffe gef\u00f6rdert werden k\u00f6nnen. Zu den Einsatzgebieten von hochwertigen\u00a0Normpumpen\u00a0z\u00e4hlen vor allem Unternehmen der chemischen Industrie. Dies sind beispielsweise galvanische Betriebe, Eindampf- und Regenerierungsanlagen, Stahl- und Edelstahlbeizanlagen. Die Pumpen sind auch f\u00fcr die Rauchgasreinigung nach der M\u00fcllverbrennung oder f\u00fcr die Nachbehandlung von Abluft und Abwasser ideal. Durch ihre einfache Bauweise sind die Pumpen zuverl\u00e4ssig und effizient. Dies ist vor allem sehr wichtig, wenn die\u00a0Normpumpen\u00a0in Ihrem Unternehmen im Dauereinsatz sind.<br \/><br \/>Die Pumpen der GEKO GmbH sind aus hochwertigen Materialien hergestellt<br \/><br \/>Bei den\u00a0Normpumpen\u00a0der GEKO GmbH handelt es sich um einstufige Kreiselpumpen. Die Pumpen werden f\u00fcr Sie in Prozess- oder Blockbauweise hergestellt und sind dichtungslos. Dies vereinfacht m\u00f6gliche Wartungs- und Reparaturarbeiten. Die Saug- und Druckstutzen sind in einem Winkel von 90\u00b0 angeordnet. Dadurch str\u00f6men die fl\u00fcssigen Medien, die gef\u00f6rdert werden, direkt an das Laufrad der Pumpe. F\u00fcr die\u00a0Normpumpen\u00a0verwendet die GEKO GmbH Laufr\u00e4der mit Schaufeln aus hochwertigem PTFE. Die ummantelte Zentral-Drehkupplung besteht aus dem gleichen Material und die Pumpenwellen sowie die Gleit- und Drucklager der Pumpen sind aus hochwertigem Siliziumkarbid hergestellt.<br \/><br \/>F\u00fcr die\u00a0Normpumpen\u00a0bietet die GEKO GmbH einen Ersatzteil &#8211; und Reparaturservice an<br \/><br \/>Die\u00a0Normpumpen\u00a0der GEKO GmbH sind in vielen Unternehmen im Dauereinsatz. Obwohl die Herstellung der Pumpen auf dem h\u00f6chstm\u00f6glichen Qualit\u00e4tsstandard basiert und ausschlie\u00dflich hochwertige Materialien verwendet werden, fallen von Zeit zu Zeit Reparaturen und Wartungen an. Die GEKO GmbH bietet f\u00fcr die\u00a0Normpumpen\u00a0daher Ersatzteile und einen Reparaturservice an. Zus\u00e4tzlich zu den Reparaturen der Pumpen wird Ihnen der Austausch von Verschlei\u00dfteilen und die Montage neuer Pumpen angeboten. Die\u00a0Normpumpen\u00a0werden im Unternehmen innerhalb eines Werktags gewartet oder repariert. Der Service ist auch vor Ort m\u00f6glich.<\/div><\/div><p>.<\/p>\t\t\t\t\t\t<\/div>\n\t\t\t\t<\/div>\n\t\t\t\t<div class=\"elementor-element elementor-element-277fa4e elementor-widget elementor-widget-spacer\" data-id=\"277fa4e\" data-element_type=\"widget\" data-widget_type=\"spacer.default\">\n\t\t\t\t<div class=\"elementor-widget-container\">\n\t\t\t\t\t<div class=\"elementor-spacer\">\n\t\t\t<div class=\"elementor-spacer-inner\"><\/div>\n\t\t<\/div>\n\t\t\t\t<\/div>\n\t\t\t\t<\/div>\n\t\t\t\t\t<\/div>\n\t\t<\/div>\n\t\t\t\t\t<\/div>\n\t\t<\/section>\n\t\t\t\t<\/div>","protected":false},"excerpt":{"rendered":"<p>Kreiselpumpen Typ GEKONORM NM mit Magnetantrieb &#8211; GEKO Pumpen Gesellschaft f\u00fcr korrosionsbest\u00e4ndige Pumpen GmbH Die GEKONORM-Magnetkreiselpumpe ist eine PTFE\/ PFA ausgekleidete Chemie-Kreiselpumpe, die die Leistungsanforderungen der DIN EN 22858 erf\u00fcllt. Hochaggressive, gef\u00e4hrliche Fl\u00fcssigkeiten k\u00f6nnen sicher und leckagefrei gef\u00f6rdert werden. Die Kreiselpumpe arbeitet dichtungslos und ist nahezu hochkorrosionsbest\u00e4ndig. Die zu f\u00f6rdernden Fl\u00fcssigkeiten kommen mit den Materialien [&hellip;]<\/p>","protected":false},"author":1,"featured_media":0,"parent":0,"menu_order":0,"comment_status":"closed","ping_status":"closed","template":"","meta":{"_seopress_robots_primary_cat":"","_seopress_titles_title":"","_seopress_titles_desc":"","_seopress_robots_index":"","footnotes":""},"class_list":["post-17","page","type-page","status-publish","hentry"],"_links":{"self":[{"href":"https:\/\/geko-pumpen.de\/en\/wp-json\/wp\/v2\/pages\/17","targetHints":{"allow":["GET"]}}],"collection":[{"href":"https:\/\/geko-pumpen.de\/en\/wp-json\/wp\/v2\/pages"}],"about":[{"href":"https:\/\/geko-pumpen.de\/en\/wp-json\/wp\/v2\/types\/page"}],"author":[{"embeddable":true,"href":"https:\/\/geko-pumpen.de\/en\/wp-json\/wp\/v2\/users\/1"}],"replies":[{"embeddable":true,"href":"https:\/\/geko-pumpen.de\/en\/wp-json\/wp\/v2\/comments?post=17"}],"version-history":[{"count":12,"href":"https:\/\/geko-pumpen.de\/en\/wp-json\/wp\/v2\/pages\/17\/revisions"}],"predecessor-version":[{"id":567,"href":"https:\/\/geko-pumpen.de\/en\/wp-json\/wp\/v2\/pages\/17\/revisions\/567"}],"wp:attachment":[{"href":"https:\/\/geko-pumpen.de\/en\/wp-json\/wp\/v2\/media?parent=17"}],"curies":[{"name":"wp","href":"https:\/\/api.w.org\/{rel}","templated":true}]}}