{"id":14,"date":"2021-05-02T19:52:07","date_gmt":"2021-05-02T17:52:07","guid":{"rendered":"https:\/\/geko.osa-essen.de\/impressum\/"},"modified":"2021-05-07T09:18:15","modified_gmt":"2021-05-07T07:18:15","slug":"impressum","status":"publish","type":"page","link":"https:\/\/geko-pumpen.de\/en\/impressum\/","title":{"rendered":"Imprint"},"content":{"rendered":"<div data-elementor-type=\"wp-page\" data-elementor-id=\"14\" class=\"elementor elementor-14\">\n\t\t\t\t\t\t<section class=\"elementor-section elementor-top-section elementor-element elementor-element-29744e5 elementor-section-boxed elementor-section-height-default elementor-section-height-default elementor-invisible\" data-id=\"29744e5\" data-element_type=\"section\" data-settings=\"{&quot;animation&quot;:&quot;fadeInUp&quot;,&quot;animation_delay&quot;:150}\">\n\t\t\t\t\t\t<div class=\"elementor-container elementor-column-gap-default\">\n\t\t\t\t\t<div class=\"elementor-column elementor-col-100 elementor-top-column elementor-element elementor-element-4bde4a7\" data-id=\"4bde4a7\" data-element_type=\"column\">\n\t\t\t<div class=\"elementor-widget-wrap elementor-element-populated\">\n\t\t\t\t\t\t<div class=\"elementor-element elementor-element-b1c97a6 elementor-widget elementor-widget-spacer\" data-id=\"b1c97a6\" data-element_type=\"widget\" data-widget_type=\"spacer.default\">\n\t\t\t\t<div class=\"elementor-widget-container\">\n\t\t\t\t\t<div class=\"elementor-spacer\">\n\t\t\t<div class=\"elementor-spacer-inner\"><\/div>\n\t\t<\/div>\n\t\t\t\t<\/div>\n\t\t\t\t<\/div>\n\t\t\t\t<div class=\"elementor-element elementor-element-20255bd elementor-widget elementor-widget-text-editor\" data-id=\"20255bd\" data-element_type=\"widget\" data-widget_type=\"text-editor.default\">\n\t\t\t\t<div class=\"elementor-widget-container\">\n\t\t\t\t\t\t\t<div class=\"col\"><div class=\"col\"><div class=\"col\"><div class=\"col\"><div class=\"col large-6\"><dl><dt><p><strong>Firmenname<\/strong>: GEKO Pumpen Gesellschaft f\u00fcr korrosionsbest\u00e4ndige Pumpen GmbH<br \/><br \/><strong>Anschrift<\/strong>: Rohrbergstra\u00dfe 23 B, 65343 Eltville<br \/><br \/><strong>Telefon<\/strong>: +49 (0) 6123 \/ 40 07<br \/><strong>Telefax<\/strong>: +49 (0) 6123 \/ 1355<br \/><strong>E-Mail<\/strong>: info@geko-pumpen.de<\/p><p><strong>Internet<\/strong>: www.geko-pumpen.de<\/p><p><br \/><strong>Gesch\u00e4ftsf\u00fchrer<\/strong>: Herr Lutz Langer<br \/><strong>Rechtsform<\/strong>: GmbH<\/p><p><br \/><strong>Kammer<\/strong>: IHK Wiesbaden<br \/><strong>Registerort<\/strong>: Amtsgericht Wiesbaden<br \/><strong>Registernummer<\/strong>: HRB 17550<br \/><strong>Umsatzsteuer-ID:<\/strong> DE 113 847 012<\/p><p><br \/>Online-Streitbeilegung gem\u00e4\u00df Art. 14 Abs. 1 ODR-VO: Die Europ\u00e4ische Kommission stellt eine Plattform zur Online-Streitbeilegung (OS) bereit, die Sie unter https:\/\/ec.europa.eu\/consumers\/odr\/ finden. Dar\u00fcber hinaus nimmt unser Betrieb an einem Verbraucherstreitigkeitsverfahren nicht teil.<\/p><p>Bitte beachten Sie auch unsere <a href=\"https:\/\/geko-pumpen.de\/en\/datenschutz\/\">Datenschutzerkl\u00e4rung<\/a>.<\/p><\/dt><\/dl><\/div><\/div><\/div><\/div><\/div>\t\t\t\t\t\t<\/div>\n\t\t\t\t<\/div>\n\t\t\t\t<div class=\"elementor-element elementor-element-87a1b26 elementor-widget elementor-widget-spacer\" data-id=\"87a1b26\" data-element_type=\"widget\" data-widget_type=\"spacer.default\">\n\t\t\t\t<div class=\"elementor-widget-container\">\n\t\t\t\t\t<div class=\"elementor-spacer\">\n\t\t\t<div class=\"elementor-spacer-inner\"><\/div>\n\t\t<\/div>\n\t\t\t\t<\/div>\n\t\t\t\t<\/div>\n\t\t\t\t\t<\/div>\n\t\t<\/div>\n\t\t\t\t\t<\/div>\n\t\t<\/section>\n\t\t\t\t<\/div>","protected":false},"excerpt":{"rendered":"<p>Firmenname: GEKO Pumpen Gesellschaft f\u00fcr korrosionsbest\u00e4ndige Pumpen GmbH Anschrift: Rohrbergstra\u00dfe 23 B, 65343 Eltville Telefon: +49 (0) 6123 \/ 40 07Telefax: +49 (0) 6123 \/ 1355E-Mail: info@geko-pumpen.de Internet: www.geko-pumpen.de Gesch\u00e4ftsf\u00fchrer: Herr Lutz LangerRechtsform: GmbH Kammer: IHK WiesbadenRegisterort: Amtsgericht WiesbadenRegisternummer: HRB 17550Umsatzsteuer-ID: DE 113 847 012 Online-Streitbeilegung gem\u00e4\u00df Art. 14 Abs. 1 ODR-VO: Die Europ\u00e4ische Kommission [&hellip;]<\/p>","protected":false},"author":1,"featured_media":0,"parent":0,"menu_order":0,"comment_status":"closed","ping_status":"closed","template":"","meta":{"_seopress_robots_primary_cat":"","_seopress_titles_title":"","_seopress_titles_desc":"","_seopress_robots_index":"","footnotes":""},"class_list":["post-14","page","type-page","status-publish","hentry"],"_links":{"self":[{"href":"https:\/\/geko-pumpen.de\/en\/wp-json\/wp\/v2\/pages\/14","targetHints":{"allow":["GET"]}}],"collection":[{"href":"https:\/\/geko-pumpen.de\/en\/wp-json\/wp\/v2\/pages"}],"about":[{"href":"https:\/\/geko-pumpen.de\/en\/wp-json\/wp\/v2\/types\/page"}],"author":[{"embeddable":true,"href":"https:\/\/geko-pumpen.de\/en\/wp-json\/wp\/v2\/users\/1"}],"replies":[{"embeddable":true,"href":"https:\/\/geko-pumpen.de\/en\/wp-json\/wp\/v2\/comments?post=14"}],"version-history":[{"count":6,"href":"https:\/\/geko-pumpen.de\/en\/wp-json\/wp\/v2\/pages\/14\/revisions"}],"predecessor-version":[{"id":283,"href":"https:\/\/geko-pumpen.de\/en\/wp-json\/wp\/v2\/pages\/14\/revisions\/283"}],"wp:attachment":[{"href":"https:\/\/geko-pumpen.de\/en\/wp-json\/wp\/v2\/media?parent=14"}],"curies":[{"name":"wp","href":"https:\/\/api.w.org\/{rel}","templated":true}]}}