{"id":13,"date":"2021-05-02T19:52:07","date_gmt":"2021-05-02T17:52:07","guid":{"rendered":"https:\/\/geko.osa-essen.de\/energieeffiziente-pumpen\/"},"modified":"2022-06-09T12:00:08","modified_gmt":"2022-06-09T10:00:08","slug":"energieeffiziente-pumpen","status":"publish","type":"page","link":"https:\/\/geko-pumpen.de\/en\/energieeffiziente-pumpen\/","title":{"rendered":"Energy-efficient pumps"},"content":{"rendered":"<div data-elementor-type=\"wp-page\" data-elementor-id=\"13\" class=\"elementor elementor-13\">\n\t\t\t\t\t\t<section class=\"elementor-section elementor-top-section elementor-element elementor-element-e5a4832 elementor-section-boxed elementor-section-height-default elementor-section-height-default\" data-id=\"e5a4832\" data-element_type=\"section\">\n\t\t\t\t\t\t<div class=\"elementor-container elementor-column-gap-default\">\n\t\t\t\t\t<div class=\"elementor-column elementor-col-100 elementor-top-column elementor-element elementor-element-02c8d54\" data-id=\"02c8d54\" data-element_type=\"column\">\n\t\t\t<div class=\"elementor-widget-wrap elementor-element-populated\">\n\t\t\t\t\t\t<div class=\"elementor-element elementor-element-881d3b8 elementor-widget elementor-widget-text-editor\" data-id=\"881d3b8\" data-element_type=\"widget\" data-widget_type=\"text-editor.default\">\n\t\t\t\t<div class=\"elementor-widget-container\">\n\t\t\t\t\t\t\t\n<div class=\"col\">\n<h1>Energy-efficient pumps \u2013 GEKO Pumpen<\/h1>\n<\/div>\t\t\t\t\t\t<\/div>\n\t\t\t\t<\/div>\n\t\t\t\t\t<\/div>\n\t\t<\/div>\n\t\t\t\t\t<\/div>\n\t\t<\/section>\n\t\t\t\t<section class=\"elementor-section elementor-top-section elementor-element elementor-element-d6b6395 elementor-section-boxed elementor-section-height-default elementor-section-height-default elementor-invisible\" data-id=\"d6b6395\" data-element_type=\"section\" data-settings=\"{&quot;animation&quot;:&quot;fadeInUp&quot;,&quot;animation_delay&quot;:150}\">\n\t\t\t\t\t\t<div class=\"elementor-container elementor-column-gap-default\">\n\t\t\t\t\t<div class=\"elementor-column elementor-col-50 elementor-top-column elementor-element elementor-element-bd12c14\" data-id=\"bd12c14\" data-element_type=\"column\">\n\t\t\t<div class=\"elementor-widget-wrap elementor-element-populated\">\n\t\t\t\t\t\t<div class=\"elementor-element elementor-element-dcd281a elementor-widget elementor-widget-text-editor\" data-id=\"dcd281a\" data-element_type=\"widget\" data-widget_type=\"text-editor.default\">\n\t\t\t\t<div class=\"elementor-widget-container\">\n\t\t\t\t\t\t\t<div class=\"col large-6\"><p>Sustainable environmental protection!<\/p><p>The GEKO Pumpen GmbH contributes by development und manufacturing of their pumps for an active and sustainable environmental protection. To counter the increasing energy needs, our engineers have systematically improved the pumps to the required energy savings.<\/p><p>With the following activities, the efficiency of the pumps was improved compared to convential lined pumps on the market:<\/p><\/div>\t\t\t\t\t\t<\/div>\n\t\t\t\t<\/div>\n\t\t\t\t\t<\/div>\n\t\t<\/div>\n\t\t\t\t<div class=\"elementor-column elementor-col-50 elementor-top-column elementor-element elementor-element-bd7efca\" data-id=\"bd7efca\" data-element_type=\"column\">\n\t\t\t<div class=\"elementor-widget-wrap elementor-element-populated\">\n\t\t\t\t\t\t<div class=\"elementor-element elementor-element-f80ef54 elementor-widget elementor-widget-image\" data-id=\"f80ef54\" data-element_type=\"widget\" data-widget_type=\"image.default\">\n\t\t\t\t<div class=\"elementor-widget-container\">\n\t\t\t\t\t\t\t\t\t\t\t\t\t<img fetchpriority=\"high\" decoding=\"async\" width=\"363\" height=\"357\" src=\"https:\/\/geko-pumpen.de\/wp-content\/uploads\/2021\/05\/energieeffiziente-pumpen.jpg\" class=\"attachment-large size-large wp-image-54\" alt=\"\" srcset=\"https:\/\/geko-pumpen.de\/wp-content\/uploads\/2021\/05\/energieeffiziente-pumpen.jpg 363w, https:\/\/geko-pumpen.de\/wp-content\/uploads\/2021\/05\/energieeffiziente-pumpen-300x295.jpg 300w\" sizes=\"(max-width: 363px) 100vw, 363px\" \/>\t\t\t\t\t\t\t\t\t\t\t\t\t<\/div>\n\t\t\t\t<\/div>\n\t\t\t\t\t<\/div>\n\t\t<\/div>\n\t\t\t\t\t<\/div>\n\t\t<\/section>\n\t\t\t\t<section class=\"elementor-section elementor-top-section elementor-element elementor-element-2eb014d elementor-section-stretched elementor-section-boxed elementor-section-height-default elementor-section-height-default elementor-invisible\" data-id=\"2eb014d\" data-element_type=\"section\" data-settings=\"{&quot;animation&quot;:&quot;fadeInUp&quot;,&quot;animation_delay&quot;:150,&quot;stretch_section&quot;:&quot;section-stretched&quot;,&quot;background_background&quot;:&quot;classic&quot;}\">\n\t\t\t\t\t\t<div class=\"elementor-container elementor-column-gap-default\">\n\t\t\t\t\t<div class=\"elementor-column elementor-col-100 elementor-top-column elementor-element elementor-element-22b9079\" data-id=\"22b9079\" data-element_type=\"column\">\n\t\t\t<div class=\"elementor-widget-wrap elementor-element-populated\">\n\t\t\t\t\t\t<div class=\"elementor-element elementor-element-194a842 elementor-widget elementor-widget-spacer\" data-id=\"194a842\" data-element_type=\"widget\" data-widget_type=\"spacer.default\">\n\t\t\t\t<div class=\"elementor-widget-container\">\n\t\t\t\t\t<div class=\"elementor-spacer\">\n\t\t\t<div class=\"elementor-spacer-inner\"><\/div>\n\t\t<\/div>\n\t\t\t\t<\/div>\n\t\t\t\t<\/div>\n\t\t\t\t<div class=\"elementor-element elementor-element-1ae6d4e elementor-icon-list--layout-traditional elementor-list-item-link-full_width elementor-widget elementor-widget-icon-list\" data-id=\"1ae6d4e\" data-element_type=\"widget\" data-widget_type=\"icon-list.default\">\n\t\t\t\t<div class=\"elementor-widget-container\">\n\t\t\t\t\t<ul class=\"elementor-icon-list-items\">\n\t\t\t\t\t\t\t<li class=\"elementor-icon-list-item\">\n\t\t\t\t\t\t\t\t\t\t\t<span class=\"elementor-icon-list-icon\">\n\t\t\t\t\t\t\t<i aria-hidden=\"true\" class=\"fas fa-caret-right\"><\/i>\t\t\t\t\t\t<\/span>\n\t\t\t\t\t\t\t\t\t\t<span class=\"elementor-icon-list-text\">Use of non-metallic isolation shells made of carbon fiber (without eddy-current losses).<\/span>\n\t\t\t\t\t\t\t\t\t<\/li>\n\t\t\t\t\t\t\t\t<li class=\"elementor-icon-list-item\">\n\t\t\t\t\t\t\t\t\t\t\t<span class=\"elementor-icon-list-icon\">\n\t\t\t\t\t\t\t<i aria-hidden=\"true\" class=\"fas fa-caret-right\"><\/i>\t\t\t\t\t\t<\/span>\n\t\t\t\t\t\t\t\t\t\t<span class=\"elementor-icon-list-text\">Use of impellers with optimized shovels.<\/span>\n\t\t\t\t\t\t\t\t\t<\/li>\n\t\t\t\t\t\t\t\t<li class=\"elementor-icon-list-item\">\n\t\t\t\t\t\t\t\t\t\t\t<span class=\"elementor-icon-list-icon\">\n\t\t\t\t\t\t\t<i aria-hidden=\"true\" class=\"fas fa-caret-right\"><\/i>\t\t\t\t\t\t<\/span>\n\t\t\t\t\t\t\t\t\t\t<span class=\"elementor-icon-list-text\">Use of otimized bearing materials.<\/span>\n\t\t\t\t\t\t\t\t\t<\/li>\n\t\t\t\t\t\t<\/ul>\n\t\t\t\t<\/div>\n\t\t\t\t<\/div>\n\t\t\t\t<div class=\"elementor-element elementor-element-20474a9 elementor-widget elementor-widget-text-editor\" data-id=\"20474a9\" data-element_type=\"widget\" data-widget_type=\"text-editor.default\">\n\t\t\t\t<div class=\"elementor-widget-container\">\n\t\t\t\t\t\t\t<p>Bei Fragen oder Anregungen, k\u00f6nne Sie gerne jederzeit Kontakt zu uns aufnehmen. Nutzen Sie bequem und einfach unser <a href=\"#kontakt\">Kontaktformular<\/a>.<\/p>\t\t\t\t\t\t<\/div>\n\t\t\t\t<\/div>\n\t\t\t\t<div class=\"elementor-element elementor-element-c81723e elementor-widget elementor-widget-text-editor\" data-id=\"c81723e\" data-element_type=\"widget\" data-widget_type=\"text-editor.default\">\n\t\t\t\t<div class=\"elementor-widget-container\">\n\t\t\t\t\t\t\t<div class=\"col large-6\"><p><b>Umstellung auf energieeffiziente Pumpen zahlt sich aus<\/b><\/p><p>\u00a0<\/p><div><div class=\"preview\">Herk\u00f6mmliche Pumpen sind wahre Energiefresser. Der Austausch alter Heizungsanlagen durch\u00a0energieeffiziente Pumpen\u00a0bringt deshalb viele Vorteile. Die Energiekosten sinken, Sie leisten einen Beitrag zum Klimaschutz, und die Umr\u00fcstung kann mit staatlichen F\u00f6rdergeldern bezuschusst werden.\u00a0Energieeffiziente Pumpen\u00a0sind aktuell die modernste Form der Heiztechnik. Sie sind zuverl\u00e4ssig, langlebig und wartungsarm. Wer eine W\u00e4rmepumpe im Haus hat, ben\u00f6tigt weder einen Schornstein noch einen Vorrat an Brennstoffen wie \u00d6l, Holz oder Pellets. W\u00e4rmepumpen lassen sich au\u00dferdem mit dem Betrieb von L\u00fcftungsanlagen kombinieren, was sie extrem effizient macht. Neben den W\u00e4rmepumpen gibt es die so genannten Brauchwasserw\u00e4rmepumpen. Sie sind etwas kleiner als typische\u00a0energieeffiziente Pumpen. Um W\u00e4rme herzustellen, nutzen sie die Energie der Umgebungsluft. Das ist besonders ressourcenschonend. Die Brauchwasserw\u00e4rmepumpe l\u00e4sst sich au\u00dferdem mit einer Mini-Solaranlage betreiben. Selbst produzierter Strom macht diese Form der Energiegewinnung zum kosteng\u00fcnstigsten Heizungssystem. Fast 40 Prozent der Energie in Deutschland wird im Geb\u00e4udebereich verbraucht, das meiste davon f\u00fcr Warmwasser und Heizung.\u00a0Energieeffiziente Pumpen\u00a0sind in verschiedenen Ausf\u00fchrungen erh\u00e4ltlich und einfach zu installieren.<br \/><br \/>Staatliche F\u00f6rdergelder f\u00fcr\u00a0energieeffiziente Pumpen<br \/>Die Kreditanstalt f\u00fcr Wiederaufbau (KfW) sowie das Bundesamt f\u00fcr Wirtschaft und Ausfuhrkontrolle f\u00f6rdern die Installation und Nachr\u00fcstung von\u00a0energieeffiziente Pumpen, wenn sie dem Heizen und der Warmwasserbereitung von Geb\u00e4uden oder der Zuf\u00fchrung in ein W\u00e4rmenetz dienen. Erf\u00fcllen die Anlagen bestimmte technische Mindestanforderungen, k\u00f6nnen bis zu 35 Prozent der Kosten bezuschusst werden. Auch f\u00fcr gewerbliche Kunden bieten Staat und \u00f6rtliche Energieversorger spezielle Programme an, so dass sich f\u00fcr Unternehmen und kommerzielle Vermieter der Umstieg auf\u00a0energieeffiziente Pumpen\u00a0ebenfalls lohnt.<br \/><br \/>Beim umweltfreundlichen Heizen zahlt es sich aus, Verantwortung zu \u00fcbernehmen. Der moderne Umgang mit Energie ist l\u00e4ngst zu einem Erfolgsfaktor f\u00fcr alle Beteiligten geworden, sowohl f\u00fcr Verbraucher und Unternehmen als auch f\u00fcr Energieversorger und nat\u00fcrlich f\u00fcr die Umwelt.\u00a0Energieeffiziente Pumpen\u00a0sorgen f\u00fcr eine erhebliche Einsparung von Kosten f\u00fcr Heizung und Warmwasser und leisten einen gro\u00dfen Beitrag zur Verhinderung des Klimawandels, denn sie reduzieren den Aussto\u00df von Schadstoffen und CO2.<\/div><\/div><\/div>\t\t\t\t\t\t<\/div>\n\t\t\t\t<\/div>\n\t\t\t\t<div class=\"elementor-element elementor-element-e412efb elementor-widget elementor-widget-spacer\" data-id=\"e412efb\" data-element_type=\"widget\" data-widget_type=\"spacer.default\">\n\t\t\t\t<div class=\"elementor-widget-container\">\n\t\t\t\t\t<div class=\"elementor-spacer\">\n\t\t\t<div class=\"elementor-spacer-inner\"><\/div>\n\t\t<\/div>\n\t\t\t\t<\/div>\n\t\t\t\t<\/div>\n\t\t\t\t\t<\/div>\n\t\t<\/div>\n\t\t\t\t\t<\/div>\n\t\t<\/section>\n\t\t\t\t<\/div>","protected":false},"excerpt":{"rendered":"<p>Energieeffiziente Pumpen &#8211; GEKO Pumpen Die GEKO Pumpen GmbH tr\u00e4gt bei der Entwicklung und Herstellung ihrer energieeffizienten Pumpen aktiv und nachhaltig zum Umweltschutz bei. Um dem stetig steigenden Energiebedarf entgegenzuwirken, haben unsere Entwicklungsingenieure in den letzten Jahren systematisch die Pumpen hinsichtlich der geforderten Energieeinsparungen verbessert: Durch die folgenden Ma\u00dfnahmen wurde der Wirkungsgrad im Vergleich zu [&hellip;]<\/p>","protected":false},"author":1,"featured_media":0,"parent":0,"menu_order":0,"comment_status":"closed","ping_status":"closed","template":"","meta":{"_seopress_robots_primary_cat":"","_seopress_titles_title":"","_seopress_titles_desc":"","_seopress_robots_index":"","footnotes":""},"class_list":["post-13","page","type-page","status-publish","hentry"],"_links":{"self":[{"href":"https:\/\/geko-pumpen.de\/en\/wp-json\/wp\/v2\/pages\/13","targetHints":{"allow":["GET"]}}],"collection":[{"href":"https:\/\/geko-pumpen.de\/en\/wp-json\/wp\/v2\/pages"}],"about":[{"href":"https:\/\/geko-pumpen.de\/en\/wp-json\/wp\/v2\/types\/page"}],"author":[{"embeddable":true,"href":"https:\/\/geko-pumpen.de\/en\/wp-json\/wp\/v2\/users\/1"}],"replies":[{"embeddable":true,"href":"https:\/\/geko-pumpen.de\/en\/wp-json\/wp\/v2\/comments?post=13"}],"version-history":[{"count":15,"href":"https:\/\/geko-pumpen.de\/en\/wp-json\/wp\/v2\/pages\/13\/revisions"}],"predecessor-version":[{"id":502,"href":"https:\/\/geko-pumpen.de\/en\/wp-json\/wp\/v2\/pages\/13\/revisions\/502"}],"wp:attachment":[{"href":"https:\/\/geko-pumpen.de\/en\/wp-json\/wp\/v2\/media?parent=13"}],"curies":[{"name":"wp","href":"https:\/\/api.w.org\/{rel}","templated":true}]}}