{"id":10,"date":"2021-05-02T19:52:07","date_gmt":"2021-05-02T17:52:07","guid":{"rendered":"https:\/\/geko.osa-essen.de\/blockpumpen\/"},"modified":"2022-07-26T11:56:31","modified_gmt":"2022-07-26T09:56:31","slug":"blockpumpen","status":"publish","type":"page","link":"https:\/\/geko-pumpen.de\/en\/blockpumpen\/","title":{"rendered":"Close coupled pumps"},"content":{"rendered":"<div data-elementor-type=\"wp-page\" data-elementor-id=\"10\" class=\"elementor elementor-10\">\n\t\t\t\t\t\t<section class=\"elementor-section elementor-top-section elementor-element elementor-element-a244d65 elementor-section-boxed elementor-section-height-default elementor-section-height-default\" data-id=\"a244d65\" data-element_type=\"section\">\n\t\t\t\t\t\t<div class=\"elementor-container elementor-column-gap-default\">\n\t\t\t\t\t<div class=\"elementor-column elementor-col-100 elementor-top-column elementor-element elementor-element-ef2dd24\" data-id=\"ef2dd24\" data-element_type=\"column\">\n\t\t\t<div class=\"elementor-widget-wrap elementor-element-populated\">\n\t\t\t\t\t\t<div class=\"elementor-element elementor-element-218a950 elementor-widget elementor-widget-text-editor\" data-id=\"218a950\" data-element_type=\"widget\" data-widget_type=\"text-editor.default\">\n\t\t\t\t<div class=\"elementor-widget-container\">\n\t\t\t\t\t\t\t\n<div class=\"col\">\n<h1>Close coupled pumps<\/h1>\n<\/div>\t\t\t\t\t\t<\/div>\n\t\t\t\t<\/div>\n\t\t\t\t\t<\/div>\n\t\t<\/div>\n\t\t\t\t\t<\/div>\n\t\t<\/section>\n\t\t\t\t<section class=\"elementor-section elementor-top-section elementor-element elementor-element-aec46dc elementor-section-boxed elementor-section-height-default elementor-section-height-default elementor-invisible\" data-id=\"aec46dc\" data-element_type=\"section\" data-settings=\"{&quot;animation&quot;:&quot;fadeInUp&quot;,&quot;animation_delay&quot;:150}\">\n\t\t\t\t\t\t<div class=\"elementor-container elementor-column-gap-default\">\n\t\t\t\t\t<div class=\"elementor-column elementor-col-50 elementor-top-column elementor-element elementor-element-41c1e3b\" data-id=\"41c1e3b\" data-element_type=\"column\">\n\t\t\t<div class=\"elementor-widget-wrap elementor-element-populated\">\n\t\t\t\t\t\t<div class=\"elementor-element elementor-element-68bed24 elementor-widget elementor-widget-text-editor\" data-id=\"68bed24\" data-element_type=\"widget\" data-widget_type=\"text-editor.default\">\n\t\t\t\t<div class=\"elementor-widget-container\">\n\t\t\t\t\t\t\t<div class=\"col large-6\"><p><b>Close coupled pumps Type GEKOBLOCK BM with magnetic drive\u00a0<\/b><\/p><p class=\" translation-block\">In case of the modular concept, both pumps with a bear-shaft and ones with a block-type design can be used, and they are moreover interchangeable. Additionally we have the possibility to deliver pumps which are equivalent to the old QVF-pumps.<\/p><p class=\" translation-block\">Neben Normpumpen f\u00fchren wir die Blockpumpe&nbsp;<strong>Typ GEKOBLOCK BM<\/strong>. Die&nbsp;<strong>Normpumpenbaureihe NM<\/strong>&nbsp;ist selbstverst\u00e4ndlich auch in Blockausf\u00fchrung mit Magnetantrieb lieferbar.<\/p><\/div><div class=\"col large-6\"><p class=\" translation-block\">Au\u00dferdem sind die Pumpen in Blockausf\u00fchrung auch als&nbsp;<strong>Kleinkreiselpumpe erh\u00e4ltlich<\/strong>.<\/p><p>Durch das modulare Pumpenkonzept k\u00f6nnen die Pumpen in Prozessbauweise au\u00dferdem als Blockpumpe BM eingesetzt werden.<\/p><p>Zus\u00e4tzlich besteht die M\u00f6glichkeit, bau- und leistungsgleiche Pumpen zur ehemaligen\u00a0<strong>QVF-Pumpenbaureihe<\/strong>\u00a0auszuliefern.<\/p><\/div>\t\t\t\t\t\t<\/div>\n\t\t\t\t<\/div>\n\t\t\t\t\t<\/div>\n\t\t<\/div>\n\t\t\t\t<div class=\"elementor-column elementor-col-50 elementor-top-column elementor-element elementor-element-b266f8a\" data-id=\"b266f8a\" data-element_type=\"column\">\n\t\t\t<div class=\"elementor-widget-wrap elementor-element-populated\">\n\t\t\t\t\t\t<div class=\"elementor-element elementor-element-28a79bb elementor-widget elementor-widget-image\" data-id=\"28a79bb\" data-element_type=\"widget\" data-widget_type=\"image.default\">\n\t\t\t\t<div class=\"elementor-widget-container\">\n\t\t\t\t\t\t\t\t\t\t\t\t\t<img fetchpriority=\"high\" decoding=\"async\" width=\"363\" height=\"357\" src=\"https:\/\/geko-pumpen.de\/wp-content\/uploads\/2021\/05\/blockpumpen.jpg\" class=\"attachment-large size-large wp-image-58\" alt=\"\" srcset=\"https:\/\/geko-pumpen.de\/wp-content\/uploads\/2021\/05\/blockpumpen.jpg 363w, https:\/\/geko-pumpen.de\/wp-content\/uploads\/2021\/05\/blockpumpen-300x295.jpg 300w\" sizes=\"(max-width: 363px) 100vw, 363px\" \/>\t\t\t\t\t\t\t\t\t\t\t\t\t<\/div>\n\t\t\t\t<\/div>\n\t\t\t\t\t<\/div>\n\t\t<\/div>\n\t\t\t\t\t<\/div>\n\t\t<\/section>\n\t\t\t\t<section class=\"elementor-section elementor-top-section elementor-element elementor-element-15fb8e0 elementor-section-stretched elementor-section-boxed elementor-section-height-default elementor-section-height-default elementor-invisible\" data-id=\"15fb8e0\" data-element_type=\"section\" data-settings=\"{&quot;animation&quot;:&quot;fadeInUp&quot;,&quot;animation_delay&quot;:150,&quot;stretch_section&quot;:&quot;section-stretched&quot;,&quot;background_background&quot;:&quot;classic&quot;}\">\n\t\t\t\t\t\t<div class=\"elementor-container elementor-column-gap-default\">\n\t\t\t\t\t<div class=\"elementor-column elementor-col-100 elementor-top-column elementor-element elementor-element-4996963\" data-id=\"4996963\" data-element_type=\"column\">\n\t\t\t<div class=\"elementor-widget-wrap elementor-element-populated\">\n\t\t\t\t\t\t<div class=\"elementor-element elementor-element-ca24512 elementor-widget elementor-widget-spacer\" data-id=\"ca24512\" data-element_type=\"widget\" data-widget_type=\"spacer.default\">\n\t\t\t\t<div class=\"elementor-widget-container\">\n\t\t\t\t\t<div class=\"elementor-spacer\">\n\t\t\t<div class=\"elementor-spacer-inner\"><\/div>\n\t\t<\/div>\n\t\t\t\t<\/div>\n\t\t\t\t<\/div>\n\t\t\t\t<div class=\"elementor-element elementor-element-d7b238a elementor-widget elementor-widget-text-editor\" data-id=\"d7b238a\" data-element_type=\"widget\" data-widget_type=\"text-editor.default\">\n\t\t\t\t<div class=\"elementor-widget-container\">\n\t\t\t\t\t\t\t<div class=\"col\"><div class=\"col\"><h2>Wodurch zeichnen sich die Kreiselpumpen Typ GEKONORM NM mit Magnetantrieb aus?<\/h2><\/div><div class=\"col large-6\"><p class=\" translation-block\">Transporting highly aggressive, dangerous liquids safely and without leaks - the sealless and highly corrosion-resistant GEKONORM magnetic centrifugal pump makes it possible. This model is a PRFE \/ PFA-lined chemical centrifugal pump that meets the performance requirements of DIN EN 22858. The liquids conveyed come into contact with the materials PTFE, PFA, zirconium oxide and silicon carbide (SiC).<\/p><b>Information on the construction:<\/b><p class=\" translation-block\">The single-stage, hermetically sealed centrifugal pump with magnetic drive, which is alternatively available in block design, has a closed impeller with PTFE blades, which are arranged on a shaft made of SiC. This shaft is supported twice by SiC plain bearings. The containment shell is made of carbon fiber composite material (CFRP), PTFE-lined or made of zirconium oxide. Optimally designed, precise thrust bearings compensate for the axial thrust. A pump shaft prevents suboptimal dry running.<\/p><\/div><\/div>\t\t\t\t\t\t<\/div>\n\t\t\t\t<\/div>\n\t\t\t\t<div class=\"elementor-element elementor-element-784914f elementor-widget elementor-widget-spacer\" data-id=\"784914f\" data-element_type=\"widget\" data-widget_type=\"spacer.default\">\n\t\t\t\t<div class=\"elementor-widget-container\">\n\t\t\t\t\t<div class=\"elementor-spacer\">\n\t\t\t<div class=\"elementor-spacer-inner\"><\/div>\n\t\t<\/div>\n\t\t\t\t<\/div>\n\t\t\t\t<\/div>\n\t\t\t\t\t<\/div>\n\t\t<\/div>\n\t\t\t\t\t<\/div>\n\t\t<\/section>\n\t\t\t\t<section class=\"elementor-section elementor-top-section elementor-element elementor-element-2ac9ffe elementor-section-boxed elementor-section-height-default elementor-section-height-default elementor-invisible\" data-id=\"2ac9ffe\" data-element_type=\"section\" data-settings=\"{&quot;animation&quot;:&quot;fadeInUp&quot;,&quot;animation_delay&quot;:150}\">\n\t\t\t\t\t\t<div class=\"elementor-container elementor-column-gap-default\">\n\t\t\t\t\t<div class=\"elementor-column elementor-col-100 elementor-top-column elementor-element elementor-element-bbd0862\" data-id=\"bbd0862\" data-element_type=\"column\">\n\t\t\t<div class=\"elementor-widget-wrap elementor-element-populated\">\n\t\t\t\t\t\t<div class=\"elementor-element elementor-element-4fc6a5b elementor-widget elementor-widget-spacer\" data-id=\"4fc6a5b\" data-element_type=\"widget\" data-widget_type=\"spacer.default\">\n\t\t\t\t<div class=\"elementor-widget-container\">\n\t\t\t\t\t<div class=\"elementor-spacer\">\n\t\t\t<div class=\"elementor-spacer-inner\"><\/div>\n\t\t<\/div>\n\t\t\t\t<\/div>\n\t\t\t\t<\/div>\n\t\t\t\t<div class=\"elementor-element elementor-element-4b1b9f7 elementor-widget elementor-widget-text-editor\" data-id=\"4b1b9f7\" data-element_type=\"widget\" data-widget_type=\"text-editor.default\">\n\t\t\t\t<div class=\"elementor-widget-container\">\n\t\t\t\t\t\t\t<div class=\"col\"><div class=\"col\"><div class=\"col\"><div class=\"col\"><div class=\"col\"><h3>Difference between standard and block pumps<\/h3><p class=\" translation-block\">In principle, standard and block pumps are equally powerful. Since the block pump works without a coupling in contrast to the standard pump, it is more compact and space-saving to install.<\/p><p class=\" translation-block\">Do you have any questions about our block pumps or would you like to discuss a specific order with us? Then we look forward to your inquiry by phone, email or. We will advise you in detail and offer you the right pump for your specific area of \u200b\u200bapplication.<\/p><p>Unsere L\u00f6sungen werden Sie \u00fcberzeugen.<\/p><\/div><\/div><\/div><\/div><\/div>\t\t\t\t\t\t<\/div>\n\t\t\t\t<\/div>\n\t\t\t\t<div class=\"elementor-element elementor-element-f9a3046 elementor-widget elementor-widget-text-editor\" data-id=\"f9a3046\" data-element_type=\"widget\" data-widget_type=\"text-editor.default\">\n\t\t\t\t<div class=\"elementor-widget-container\">\n\t\t\t\t\t\t\t<p>Further informations you will find in section\u00a0<a title=\"Downloads der GEKO Pumpen GmbH in Eltville am Rhein\" href=\"https:\/\/geko-pumpen.de\/en\/downloads\/\">Downloads<\/a>.<\/p>\t\t\t\t\t\t<\/div>\n\t\t\t\t<\/div>\n\t\t\t\t<div class=\"elementor-element elementor-element-4465f68 elementor-widget elementor-widget-spacer\" data-id=\"4465f68\" data-element_type=\"widget\" data-widget_type=\"spacer.default\">\n\t\t\t\t<div class=\"elementor-widget-container\">\n\t\t\t\t\t<div class=\"elementor-spacer\">\n\t\t\t<div class=\"elementor-spacer-inner\"><\/div>\n\t\t<\/div>\n\t\t\t\t<\/div>\n\t\t\t\t<\/div>\n\t\t\t\t<div class=\"elementor-element elementor-element-3a3aa4a elementor-widget elementor-widget-text-editor\" data-id=\"3a3aa4a\" data-element_type=\"widget\" data-widget_type=\"text-editor.default\">\n\t\t\t\t<div class=\"elementor-widget-container\">\n\t\t\t\t\t\t\t<div class=\"col\"><div class=\"col\"><div class=\"col\"><div class=\"col\"><div class=\"col\"><p><b>Close coupled pumps<\/b><\/p><h3>\u00a0<\/h3><div><div class=\"preview\">Blockpumpen\u00a0kommen in der Industrie und in der Landwirtschaft \u00fcberall dort zum Einsatz, wo verschiedene Medien gef\u00f6rdert oder transportiert werden m\u00fcssen. Sie sind in fast jeder Anlage der Dreh- und Angelpunkt und werden entweder direkt oder auch mit einer Antriebswelle angetrieben. F\u00fcr die verschiedenen Einsatzm\u00f6glichkeiten bieten die Hersteller Standardpumpen oder auch sogenannte Hocheffizienzpumpen an. Die\u00a0Blockpumpen\u00a0sind je nach Medientyp f\u00fcr Temperaturen von -25 bis +140 \u00b0C ausgelegt. F\u00fcr diese verschiedenen Temperaturbereiche und Medien sind in die Pumpen hochwertige Gleitringdichtungen eingebaut. Je nach der Verwendung der\u00a0Blockpumpen\u00a0bestehen die Dichtungen aus einer Kohle- und Siliziumkarbid-Verbindung. Eine Siliziumkarbid- \/Siliziumkarbid-Verbindung auf den Dichtfl\u00e4chen kommt ebenfalls oft zum Einsatz.<br \/><br \/>Bei\u00a0Blockpumpen\u00a0handelt es sich meist um einstufige Kreiselpumpen<br \/><br \/>Werden\u00a0Blockpumpen\u00a0in Ein- oder Mehrfamilienh\u00e4usern genutzt, sind sie zum Beispiel in der Wasserversorgung, in der Druckerh\u00f6hung, in der Fl\u00fcssigkeitsf\u00f6rderung oder in der Bew\u00e4sserung angeschlossen. Die Nutzung der effizienten Pumpen in Heizung, Klima, L\u00fcftung oder K\u00e4lte ist ebenfalls ohne Weiteres m\u00f6glich. Bei den\u00a0Blockpumpen\u00a0handelt es sich je nach Hersteller um normalsaugende, einstufige Kreiselpumpen mit Spiralgeh\u00e4use, die mit einem axial ausgerichteten Saugstutzen ausgestattet sind. Die Pumpen haben einen radialen Druckstutzen und eine waagerechte Welle. F\u00fcr den Dauerbetrieb sind die Pumpen statisch ausgewuchtet. F\u00fcr die Laufr\u00e4der z\u00e4hlt bei vielen\u00a0Blockpumpen\u00a0ein hydraulischer Axialschub zur Ausstattung.<br \/><br \/>Eine Blockpumpe ben\u00f6tigt f\u00fcr den Betrieb ein stabiles Fundament<br \/><br \/>Beim Betrieb von\u00a0Blockpumpen\u00a0treten bei der F\u00f6rderung verschiedene Krafteinwirkungen auf. St\u00f6\u00dfe und Vibrationen sind ebenfalls m\u00f6glich. Die Pumpen m\u00fcssen daher auf einem stabilen Fundament aus Beton montiert werden, das darauf ausgelegt ist, die gesamte Konstruktion dauerhaft zu tragen. Die Experten geben als Faustregel an, dass das Fundament etwa 1,5-mal so schwer sein soll wie die Pumpe. Damit ein ordnungsgem\u00e4\u00dfer Betrieb m\u00f6glich ist, m\u00fcssen zwischen dem Fundament und dem Unterbau der Pumpe geeignete Schwingungsd\u00e4mpfer installiert werden. Viele Hersteller bieten f\u00fcr den Einbau ihrer\u00a0Blockpumpen\u00a0einen Grundrahmen an, der den Einbau erleichtert.<\/div><\/div><\/div><\/div><\/div><\/div><\/div>\t\t\t\t\t\t<\/div>\n\t\t\t\t<\/div>\n\t\t\t\t\t<\/div>\n\t\t<\/div>\n\t\t\t\t\t<\/div>\n\t\t<\/section>\n\t\t\t\t<\/div>","protected":false},"excerpt":{"rendered":"<p>Blockpumpen f\u00fcr die chemische und pharmazeutische Industrie aus Eltville Wir f\u00fchren Block- und Normpumpen.\u00a0 Unsere PTFE-ausgekleideten Chemienormpumpen nach DIN EN 22858\u00a0(Atex-konform und FDA-tauglich) f\u00fcr die\u00a0chemische und pharmazeutische Industrie\u00a0sind auf der ganzen Welt im Einsatz. Neben Normpumpen f\u00fchren wir die Blockpumpe\u00a0Typ GEKOBLOCK BM. Die\u00a0Normpumpenbaureihe NM\u00a0ist selbstverst\u00e4ndlich auch in Blockausf\u00fchrung mit Magnetantrieb lieferbar. Au\u00dferdem sind die Pumpen [&hellip;]<\/p>","protected":false},"author":1,"featured_media":0,"parent":0,"menu_order":0,"comment_status":"closed","ping_status":"closed","template":"","meta":{"_seopress_robots_primary_cat":"","_seopress_titles_title":"","_seopress_titles_desc":"","_seopress_robots_index":"","footnotes":""},"class_list":["post-10","page","type-page","status-publish","hentry"],"_links":{"self":[{"href":"https:\/\/geko-pumpen.de\/en\/wp-json\/wp\/v2\/pages\/10","targetHints":{"allow":["GET"]}}],"collection":[{"href":"https:\/\/geko-pumpen.de\/en\/wp-json\/wp\/v2\/pages"}],"about":[{"href":"https:\/\/geko-pumpen.de\/en\/wp-json\/wp\/v2\/types\/page"}],"author":[{"embeddable":true,"href":"https:\/\/geko-pumpen.de\/en\/wp-json\/wp\/v2\/users\/1"}],"replies":[{"embeddable":true,"href":"https:\/\/geko-pumpen.de\/en\/wp-json\/wp\/v2\/comments?post=10"}],"version-history":[{"count":18,"href":"https:\/\/geko-pumpen.de\/en\/wp-json\/wp\/v2\/pages\/10\/revisions"}],"predecessor-version":[{"id":516,"href":"https:\/\/geko-pumpen.de\/en\/wp-json\/wp\/v2\/pages\/10\/revisions\/516"}],"wp:attachment":[{"href":"https:\/\/geko-pumpen.de\/en\/wp-json\/wp\/v2\/media?parent=10"}],"curies":[{"name":"wp","href":"https:\/\/api.w.org\/{rel}","templated":true}]}}